{"id":112,"date":"2013-08-30T11:59:55","date_gmt":"2013-08-30T15:59:55","guid":{"rendered":"http:\/\/www.superiorswimtiming.com\/SwimFast\/?page_id=112"},"modified":"2021-04-14T13:25:49","modified_gmt":"2021-04-14T17:25:49","slug":"screenshots","status":"publish","type":"page","link":"https:\/\/sa.ssttiming.com\/es\/timing-software\/screenshots\/","title":{"rendered":"Capturas de tela"},"content":{"rendered":"<p>(Clique para ampliar):<\/p>\n<p>&nbsp;<\/p>\n<p>Placar de proje\u00e7\u00e3o &#8211;<\/p>\n<p><a href=\"\/wp-content\/uploads\/2016\/11\/projection-scoreboard-fixed-1.jpg\" rel=\"wp-prettyPhoto[112]\"><img loading=\"lazy\" class=\"alignnone wp-image-351 size-large\" src=\"\/wp-content\/uploads\/2016\/11\/projection-scoreboard-fixed-1-1024x597.jpg\" alt=\"\" width=\"600\" height=\"350\" srcset=\"https:\/\/sa.ssttiming.com\/wp-content\/uploads\/2016\/11\/projection-scoreboard-fixed-1-1024x597.jpg 1024w, https:\/\/sa.ssttiming.com\/wp-content\/uploads\/2016\/11\/projection-scoreboard-fixed-1-300x175.jpg 300w, https:\/\/sa.ssttiming.com\/wp-content\/uploads\/2016\/11\/projection-scoreboard-fixed-1-768x448.jpg 768w, https:\/\/sa.ssttiming.com\/wp-content\/uploads\/2016\/11\/projection-scoreboard-fixed-1.jpg 1382w\" sizes=\"(max-width: 600px) 100vw, 600px\" \/><\/a><\/p>\n<p>&nbsp;<\/p>\n<p><a href=\"\/wp-content\/uploads\/2013\/08\/SP32-20130912-094141.gif\" rel=\"wp-prettyPhoto[112]\"><img loading=\"lazy\" class=\"alignnone wp-image-166 size-large\" src=\"\/wp-content\/uploads\/2013\/08\/SP32-20130912-094141-1024x595.gif\" alt=\"\" width=\"600\" height=\"349\" srcset=\"https:\/\/sa.ssttiming.com\/wp-content\/uploads\/2013\/08\/SP32-20130912-094141-1024x595.gif 1024w, https:\/\/sa.ssttiming.com\/wp-content\/uploads\/2013\/08\/SP32-20130912-094141-300x174.gif 300w\" sizes=\"(max-width: 600px) 100vw, 600px\" \/><\/a><\/p>\n<p><a href=\"\/wp-content\/uploads\/2013\/08\/web-scoreboard-screenshot.png\" rel=\"wp-prettyPhoto[112]\">\u00a0<\/a><\/p>\n<p>Configura\u00e7\u00e3o do Meet Manager &#8211; (clique para ampliar):<br \/>\n<a href=\"\/wp-content\/uploads\/2013\/08\/ScreenHunter-38.png\" rel=\"wp-prettyPhoto[112]\"><img loading=\"lazy\" class=\"alignnone wp-image-494\" src=\"\/wp-content\/uploads\/2013\/08\/ScreenHunter-38.png\" alt=\"\" width=\"470\" height=\"439\" srcset=\"https:\/\/sa.ssttiming.com\/wp-content\/uploads\/2013\/08\/ScreenHunter-38.png 595w, https:\/\/sa.ssttiming.com\/wp-content\/uploads\/2013\/08\/ScreenHunter-38-300x280.png 300w\" sizes=\"(max-width: 470px) 100vw, 470px\" \/><\/a><\/p>\n<p>P\u00e1ginas de configura\u00e7\u00e3o SST &#8211; (clique para ampliar):<\/p>\n<p><a href=\"\/wp-content\/uploads\/2017\/11\/ScreenHunter-14.png\" rel=\"wp-prettyPhoto[112]\"><img loading=\"lazy\" class=\"alignnone wp-image-485\" src=\"\/wp-content\/uploads\/2017\/11\/ScreenHunter-14.png\" alt=\"\" width=\"527\" height=\"372\" srcset=\"https:\/\/sa.ssttiming.com\/wp-content\/uploads\/2017\/11\/ScreenHunter-14.png 968w, https:\/\/sa.ssttiming.com\/wp-content\/uploads\/2017\/11\/ScreenHunter-14-300x212.png 300w, https:\/\/sa.ssttiming.com\/wp-content\/uploads\/2017\/11\/ScreenHunter-14-768x543.png 768w\" sizes=\"(max-width: 527px) 100vw, 527px\" \/><\/a><\/p>\n<p>&nbsp;<\/p>\n<p><a href=\"\/wp-content\/uploads\/2017\/11\/ScreenHunter-36.png\" rel=\"wp-prettyPhoto[112]\"><img loading=\"lazy\" class=\"alignnone wp-image-492\" src=\"\/wp-content\/uploads\/2017\/11\/ScreenHunter-36.png\" alt=\"\" width=\"527\" height=\"373\" srcset=\"https:\/\/sa.ssttiming.com\/wp-content\/uploads\/2017\/11\/ScreenHunter-36.png 966w, https:\/\/sa.ssttiming.com\/wp-content\/uploads\/2017\/11\/ScreenHunter-36-300x213.png 300w, https:\/\/sa.ssttiming.com\/wp-content\/uploads\/2017\/11\/ScreenHunter-36-768x545.png 768w\" sizes=\"(max-width: 527px) 100vw, 527px\" \/><\/a><\/p>\n<p><a href=\"\/wp-content\/uploads\/2017\/11\/ScreenHunter-16.png\" rel=\"wp-prettyPhoto[112]\"><img loading=\"lazy\" class=\"alignnone wp-image-486\" src=\"\/wp-content\/uploads\/2017\/11\/ScreenHunter-16.png\" alt=\"\" width=\"528\" height=\"373\" srcset=\"https:\/\/sa.ssttiming.com\/wp-content\/uploads\/2017\/11\/ScreenHunter-16.png 965w, https:\/\/sa.ssttiming.com\/wp-content\/uploads\/2017\/11\/ScreenHunter-16-300x212.png 300w, https:\/\/sa.ssttiming.com\/wp-content\/uploads\/2017\/11\/ScreenHunter-16-768x544.png 768w\" sizes=\"(max-width: 528px) 100vw, 528px\" \/><\/a><\/p>\n<p>&nbsp;<\/p>\n<p><a href=\"\/wp-content\/uploads\/2017\/11\/ScreenHunter-39.png\" rel=\"wp-prettyPhoto[112]\"><img loading=\"lazy\" class=\"alignnone wp-image-496\" src=\"\/wp-content\/uploads\/2017\/11\/ScreenHunter-39.png\" alt=\"\" width=\"529\" height=\"374\" srcset=\"https:\/\/sa.ssttiming.com\/wp-content\/uploads\/2017\/11\/ScreenHunter-39.png 968w, https:\/\/sa.ssttiming.com\/wp-content\/uploads\/2017\/11\/ScreenHunter-39-300x212.png 300w, https:\/\/sa.ssttiming.com\/wp-content\/uploads\/2017\/11\/ScreenHunter-39-768x543.png 768w\" sizes=\"(max-width: 529px) 100vw, 529px\" \/><\/a><\/p>\n<p><a href=\"\/wp-content\/uploads\/2017\/11\/ScreenHunter-37.png\" rel=\"wp-prettyPhoto[112]\"><img loading=\"lazy\" class=\"alignnone wp-image-491\" src=\"\/wp-content\/uploads\/2017\/11\/ScreenHunter-37-1024x579.png\" alt=\"\" width=\"536\" height=\"303\" srcset=\"https:\/\/sa.ssttiming.com\/wp-content\/uploads\/2017\/11\/ScreenHunter-37-1024x579.png 1024w, https:\/\/sa.ssttiming.com\/wp-content\/uploads\/2017\/11\/ScreenHunter-37-300x170.png 300w, https:\/\/sa.ssttiming.com\/wp-content\/uploads\/2017\/11\/ScreenHunter-37-768x434.png 768w, https:\/\/sa.ssttiming.com\/wp-content\/uploads\/2017\/11\/ScreenHunter-37.png 1370w\" sizes=\"(max-width: 536px) 100vw, 536px\" \/><\/a><\/p>\n<p>&nbsp;<\/p>\n<p>&nbsp;<\/p>\n<p>&nbsp;<\/p>\n<p>&nbsp;<\/p>\n<p><a href=\"\/wp-content\/uploads\/2013\/08\/SP32-20130912-094141.gif\" rel=\"wp-prettyPhoto[112]\">\u00a0<\/a><\/p>\n<p><a href=\"\/wp-content\/uploads\/2013\/08\/ScreenHunter_20-Mar.-09-11.48.jpg\" rel=\"wp-prettyPhoto[112]\">\u00a0<\/a><\/p>\n<p>&nbsp;<\/p>\n","protected":false},"excerpt":{"rendered":"<p>(Clique para ampliar): &nbsp; Placar de proje\u00e7\u00e3o &#8211; &nbsp; \u00a0 Configura\u00e7\u00e3o do Meet Manager &#8211; (clique para ampliar): P\u00e1ginas de configura\u00e7\u00e3o SST &#8211; (clique para ampliar): &nbsp; &nbsp; &nbsp; &nbsp; &nbsp; &nbsp; \u00a0 \u00a0 &nbsp;<\/p>","protected":false},"author":2,"featured_media":0,"parent":42,"menu_order":2,"comment_status":"closed","ping_status":"closed","template":"","meta":[],"yoast_head":"<!-- This site is optimized with the Yoast SEO plugin v18.4.1 - https:\/\/yoast.com\/wordpress\/plugins\/seo\/ -->\n<title>Capturas de tela - Superior Swim Timing<\/title>\n<meta name=\"robots\" content=\"index, follow, max-snippet:-1, max-image-preview:large, max-video-preview:-1\" \/>\n<link rel=\"canonical\" href=\"https:\/\/sa.ssttiming.com\/es\/timing-software\/screenshots\/\" \/>\n<meta property=\"og:locale\" content=\"es_ES\" \/>\n<meta property=\"og:type\" content=\"article\" \/>\n<meta property=\"og:title\" content=\"Capturas de tela - Superior Swim Timing\" \/>\n<meta property=\"og:description\" content=\"(Clique para ampliar): &nbsp; Placar de proje\u00e7\u00e3o &#8211; &nbsp; \u00a0 Configura\u00e7\u00e3o do Meet Manager &#8211; (clique para ampliar): P\u00e1ginas de configura\u00e7\u00e3o SST &#8211; (clique para ampliar): &nbsp; &nbsp; &nbsp; &nbsp; &nbsp; &nbsp; \u00a0 \u00a0 &nbsp;\" \/>\n<meta property=\"og:url\" content=\"https:\/\/sa.ssttiming.com\/es\/timing-software\/screenshots\/\" \/>\n<meta property=\"og:site_name\" content=\"Superior Swim Timing\" \/>\n<meta property=\"article:publisher\" content=\"https:\/\/www.facebook.com\/SSTTiming\/\" \/>\n<meta property=\"article:modified_time\" content=\"2021-04-14T17:25:49+00:00\" \/>\n<meta property=\"og:image\" content=\"https:\/\/sa.ssttiming.com\/wp-content\/uploads\/2016\/11\/projection-scoreboard-fixed-1-1024x597.jpg\" \/>\n<meta name=\"twitter:card\" content=\"summary\" \/>\n<meta name=\"twitter:label1\" content=\"Tiempo de lectura\" \/>\n\t<meta name=\"twitter:data1\" content=\"2 minutos\" \/>\n<script type=\"application\/ld+json\" class=\"yoast-schema-graph\">{\"@context\":\"https:\/\/schema.org\",\"@graph\":[{\"@type\":\"Organization\",\"@id\":\"https:\/\/sa.ssttiming.com\/#organization\",\"name\":\"Superior Swim Timing\",\"url\":\"https:\/\/sa.ssttiming.com\/\",\"sameAs\":[\"https:\/\/www.facebook.com\/SSTTiming\/\"],\"logo\":{\"@type\":\"ImageObject\",\"@id\":\"https:\/\/sa.ssttiming.com\/#logo\",\"inLanguage\":\"es-AR\",\"url\":\"https:\/\/sa.ssttiming.com\/wp-content\/uploads\/2013\/08\/SSTlogo1.png\",\"contentUrl\":\"https:\/\/sa.ssttiming.com\/wp-content\/uploads\/2013\/08\/SSTlogo1.png\",\"width\":893,\"height\":150,\"caption\":\"Superior Swim Timing\"},\"image\":{\"@id\":\"https:\/\/sa.ssttiming.com\/#logo\"}},{\"@type\":\"WebSite\",\"@id\":\"https:\/\/sa.ssttiming.com\/#website\",\"url\":\"https:\/\/sa.ssttiming.com\/\",\"name\":\"Superior Swim Timing\",\"description\":\"A solu\u00e7\u00e3o de tempo acess\u00edvel e com recursos completos\",\"publisher\":{\"@id\":\"https:\/\/sa.ssttiming.com\/#organization\"},\"potentialAction\":[{\"@type\":\"SearchAction\",\"target\":{\"@type\":\"EntryPoint\",\"urlTemplate\":\"https:\/\/sa.ssttiming.com\/?s={search_term_string}\"},\"query-input\":\"required name=search_term_string\"}],\"inLanguage\":\"es-AR\"},{\"@type\":\"ImageObject\",\"@id\":\"https:\/\/sa.ssttiming.com\/es\/timing-software\/screenshots\/#primaryimage\",\"inLanguage\":\"es-AR\",\"url\":\"\/wp-content\/uploads\/2016\/11\/projection-scoreboard-fixed-1-1024x597.jpg\",\"contentUrl\":\"\/wp-content\/uploads\/2016\/11\/projection-scoreboard-fixed-1-1024x597.jpg\"},{\"@type\":\"WebPage\",\"@id\":\"https:\/\/sa.ssttiming.com\/es\/timing-software\/screenshots\/#webpage\",\"url\":\"https:\/\/sa.ssttiming.com\/es\/timing-software\/screenshots\/\",\"name\":\"Capturas de tela - Superior Swim Timing\",\"isPartOf\":{\"@id\":\"https:\/\/sa.ssttiming.com\/#website\"},\"primaryImageOfPage\":{\"@id\":\"https:\/\/sa.ssttiming.com\/es\/timing-software\/screenshots\/#primaryimage\"},\"datePublished\":\"2013-08-30T15:59:55+00:00\",\"dateModified\":\"2021-04-14T17:25:49+00:00\",\"breadcrumb\":{\"@id\":\"https:\/\/sa.ssttiming.com\/es\/timing-software\/screenshots\/#breadcrumb\"},\"inLanguage\":\"es-AR\",\"potentialAction\":[{\"@type\":\"ReadAction\",\"target\":[\"https:\/\/sa.ssttiming.com\/es\/timing-software\/screenshots\/\"]}]},{\"@type\":\"BreadcrumbList\",\"@id\":\"https:\/\/sa.ssttiming.com\/es\/timing-software\/screenshots\/#breadcrumb\",\"itemListElement\":[{\"@type\":\"ListItem\",\"position\":1,\"name\":\"Home\",\"item\":\"https:\/\/sa.ssttiming.com\/\"},{\"@type\":\"ListItem\",\"position\":2,\"name\":\"Software de cronometragem\",\"item\":\"https:\/\/sa.ssttiming.com\/timing-software\/\"},{\"@type\":\"ListItem\",\"position\":3,\"name\":\"Capturas de tela\"}]}]}<\/script>\n<!-- \/ Yoast SEO plugin. -->","yoast_head_json":{"title":"Capturas de tela - Superior Swim Timing","robots":{"index":"index","follow":"follow","max-snippet":"max-snippet:-1","max-image-preview":"max-image-preview:large","max-video-preview":"max-video-preview:-1"},"canonical":"https:\/\/sa.ssttiming.com\/es\/timing-software\/screenshots\/","og_locale":"es_ES","og_type":"article","og_title":"Capturas de tela - Superior Swim Timing","og_description":"(Clique para ampliar): &nbsp; Placar de proje\u00e7\u00e3o &#8211; &nbsp; \u00a0 Configura\u00e7\u00e3o do Meet Manager &#8211; (clique para ampliar): P\u00e1ginas de configura\u00e7\u00e3o SST &#8211; (clique para ampliar): &nbsp; &nbsp; &nbsp; &nbsp; &nbsp; &nbsp; \u00a0 \u00a0 &nbsp;","og_url":"https:\/\/sa.ssttiming.com\/es\/timing-software\/screenshots\/","og_site_name":"Superior Swim Timing","article_publisher":"https:\/\/www.facebook.com\/SSTTiming\/","article_modified_time":"2021-04-14T17:25:49+00:00","og_image":[{"url":"https:\/\/sa.ssttiming.com\/wp-content\/uploads\/2016\/11\/projection-scoreboard-fixed-1-1024x597.jpg"}],"twitter_card":"summary","twitter_misc":{"Tiempo de lectura":"2 minutos"},"schema":{"@context":"https:\/\/schema.org","@graph":[{"@type":"Organization","@id":"https:\/\/sa.ssttiming.com\/#organization","name":"Tiempo de nataci\u00f3n superior","url":"https:\/\/sa.ssttiming.com\/","sameAs":["https:\/\/www.facebook.com\/SSTTiming\/"],"logo":{"@type":"ImageObject","@id":"https:\/\/sa.ssttiming.com\/#logo","inLanguage":"es-AR","url":"https:\/\/sa.ssttiming.com\/wp-content\/uploads\/2013\/08\/SSTlogo1.png","contentUrl":"https:\/\/sa.ssttiming.com\/wp-content\/uploads\/2013\/08\/SSTlogo1.png","width":893,"height":150,"caption":"Superior Swim Timing"},"image":{"@id":"https:\/\/sa.ssttiming.com\/#logo"}},{"@type":"WebSite","@id":"https:\/\/sa.ssttiming.com\/#website","url":"https:\/\/sa.ssttiming.com\/","name":"Tiempo de nataci\u00f3n superior","description":"Una soluci\u00f3n de tempo acess\u00edvel e com recursos completos","publisher":{"@id":"https:\/\/sa.ssttiming.com\/#organization"},"potentialAction":[{"@type":"SearchAction","target":{"@type":"EntryPoint","urlTemplate":"https:\/\/sa.ssttiming.com\/?s={search_term_string}"},"query-input":"required name=search_term_string"}],"inLanguage":"es-AR"},{"@type":"ImageObject","@id":"https:\/\/sa.ssttiming.com\/es\/timing-software\/screenshots\/#primaryimage","inLanguage":"es-AR","url":"\/wp-content\/uploads\/2016\/11\/projection-scoreboard-fixed-1-1024x597.jpg","contentUrl":"\/wp-content\/uploads\/2016\/11\/projection-scoreboard-fixed-1-1024x597.jpg"},{"@type":"WebPage","@id":"https:\/\/sa.ssttiming.com\/es\/timing-software\/screenshots\/#webpage","url":"https:\/\/sa.ssttiming.com\/es\/timing-software\/screenshots\/","name":"Capturas de tela - Superior Swim Timing","isPartOf":{"@id":"https:\/\/sa.ssttiming.com\/#website"},"primaryImageOfPage":{"@id":"https:\/\/sa.ssttiming.com\/es\/timing-software\/screenshots\/#primaryimage"},"datePublished":"2013-08-30T15:59:55+00:00","dateModified":"2021-04-14T17:25:49+00:00","breadcrumb":{"@id":"https:\/\/sa.ssttiming.com\/es\/timing-software\/screenshots\/#breadcrumb"},"inLanguage":"es-AR","potentialAction":[{"@type":"ReadAction","target":["https:\/\/sa.ssttiming.com\/es\/timing-software\/screenshots\/"]}]},{"@type":"BreadcrumbList","@id":"https:\/\/sa.ssttiming.com\/es\/timing-software\/screenshots\/#breadcrumb","itemListElement":[{"@type":"ListItem","position":1,"name":"Home","item":"https:\/\/sa.ssttiming.com\/"},{"@type":"ListItem","position":2,"name":"Software de cronometragem","item":"https:\/\/sa.ssttiming.com\/timing-software\/"},{"@type":"ListItem","position":3,"name":"Capturas de tela"}]}]}},"_links":{"self":[{"href":"https:\/\/sa.ssttiming.com\/es\/wp-json\/wp\/v2\/pages\/112"}],"collection":[{"href":"https:\/\/sa.ssttiming.com\/es\/wp-json\/wp\/v2\/pages"}],"about":[{"href":"https:\/\/sa.ssttiming.com\/es\/wp-json\/wp\/v2\/types\/page"}],"author":[{"embeddable":true,"href":"https:\/\/sa.ssttiming.com\/es\/wp-json\/wp\/v2\/users\/2"}],"replies":[{"embeddable":true,"href":"https:\/\/sa.ssttiming.com\/es\/wp-json\/wp\/v2\/comments?post=112"}],"version-history":[{"count":24,"href":"https:\/\/sa.ssttiming.com\/es\/wp-json\/wp\/v2\/pages\/112\/revisions"}],"predecessor-version":[{"id":807,"href":"https:\/\/sa.ssttiming.com\/es\/wp-json\/wp\/v2\/pages\/112\/revisions\/807"}],"up":[{"embeddable":true,"href":"https:\/\/sa.ssttiming.com\/es\/wp-json\/wp\/v2\/pages\/42"}],"wp:attachment":[{"href":"https:\/\/sa.ssttiming.com\/es\/wp-json\/wp\/v2\/media?parent=112"}],"curies":[{"name":"wp","href":"https:\/\/api.w.org\/{rel}","templated":true}]}}