{"id":139,"date":"2013-09-11T17:13:35","date_gmt":"2013-09-11T21:13:35","guid":{"rendered":"http:\/\/www.superiorswimtiming.com\/SwimFast\/?page_id=139"},"modified":"2021-04-14T13:53:02","modified_gmt":"2021-04-14T17:53:02","slug":"technical-specs","status":"publish","type":"page","link":"https:\/\/sa.ssttiming.com\/es\/pad-interface\/technical-specs\/","title":{"rendered":"Especificaciones t\u00e9cnicas"},"content":{"rendered":"<p>Configura\u00e7\u00f5es de computador e sistema de cronometragem recomendadas:<\/p>\n<p>Clique para ampliar<\/p>\n<div id=\"attachment_605\" style=\"width: 1323px\" class=\"wp-caption alignnone\"><a href=\"\/wp-content\/uploads\/2018\/10\/SST-configurations.bmp\" rel=\"wp-prettyPhoto[139]\"><img aria-describedby=\"caption-attachment-605\" loading=\"lazy\" class=\"wp-image-605\" src=\"\/wp-content\/uploads\/2018\/10\/SST-configurations.bmp\" alt=\"\" width=\"1313\" height=\"839\" \/><\/a><p id=\"caption-attachment-605\" class=\"wp-caption-text\">Clique para ampliar<\/p><\/div>\n","protected":false},"excerpt":{"rendered":"<p>Configura\u00e7\u00f5es de computador e sistema de cronometragem recomendadas: Clique para ampliar<\/p>","protected":false},"author":2,"featured_media":0,"parent":72,"menu_order":0,"comment_status":"closed","ping_status":"closed","template":"","meta":[],"yoast_head":"<!-- This site is optimized with the Yoast SEO plugin v18.4.1 - https:\/\/yoast.com\/wordpress\/plugins\/seo\/ -->\n<title>Especifica\u00e7\u00f5es t\u00e9cnicas - Superior Swim Timing<\/title>\n<meta name=\"robots\" content=\"index, follow, max-snippet:-1, max-image-preview:large, max-video-preview:-1\" \/>\n<link rel=\"canonical\" href=\"https:\/\/sa.ssttiming.com\/es\/pad-interface\/technical-specs\/\" \/>\n<meta property=\"og:locale\" content=\"es_ES\" \/>\n<meta property=\"og:type\" content=\"article\" \/>\n<meta property=\"og:title\" content=\"Especifica\u00e7\u00f5es t\u00e9cnicas - Superior Swim Timing\" \/>\n<meta property=\"og:description\" content=\"Configura\u00e7\u00f5es de computador e sistema de cronometragem recomendadas: Clique para ampliar\" \/>\n<meta property=\"og:url\" content=\"https:\/\/sa.ssttiming.com\/es\/pad-interface\/technical-specs\/\" \/>\n<meta property=\"og:site_name\" content=\"Superior Swim Timing\" \/>\n<meta property=\"article:publisher\" content=\"https:\/\/www.facebook.com\/SSTTiming\/\" \/>\n<meta property=\"article:modified_time\" content=\"2021-04-14T17:53:02+00:00\" \/>\n<meta property=\"og:image\" content=\"https:\/\/sa.ssttiming.com\/wp-content\/uploads\/2018\/10\/SST-configurations.bmp\" \/>\n<meta name=\"twitter:card\" content=\"summary\" \/>\n<meta name=\"twitter:label1\" content=\"Tiempo de lectura\" \/>\n\t<meta name=\"twitter:data1\" content=\"1 minuto\" \/>\n<script type=\"application\/ld+json\" class=\"yoast-schema-graph\">{\"@context\":\"https:\/\/schema.org\",\"@graph\":[{\"@type\":\"Organization\",\"@id\":\"https:\/\/sa.ssttiming.com\/#organization\",\"name\":\"Superior Swim Timing\",\"url\":\"https:\/\/sa.ssttiming.com\/\",\"sameAs\":[\"https:\/\/www.facebook.com\/SSTTiming\/\"],\"logo\":{\"@type\":\"ImageObject\",\"@id\":\"https:\/\/sa.ssttiming.com\/#logo\",\"inLanguage\":\"es-AR\",\"url\":\"https:\/\/sa.ssttiming.com\/wp-content\/uploads\/2013\/08\/SSTlogo1.png\",\"contentUrl\":\"https:\/\/sa.ssttiming.com\/wp-content\/uploads\/2013\/08\/SSTlogo1.png\",\"width\":893,\"height\":150,\"caption\":\"Superior Swim Timing\"},\"image\":{\"@id\":\"https:\/\/sa.ssttiming.com\/#logo\"}},{\"@type\":\"WebSite\",\"@id\":\"https:\/\/sa.ssttiming.com\/#website\",\"url\":\"https:\/\/sa.ssttiming.com\/\",\"name\":\"Superior Swim Timing\",\"description\":\"A solu\u00e7\u00e3o de tempo acess\u00edvel e com recursos completos\",\"publisher\":{\"@id\":\"https:\/\/sa.ssttiming.com\/#organization\"},\"potentialAction\":[{\"@type\":\"SearchAction\",\"target\":{\"@type\":\"EntryPoint\",\"urlTemplate\":\"https:\/\/sa.ssttiming.com\/?s={search_term_string}\"},\"query-input\":\"required name=search_term_string\"}],\"inLanguage\":\"es-AR\"},{\"@type\":\"ImageObject\",\"@id\":\"https:\/\/sa.ssttiming.com\/es\/pad-interface\/technical-specs\/#primaryimage\",\"inLanguage\":\"es-AR\",\"url\":\"\/wp-content\/uploads\/2018\/10\/SST-configurations.bmp\",\"contentUrl\":\"\/wp-content\/uploads\/2018\/10\/SST-configurations.bmp\"},{\"@type\":\"WebPage\",\"@id\":\"https:\/\/sa.ssttiming.com\/es\/pad-interface\/technical-specs\/#webpage\",\"url\":\"https:\/\/sa.ssttiming.com\/es\/pad-interface\/technical-specs\/\",\"name\":\"Especifica\u00e7\u00f5es t\u00e9cnicas - Superior Swim Timing\",\"isPartOf\":{\"@id\":\"https:\/\/sa.ssttiming.com\/#website\"},\"primaryImageOfPage\":{\"@id\":\"https:\/\/sa.ssttiming.com\/es\/pad-interface\/technical-specs\/#primaryimage\"},\"datePublished\":\"2013-09-11T21:13:35+00:00\",\"dateModified\":\"2021-04-14T17:53:02+00:00\",\"breadcrumb\":{\"@id\":\"https:\/\/sa.ssttiming.com\/es\/pad-interface\/technical-specs\/#breadcrumb\"},\"inLanguage\":\"es-AR\",\"potentialAction\":[{\"@type\":\"ReadAction\",\"target\":[\"https:\/\/sa.ssttiming.com\/es\/pad-interface\/technical-specs\/\"]}]},{\"@type\":\"BreadcrumbList\",\"@id\":\"https:\/\/sa.ssttiming.com\/es\/pad-interface\/technical-specs\/#breadcrumb\",\"itemListElement\":[{\"@type\":\"ListItem\",\"position\":1,\"name\":\"Home\",\"item\":\"https:\/\/sa.ssttiming.com\/\"},{\"@type\":\"ListItem\",\"position\":2,\"name\":\"Interface de Pad\",\"item\":\"https:\/\/sa.ssttiming.com\/es\/pad-interface\/\"},{\"@type\":\"ListItem\",\"position\":3,\"name\":\"Especifica\u00e7\u00f5es t\u00e9cnicas\"}]}]}<\/script>\n<!-- \/ Yoast SEO plugin. -->","yoast_head_json":{"title":"Especifica\u00e7\u00f5es t\u00e9cnicas - Superior Swim Timing","robots":{"index":"index","follow":"follow","max-snippet":"max-snippet:-1","max-image-preview":"max-image-preview:large","max-video-preview":"max-video-preview:-1"},"canonical":"https:\/\/sa.ssttiming.com\/es\/pad-interface\/technical-specs\/","og_locale":"es_ES","og_type":"article","og_title":"Especifica\u00e7\u00f5es t\u00e9cnicas - Superior Swim Timing","og_description":"Configura\u00e7\u00f5es de computador e sistema de cronometragem recomendadas: Clique para ampliar","og_url":"https:\/\/sa.ssttiming.com\/es\/pad-interface\/technical-specs\/","og_site_name":"Superior Swim Timing","article_publisher":"https:\/\/www.facebook.com\/SSTTiming\/","article_modified_time":"2021-04-14T17:53:02+00:00","og_image":[{"url":"https:\/\/sa.ssttiming.com\/wp-content\/uploads\/2018\/10\/SST-configurations.bmp"}],"twitter_card":"summary","twitter_misc":{"Tiempo de lectura":"1 minuto"},"schema":{"@context":"https:\/\/schema.org","@graph":[{"@type":"Organization","@id":"https:\/\/sa.ssttiming.com\/#organization","name":"Tiempo de nataci\u00f3n superior","url":"https:\/\/sa.ssttiming.com\/","sameAs":["https:\/\/www.facebook.com\/SSTTiming\/"],"logo":{"@type":"ImageObject","@id":"https:\/\/sa.ssttiming.com\/#logo","inLanguage":"es-AR","url":"https:\/\/sa.ssttiming.com\/wp-content\/uploads\/2013\/08\/SSTlogo1.png","contentUrl":"https:\/\/sa.ssttiming.com\/wp-content\/uploads\/2013\/08\/SSTlogo1.png","width":893,"height":150,"caption":"Superior Swim Timing"},"image":{"@id":"https:\/\/sa.ssttiming.com\/#logo"}},{"@type":"WebSite","@id":"https:\/\/sa.ssttiming.com\/#website","url":"https:\/\/sa.ssttiming.com\/","name":"Tiempo de nataci\u00f3n superior","description":"Una soluci\u00f3n de tempo acess\u00edvel e com recursos completos","publisher":{"@id":"https:\/\/sa.ssttiming.com\/#organization"},"potentialAction":[{"@type":"SearchAction","target":{"@type":"EntryPoint","urlTemplate":"https:\/\/sa.ssttiming.com\/?s={search_term_string}"},"query-input":"required name=search_term_string"}],"inLanguage":"es-AR"},{"@type":"ImageObject","@id":"https:\/\/sa.ssttiming.com\/es\/pad-interface\/technical-specs\/#primaryimage","inLanguage":"es-AR","url":"\/wp-content\/uploads\/2018\/10\/SST-configurations.bmp","contentUrl":"\/wp-content\/uploads\/2018\/10\/SST-configurations.bmp"},{"@type":"WebPage","@id":"https:\/\/sa.ssttiming.com\/es\/pad-interface\/technical-specs\/#webpage","url":"https:\/\/sa.ssttiming.com\/es\/pad-interface\/technical-specs\/","name":"Especifica\u00e7\u00f5es t\u00e9cnicas - Superior Swim Timing","isPartOf":{"@id":"https:\/\/sa.ssttiming.com\/#website"},"primaryImageOfPage":{"@id":"https:\/\/sa.ssttiming.com\/es\/pad-interface\/technical-specs\/#primaryimage"},"datePublished":"2013-09-11T21:13:35+00:00","dateModified":"2021-04-14T17:53:02+00:00","breadcrumb":{"@id":"https:\/\/sa.ssttiming.com\/es\/pad-interface\/technical-specs\/#breadcrumb"},"inLanguage":"es-AR","potentialAction":[{"@type":"ReadAction","target":["https:\/\/sa.ssttiming.com\/es\/pad-interface\/technical-specs\/"]}]},{"@type":"BreadcrumbList","@id":"https:\/\/sa.ssttiming.com\/es\/pad-interface\/technical-specs\/#breadcrumb","itemListElement":[{"@type":"ListItem","position":1,"name":"Home","item":"https:\/\/sa.ssttiming.com\/"},{"@type":"ListItem","position":2,"name":"Interface de Pad","item":"https:\/\/sa.ssttiming.com\/es\/pad-interface\/"},{"@type":"ListItem","position":3,"name":"Especifica\u00e7\u00f5es t\u00e9cnicas"}]}]}},"_links":{"self":[{"href":"https:\/\/sa.ssttiming.com\/es\/wp-json\/wp\/v2\/pages\/139"}],"collection":[{"href":"https:\/\/sa.ssttiming.com\/es\/wp-json\/wp\/v2\/pages"}],"about":[{"href":"https:\/\/sa.ssttiming.com\/es\/wp-json\/wp\/v2\/types\/page"}],"author":[{"embeddable":true,"href":"https:\/\/sa.ssttiming.com\/es\/wp-json\/wp\/v2\/users\/2"}],"replies":[{"embeddable":true,"href":"https:\/\/sa.ssttiming.com\/es\/wp-json\/wp\/v2\/comments?post=139"}],"version-history":[{"count":8,"href":"https:\/\/sa.ssttiming.com\/es\/wp-json\/wp\/v2\/pages\/139\/revisions"}],"predecessor-version":[{"id":823,"href":"https:\/\/sa.ssttiming.com\/es\/wp-json\/wp\/v2\/pages\/139\/revisions\/823"}],"up":[{"embeddable":true,"href":"https:\/\/sa.ssttiming.com\/es\/wp-json\/wp\/v2\/pages\/72"}],"wp:attachment":[{"href":"https:\/\/sa.ssttiming.com\/es\/wp-json\/wp\/v2\/media?parent=139"}],"curies":[{"name":"wp","href":"https:\/\/api.w.org\/{rel}","templated":true}]}}