{"id":265,"date":"2015-10-04T22:06:10","date_gmt":"2015-10-05T02:06:10","guid":{"rendered":"http:\/\/www.superiorswimtiming.com\/SwimFast\/?page_id=265"},"modified":"2021-04-16T08:05:27","modified_gmt":"2021-04-16T12:05:27","slug":"mobile-scoreboard","status":"publish","type":"page","link":"https:\/\/sa.ssttiming.com\/es\/timing-software\/mobile-scoreboard\/","title":{"rendered":"Placar m\u00f3vel"},"content":{"rendered":"<h2>N\u00e3o tem um placar, mas seus espectadores ainda esperam ver resultados instant\u00e2neos?<\/h2>\n<h2>Sem acesso \u00e0 Internet na piscina para os espectadores?<\/h2>\n<h2>N\u00e3o quer ter que baixar outro aplicativo?<\/h2>\n<p>&nbsp;<\/p>\n<p>SST agora inclui um gerador de c\u00f3digo QR para seus espectadores.<\/p>\n<p>Ao preparar seu encontro, conecte um roteador sem fio ao computador SST. O SST gera um c\u00f3digo QR que voc\u00ea pode imprimir e compartilhar com seus pais e espectadores.<\/p>\n<p>Quando os espectadores v\u00eam ao encontro, eles se conectam ao seu sinal sem fio e escaneiam o c\u00f3digo QR usando seus telefones ou tablets. Isso abrir\u00e1 uma p\u00e1gina da Web que fornece os resultados de aquecimento instantaneamente em seus telefones ou tablets, como se eles estivessem em um placar. Voc\u00ea pode at\u00e9 ver divis\u00f5es.<\/p>\n<p>&nbsp;<\/p>\n<p>Placar m\u00f3vel (modo paisagem)<\/p>\n<p><a href=\"\/wp-content\/uploads\/2015\/10\/Screenshot_2015-10-04-15-14-09.png\" target=\"_blank\" rel=\"noopener noreferrer\" rel=\"wp-prettyPhoto[265]\"><img loading=\"lazy\" class=\"alignnone size-large wp-image-266\" src=\"https:\/\/ssttiming.com\/wp-content\/uploads\/2015\/10\/Screenshot_2015-10-04-15-14-09-1024x576.png\" alt=\"Screenshot_2015-10-04-15-14-09\" width=\"600\" height=\"338\" srcset=\"https:\/\/sa.ssttiming.com\/wp-content\/uploads\/2015\/10\/Screenshot_2015-10-04-15-14-09-1024x576.png 1024w, https:\/\/sa.ssttiming.com\/wp-content\/uploads\/2015\/10\/Screenshot_2015-10-04-15-14-09-300x169.png 300w, https:\/\/sa.ssttiming.com\/wp-content\/uploads\/2015\/10\/Screenshot_2015-10-04-15-14-09.png 1920w\" sizes=\"(max-width: 600px) 100vw, 600px\" \/><\/a><\/p>\n<p>&nbsp;<\/p>\n<p>&nbsp;<\/p>\n<p>Placar m\u00f3vel (modo retrato)<\/p>\n<p><a href=\"\/wp-content\/uploads\/2015\/10\/Screenshot_2015-10-04-15-17-38.png\" target=\"_blank\" rel=\"noopener noreferrer\" rel=\"wp-prettyPhoto[265]\"><img loading=\"lazy\" class=\"alignnone size-large wp-image-267\" src=\"https:\/\/ssttiming.com\/wp-content\/uploads\/2015\/10\/Screenshot_2015-10-04-15-17-38-576x1024.png\" alt=\"Screenshot_2015-10-04-15-17-38\" width=\"576\" height=\"1024\" srcset=\"https:\/\/sa.ssttiming.com\/wp-content\/uploads\/2015\/10\/Screenshot_2015-10-04-15-17-38-576x1024.png 576w, https:\/\/sa.ssttiming.com\/wp-content\/uploads\/2015\/10\/Screenshot_2015-10-04-15-17-38-169x300.png 169w, https:\/\/sa.ssttiming.com\/wp-content\/uploads\/2015\/10\/Screenshot_2015-10-04-15-17-38.png 1080w\" sizes=\"(max-width: 576px) 100vw, 576px\" \/><\/a><\/p>\n<p>&nbsp;<\/p>\n","protected":false},"excerpt":{"rendered":"<p>N\u00e3o tem um placar, mas seus espectadores ainda esperam ver resultados instant\u00e2neos? Sem acesso \u00e0 Internet na piscina para os espectadores? N\u00e3o quer ter que baixar outro aplicativo? &nbsp; SST agora inclui um gerador de c\u00f3digo QR para seus espectadores. Ao preparar seu encontro, conecte um roteador<\/p>","protected":false},"author":1,"featured_media":0,"parent":42,"menu_order":2,"comment_status":"closed","ping_status":"closed","template":"","meta":[],"yoast_head":"<!-- This site is optimized with the Yoast SEO plugin v18.4.1 - https:\/\/yoast.com\/wordpress\/plugins\/seo\/ -->\n<title>Placar m\u00f3vel - Superior Swim Timing<\/title>\n<meta name=\"robots\" content=\"index, follow, max-snippet:-1, max-image-preview:large, max-video-preview:-1\" \/>\n<link rel=\"canonical\" href=\"https:\/\/sa.ssttiming.com\/es\/timing-software\/mobile-scoreboard\/\" \/>\n<meta property=\"og:locale\" content=\"es_ES\" \/>\n<meta property=\"og:type\" content=\"article\" \/>\n<meta property=\"og:title\" content=\"Placar m\u00f3vel - Superior Swim Timing\" \/>\n<meta property=\"og:description\" content=\"N\u00e3o tem um placar, mas seus espectadores ainda esperam ver resultados instant\u00e2neos? Sem acesso \u00e0 Internet na piscina para os espectadores? N\u00e3o quer ter que baixar outro aplicativo? &nbsp; SST agora inclui um gerador de c\u00f3digo QR para seus espectadores. Ao preparar seu encontro, conecte um roteador\" \/>\n<meta property=\"og:url\" content=\"https:\/\/sa.ssttiming.com\/es\/timing-software\/mobile-scoreboard\/\" \/>\n<meta property=\"og:site_name\" content=\"Superior Swim Timing\" \/>\n<meta property=\"article:publisher\" content=\"https:\/\/www.facebook.com\/SSTTiming\/\" \/>\n<meta property=\"article:modified_time\" content=\"2021-04-16T12:05:27+00:00\" \/>\n<meta property=\"og:image\" content=\"https:\/\/ssttiming.com\/wp-content\/uploads\/2015\/10\/Screenshot_2015-10-04-15-14-09-1024x576.png\" \/>\n<meta name=\"twitter:card\" content=\"summary\" \/>\n<meta name=\"twitter:label1\" content=\"Tiempo de lectura\" \/>\n\t<meta name=\"twitter:data1\" content=\"1 minuto\" \/>\n<script type=\"application\/ld+json\" class=\"yoast-schema-graph\">{\"@context\":\"https:\/\/schema.org\",\"@graph\":[{\"@type\":\"Organization\",\"@id\":\"https:\/\/sa.ssttiming.com\/#organization\",\"name\":\"Superior Swim Timing\",\"url\":\"https:\/\/sa.ssttiming.com\/\",\"sameAs\":[\"https:\/\/www.facebook.com\/SSTTiming\/\"],\"logo\":{\"@type\":\"ImageObject\",\"@id\":\"https:\/\/sa.ssttiming.com\/#logo\",\"inLanguage\":\"es-AR\",\"url\":\"https:\/\/sa.ssttiming.com\/wp-content\/uploads\/2013\/08\/SSTlogo1.png\",\"contentUrl\":\"https:\/\/sa.ssttiming.com\/wp-content\/uploads\/2013\/08\/SSTlogo1.png\",\"width\":893,\"height\":150,\"caption\":\"Superior Swim Timing\"},\"image\":{\"@id\":\"https:\/\/sa.ssttiming.com\/#logo\"}},{\"@type\":\"WebSite\",\"@id\":\"https:\/\/sa.ssttiming.com\/#website\",\"url\":\"https:\/\/sa.ssttiming.com\/\",\"name\":\"Superior Swim Timing\",\"description\":\"A solu\u00e7\u00e3o de tempo acess\u00edvel e com recursos completos\",\"publisher\":{\"@id\":\"https:\/\/sa.ssttiming.com\/#organization\"},\"potentialAction\":[{\"@type\":\"SearchAction\",\"target\":{\"@type\":\"EntryPoint\",\"urlTemplate\":\"https:\/\/sa.ssttiming.com\/?s={search_term_string}\"},\"query-input\":\"required name=search_term_string\"}],\"inLanguage\":\"es-AR\"},{\"@type\":\"ImageObject\",\"@id\":\"https:\/\/sa.ssttiming.com\/es\/timing-software\/mobile-scoreboard\/#primaryimage\",\"inLanguage\":\"es-AR\",\"url\":\"https:\/\/ssttiming.com\/wp-content\/uploads\/2015\/10\/Screenshot_2015-10-04-15-14-09-1024x576.png\",\"contentUrl\":\"https:\/\/ssttiming.com\/wp-content\/uploads\/2015\/10\/Screenshot_2015-10-04-15-14-09-1024x576.png\"},{\"@type\":\"WebPage\",\"@id\":\"https:\/\/sa.ssttiming.com\/es\/timing-software\/mobile-scoreboard\/#webpage\",\"url\":\"https:\/\/sa.ssttiming.com\/es\/timing-software\/mobile-scoreboard\/\",\"name\":\"Placar m\u00f3vel - Superior Swim Timing\",\"isPartOf\":{\"@id\":\"https:\/\/sa.ssttiming.com\/#website\"},\"primaryImageOfPage\":{\"@id\":\"https:\/\/sa.ssttiming.com\/es\/timing-software\/mobile-scoreboard\/#primaryimage\"},\"datePublished\":\"2015-10-05T02:06:10+00:00\",\"dateModified\":\"2021-04-16T12:05:27+00:00\",\"breadcrumb\":{\"@id\":\"https:\/\/sa.ssttiming.com\/es\/timing-software\/mobile-scoreboard\/#breadcrumb\"},\"inLanguage\":\"es-AR\",\"potentialAction\":[{\"@type\":\"ReadAction\",\"target\":[\"https:\/\/sa.ssttiming.com\/es\/timing-software\/mobile-scoreboard\/\"]}]},{\"@type\":\"BreadcrumbList\",\"@id\":\"https:\/\/sa.ssttiming.com\/es\/timing-software\/mobile-scoreboard\/#breadcrumb\",\"itemListElement\":[{\"@type\":\"ListItem\",\"position\":1,\"name\":\"Home\",\"item\":\"https:\/\/sa.ssttiming.com\/\"},{\"@type\":\"ListItem\",\"position\":2,\"name\":\"Software de cronometragem\",\"item\":\"https:\/\/sa.ssttiming.com\/timing-software\/\"},{\"@type\":\"ListItem\",\"position\":3,\"name\":\"Placar m\u00f3vel\"}]}]}<\/script>\n<!-- \/ Yoast SEO plugin. -->","yoast_head_json":{"title":"Placar m\u00f3vel - Superior Swim Timing","robots":{"index":"index","follow":"follow","max-snippet":"max-snippet:-1","max-image-preview":"max-image-preview:large","max-video-preview":"max-video-preview:-1"},"canonical":"https:\/\/sa.ssttiming.com\/es\/timing-software\/mobile-scoreboard\/","og_locale":"es_ES","og_type":"article","og_title":"Placar m\u00f3vel - Superior Swim Timing","og_description":"N\u00e3o tem um placar, mas seus espectadores ainda esperam ver resultados instant\u00e2neos? Sem acesso \u00e0 Internet na piscina para os espectadores? N\u00e3o quer ter que baixar outro aplicativo? &nbsp; SST agora inclui um gerador de c\u00f3digo QR para seus espectadores. Ao preparar seu encontro, conecte um roteador","og_url":"https:\/\/sa.ssttiming.com\/es\/timing-software\/mobile-scoreboard\/","og_site_name":"Superior Swim Timing","article_publisher":"https:\/\/www.facebook.com\/SSTTiming\/","article_modified_time":"2021-04-16T12:05:27+00:00","og_image":[{"url":"https:\/\/ssttiming.com\/wp-content\/uploads\/2015\/10\/Screenshot_2015-10-04-15-14-09-1024x576.png"}],"twitter_card":"summary","twitter_misc":{"Tiempo de lectura":"1 minuto"},"schema":{"@context":"https:\/\/schema.org","@graph":[{"@type":"Organization","@id":"https:\/\/sa.ssttiming.com\/#organization","name":"Tiempo de nataci\u00f3n superior","url":"https:\/\/sa.ssttiming.com\/","sameAs":["https:\/\/www.facebook.com\/SSTTiming\/"],"logo":{"@type":"ImageObject","@id":"https:\/\/sa.ssttiming.com\/#logo","inLanguage":"es-AR","url":"https:\/\/sa.ssttiming.com\/wp-content\/uploads\/2013\/08\/SSTlogo1.png","contentUrl":"https:\/\/sa.ssttiming.com\/wp-content\/uploads\/2013\/08\/SSTlogo1.png","width":893,"height":150,"caption":"Superior Swim Timing"},"image":{"@id":"https:\/\/sa.ssttiming.com\/#logo"}},{"@type":"WebSite","@id":"https:\/\/sa.ssttiming.com\/#website","url":"https:\/\/sa.ssttiming.com\/","name":"Tiempo de nataci\u00f3n superior","description":"Una soluci\u00f3n de tempo acess\u00edvel e com recursos completos","publisher":{"@id":"https:\/\/sa.ssttiming.com\/#organization"},"potentialAction":[{"@type":"SearchAction","target":{"@type":"EntryPoint","urlTemplate":"https:\/\/sa.ssttiming.com\/?s={search_term_string}"},"query-input":"required name=search_term_string"}],"inLanguage":"es-AR"},{"@type":"ImageObject","@id":"https:\/\/sa.ssttiming.com\/es\/timing-software\/mobile-scoreboard\/#primaryimage","inLanguage":"es-AR","url":"https:\/\/ssttiming.com\/wp-content\/uploads\/2015\/10\/Screenshot_2015-10-04-15-14-09-1024x576.png","contentUrl":"https:\/\/ssttiming.com\/wp-content\/uploads\/2015\/10\/Screenshot_2015-10-04-15-14-09-1024x576.png"},{"@type":"WebPage","@id":"https:\/\/sa.ssttiming.com\/es\/timing-software\/mobile-scoreboard\/#webpage","url":"https:\/\/sa.ssttiming.com\/es\/timing-software\/mobile-scoreboard\/","name":"Placar m\u00f3vel - Superior Swim Timing","isPartOf":{"@id":"https:\/\/sa.ssttiming.com\/#website"},"primaryImageOfPage":{"@id":"https:\/\/sa.ssttiming.com\/es\/timing-software\/mobile-scoreboard\/#primaryimage"},"datePublished":"2015-10-05T02:06:10+00:00","dateModified":"2021-04-16T12:05:27+00:00","breadcrumb":{"@id":"https:\/\/sa.ssttiming.com\/es\/timing-software\/mobile-scoreboard\/#breadcrumb"},"inLanguage":"es-AR","potentialAction":[{"@type":"ReadAction","target":["https:\/\/sa.ssttiming.com\/es\/timing-software\/mobile-scoreboard\/"]}]},{"@type":"BreadcrumbList","@id":"https:\/\/sa.ssttiming.com\/es\/timing-software\/mobile-scoreboard\/#breadcrumb","itemListElement":[{"@type":"ListItem","position":1,"name":"Home","item":"https:\/\/sa.ssttiming.com\/"},{"@type":"ListItem","position":2,"name":"Software de cronometragem","item":"https:\/\/sa.ssttiming.com\/timing-software\/"},{"@type":"ListItem","position":3,"name":"Placar m\u00f3vel"}]}]}},"_links":{"self":[{"href":"https:\/\/sa.ssttiming.com\/es\/wp-json\/wp\/v2\/pages\/265"}],"collection":[{"href":"https:\/\/sa.ssttiming.com\/es\/wp-json\/wp\/v2\/pages"}],"about":[{"href":"https:\/\/sa.ssttiming.com\/es\/wp-json\/wp\/v2\/types\/page"}],"author":[{"embeddable":true,"href":"https:\/\/sa.ssttiming.com\/es\/wp-json\/wp\/v2\/users\/1"}],"replies":[{"embeddable":true,"href":"https:\/\/sa.ssttiming.com\/es\/wp-json\/wp\/v2\/comments?post=265"}],"version-history":[{"count":13,"href":"https:\/\/sa.ssttiming.com\/es\/wp-json\/wp\/v2\/pages\/265\/revisions"}],"predecessor-version":[{"id":844,"href":"https:\/\/sa.ssttiming.com\/es\/wp-json\/wp\/v2\/pages\/265\/revisions\/844"}],"up":[{"embeddable":true,"href":"https:\/\/sa.ssttiming.com\/es\/wp-json\/wp\/v2\/pages\/42"}],"wp:attachment":[{"href":"https:\/\/sa.ssttiming.com\/es\/wp-json\/wp\/v2\/media?parent=265"}],"curies":[{"name":"wp","href":"https:\/\/api.w.org\/{rel}","templated":true}]}}