{"id":44,"date":"2013-08-28T14:22:32","date_gmt":"2013-08-28T18:22:32","guid":{"rendered":"http:\/\/www.superiorswimtiming.com\/SwimFast\/?page_id=44"},"modified":"2021-04-14T14:13:12","modified_gmt":"2021-04-14T18:13:12","slug":"features","status":"publish","type":"page","link":"https:\/\/sa.ssttiming.com\/es\/timing-software\/features\/","title":{"rendered":"Caracter\u00edsticos"},"content":{"rendered":"<p><strong>Recursos de Software de Superior Swim Timing:<\/strong><\/p>\n<ol>\n<li>Compat\u00edvel com as vers\u00f5es 2, 3, 4, 5 e 6 do Active \/ Hytek Meet Manager e com o software Meet Manager do TeamUnify TouchPad.<\/li>\n<li>Desativa\u00e7\u00e3o de pista automatizada &#8211; Se uma pista atinge a segunda volta, todas as pistas com 0 acertos s\u00e3o automaticamente desativadas. As pistas ainda podem ser reativadas manualmente. (Op\u00e7\u00e3o de configura\u00e7\u00e3o)<\/li>\n<li>Pr\u00f3xima corrida automatizada &#8211; Quando uma corrida termina, o software passa automaticamente para a pr\u00f3xima corrida.<\/li>\n<li>Quando uma corrida termina, o arquivo de resultados do Meet Manager \u00e9 criado automaticamente. O sistema tamb\u00e9m pode ser configurado para imprimir um resumo de aquecimento na impressora padr\u00e3o.<\/li>\n<li>Al\u00e9m disso, ap\u00f3s cada corrida, um arquivo de resultados em formato HTML \u00e9 criado e salvo no computador do gerenciador da competi\u00e7\u00e3o. Ler e imprimir facilmente. N\u00e3o se preocupe mais em perder tempos se o cron\u00f4metro estiver desligado.<\/li>\n<li>RESET automatizado &#8211; A pr\u00f3xima corrida come\u00e7a sem ter que reiniciar o console.<\/li>\n<li>A tela \u00e9 redimensionada automaticamente para o n\u00famero de pistas em uso.<\/li>\n<li>A ordem de conclus\u00e3o \u00e9 exibida para verificar facilmente os resultados do juiz local.<\/li>\n<li>Pistas piscam em VERMELHO em um touch pad<\/li>\n<li>A pista fica em cinza claro quando o pad delay est\u00e1 ativo<\/li>\n<li>A pista fica VERDE quando o pad est\u00e1 armado<\/li>\n<li>Bot\u00e3o \/ Pickle s\u00f3 \u00e9 armado ap\u00f3s o atraso na volta final.<\/li>\n<li>A pista fica BRANCA ao terminar<\/li>\n<li>A faixa \u00e9 AMARELA \/ CIANO para indicar a diferen\u00e7a entre o hor\u00e1rio principal e o hor\u00e1rio de backup. Isso tamb\u00e9m permite que o bot\u00e3o BTN use o tempo de backup e verificar\u00e1 automaticamente o pedido de t\u00e9rmino.<\/li>\n<li>Software de placar serial agora inclu\u00eddo. Requer um adaptador USB para serial dispon\u00edvel na SST. Controla os placares 00-0f, 11-18. Tamb\u00e9m apoiamos o mapeamento completo do placar.<\/li>\n<li>Placares do projetor 1080p dispon\u00edveis para piscinas de 6, 8 e 10 pistas. Requer um laptop que pode controlar uma segunda tela VGA ou HDMI.<\/li>\n<li>Cronometragem do pad e 1, 2 ou 3 bot\u00f5es ou cronometragem apenas de 2 ou 3 bot\u00f5es.<\/li>\n<li>Suporte para bot\u00f5es \/ bot\u00f5es nas extremidades pr\u00f3ximas e remotas.<\/li>\n<li>MODO DE TESTE. N\u00e3o queime mais um n\u00famero de corrida. Basta entrar no modo de teste e observar os sinais de hardware do deck chegando ao console.<\/li>\n<li>Se, por algum motivo durante um encontro, voc\u00ea precisar reiniciar o console, n\u00e3o come\u00e7amos com a corrida n\u00famero 1 como os outros caras. Verificamos para ver o maior n\u00famero de corrida que foi usado e incrementamos a partir da\u00ed.<\/li>\n<\/ol>\n<p><strong>Em desenvolvimento:<\/strong><br \/>\n&#8211; Cron\u00f4metro sem fio para tempos principais e \/ ou de backup &#8211; Op\u00e7\u00f5es de publicidade para telas de proje\u00e7\u00e3o<\/p>","protected":false},"excerpt":{"rendered":"<p>Recursos de Software de Superior Swim Timing: Compat\u00edvel com as vers\u00f5es 2, 3, 4, 5 e 6 do Active \/ Hytek Meet Manager e com o software Meet Manager do TeamUnify TouchPad. Desativa\u00e7\u00e3o de pista automatizada &#8211; Se uma pista atinge a segunda volta, todas as pistas<\/p>","protected":false},"author":2,"featured_media":0,"parent":42,"menu_order":0,"comment_status":"closed","ping_status":"closed","template":"","meta":[],"yoast_head":"<!-- This site is optimized with the Yoast SEO plugin v18.4.1 - https:\/\/yoast.com\/wordpress\/plugins\/seo\/ -->\n<title>Caracter\u00edsticos - Superior Swim Timing<\/title>\n<meta name=\"robots\" content=\"index, follow, max-snippet:-1, max-image-preview:large, max-video-preview:-1\" \/>\n<link rel=\"canonical\" href=\"https:\/\/sa.ssttiming.com\/es\/timing-software\/features\/\" \/>\n<meta property=\"og:locale\" content=\"es_ES\" \/>\n<meta property=\"og:type\" content=\"article\" \/>\n<meta property=\"og:title\" content=\"Caracter\u00edsticos - Superior Swim Timing\" \/>\n<meta property=\"og:description\" content=\"Recursos de Software de Superior Swim Timing: Compat\u00edvel com as vers\u00f5es 2, 3, 4, 5 e 6 do Active \/ Hytek Meet Manager e com o software Meet Manager do TeamUnify TouchPad. Desativa\u00e7\u00e3o de pista automatizada &#8211; Se uma pista atinge a segunda volta, todas as pistas\" \/>\n<meta property=\"og:url\" content=\"https:\/\/sa.ssttiming.com\/es\/timing-software\/features\/\" \/>\n<meta property=\"og:site_name\" content=\"Superior Swim Timing\" \/>\n<meta property=\"article:publisher\" content=\"https:\/\/www.facebook.com\/SSTTiming\/\" \/>\n<meta property=\"article:modified_time\" content=\"2021-04-14T18:13:12+00:00\" \/>\n<meta name=\"twitter:card\" content=\"summary\" \/>\n<meta name=\"twitter:label1\" content=\"Tiempo de lectura\" \/>\n\t<meta name=\"twitter:data1\" content=\"2 minutos\" \/>\n<script type=\"application\/ld+json\" class=\"yoast-schema-graph\">{\"@context\":\"https:\/\/schema.org\",\"@graph\":[{\"@type\":\"Organization\",\"@id\":\"https:\/\/sa.ssttiming.com\/#organization\",\"name\":\"Superior Swim Timing\",\"url\":\"https:\/\/sa.ssttiming.com\/\",\"sameAs\":[\"https:\/\/www.facebook.com\/SSTTiming\/\"],\"logo\":{\"@type\":\"ImageObject\",\"@id\":\"https:\/\/sa.ssttiming.com\/#logo\",\"inLanguage\":\"es-AR\",\"url\":\"https:\/\/sa.ssttiming.com\/wp-content\/uploads\/2013\/08\/SSTlogo1.png\",\"contentUrl\":\"https:\/\/sa.ssttiming.com\/wp-content\/uploads\/2013\/08\/SSTlogo1.png\",\"width\":893,\"height\":150,\"caption\":\"Superior Swim Timing\"},\"image\":{\"@id\":\"https:\/\/sa.ssttiming.com\/#logo\"}},{\"@type\":\"WebSite\",\"@id\":\"https:\/\/sa.ssttiming.com\/#website\",\"url\":\"https:\/\/sa.ssttiming.com\/\",\"name\":\"Superior Swim Timing\",\"description\":\"A solu\u00e7\u00e3o de tempo acess\u00edvel e com recursos completos\",\"publisher\":{\"@id\":\"https:\/\/sa.ssttiming.com\/#organization\"},\"potentialAction\":[{\"@type\":\"SearchAction\",\"target\":{\"@type\":\"EntryPoint\",\"urlTemplate\":\"https:\/\/sa.ssttiming.com\/?s={search_term_string}\"},\"query-input\":\"required name=search_term_string\"}],\"inLanguage\":\"es-AR\"},{\"@type\":\"WebPage\",\"@id\":\"https:\/\/sa.ssttiming.com\/timing-software\/features\/#webpage\",\"url\":\"https:\/\/sa.ssttiming.com\/timing-software\/features\/\",\"name\":\"Caracter\u00edsticos - Superior Swim Timing\",\"isPartOf\":{\"@id\":\"https:\/\/sa.ssttiming.com\/#website\"},\"datePublished\":\"2013-08-28T18:22:32+00:00\",\"dateModified\":\"2021-04-14T18:13:12+00:00\",\"breadcrumb\":{\"@id\":\"https:\/\/sa.ssttiming.com\/timing-software\/features\/#breadcrumb\"},\"inLanguage\":\"es-AR\",\"potentialAction\":[{\"@type\":\"ReadAction\",\"target\":[\"https:\/\/sa.ssttiming.com\/timing-software\/features\/\"]}]},{\"@type\":\"BreadcrumbList\",\"@id\":\"https:\/\/sa.ssttiming.com\/timing-software\/features\/#breadcrumb\",\"itemListElement\":[{\"@type\":\"ListItem\",\"position\":1,\"name\":\"Home\",\"item\":\"https:\/\/sa.ssttiming.com\/\"},{\"@type\":\"ListItem\",\"position\":2,\"name\":\"Software de cronometragem\",\"item\":\"https:\/\/sa.ssttiming.com\/timing-software\/\"},{\"@type\":\"ListItem\",\"position\":3,\"name\":\"Caracter\u00edsticos\"}]}]}<\/script>\n<!-- \/ Yoast SEO plugin. -->","yoast_head_json":{"title":"Caracter\u00edsticos - Superior Swim Timing","robots":{"index":"index","follow":"follow","max-snippet":"max-snippet:-1","max-image-preview":"max-image-preview:large","max-video-preview":"max-video-preview:-1"},"canonical":"https:\/\/sa.ssttiming.com\/es\/timing-software\/features\/","og_locale":"es_ES","og_type":"article","og_title":"Caracter\u00edsticos - Superior Swim Timing","og_description":"Recursos de Software de Superior Swim Timing: Compat\u00edvel com as vers\u00f5es 2, 3, 4, 5 e 6 do Active \/ Hytek Meet Manager e com o software Meet Manager do TeamUnify TouchPad. Desativa\u00e7\u00e3o de pista automatizada &#8211; Se uma pista atinge a segunda volta, todas as pistas","og_url":"https:\/\/sa.ssttiming.com\/es\/timing-software\/features\/","og_site_name":"Superior Swim Timing","article_publisher":"https:\/\/www.facebook.com\/SSTTiming\/","article_modified_time":"2021-04-14T18:13:12+00:00","twitter_card":"summary","twitter_misc":{"Tiempo de lectura":"2 minutos"},"schema":{"@context":"https:\/\/schema.org","@graph":[{"@type":"Organization","@id":"https:\/\/sa.ssttiming.com\/#organization","name":"Tiempo de nataci\u00f3n superior","url":"https:\/\/sa.ssttiming.com\/","sameAs":["https:\/\/www.facebook.com\/SSTTiming\/"],"logo":{"@type":"ImageObject","@id":"https:\/\/sa.ssttiming.com\/#logo","inLanguage":"es-AR","url":"https:\/\/sa.ssttiming.com\/wp-content\/uploads\/2013\/08\/SSTlogo1.png","contentUrl":"https:\/\/sa.ssttiming.com\/wp-content\/uploads\/2013\/08\/SSTlogo1.png","width":893,"height":150,"caption":"Superior Swim Timing"},"image":{"@id":"https:\/\/sa.ssttiming.com\/#logo"}},{"@type":"WebSite","@id":"https:\/\/sa.ssttiming.com\/#website","url":"https:\/\/sa.ssttiming.com\/","name":"Tiempo de nataci\u00f3n superior","description":"Una soluci\u00f3n de tempo acess\u00edvel e com recursos completos","publisher":{"@id":"https:\/\/sa.ssttiming.com\/#organization"},"potentialAction":[{"@type":"SearchAction","target":{"@type":"EntryPoint","urlTemplate":"https:\/\/sa.ssttiming.com\/?s={search_term_string}"},"query-input":"required name=search_term_string"}],"inLanguage":"es-AR"},{"@type":"WebPage","@id":"https:\/\/sa.ssttiming.com\/timing-software\/features\/#webpage","url":"https:\/\/sa.ssttiming.com\/timing-software\/features\/","name":"Caracter\u00edsticos - Superior Swim Timing","isPartOf":{"@id":"https:\/\/sa.ssttiming.com\/#website"},"datePublished":"2013-08-28T18:22:32+00:00","dateModified":"2021-04-14T18:13:12+00:00","breadcrumb":{"@id":"https:\/\/sa.ssttiming.com\/timing-software\/features\/#breadcrumb"},"inLanguage":"es-AR","potentialAction":[{"@type":"ReadAction","target":["https:\/\/sa.ssttiming.com\/timing-software\/features\/"]}]},{"@type":"BreadcrumbList","@id":"https:\/\/sa.ssttiming.com\/timing-software\/features\/#breadcrumb","itemListElement":[{"@type":"ListItem","position":1,"name":"Home","item":"https:\/\/sa.ssttiming.com\/"},{"@type":"ListItem","position":2,"name":"Software de cronometragem","item":"https:\/\/sa.ssttiming.com\/timing-software\/"},{"@type":"ListItem","position":3,"name":"Caracter\u00edsticos"}]}]}},"_links":{"self":[{"href":"https:\/\/sa.ssttiming.com\/es\/wp-json\/wp\/v2\/pages\/44"}],"collection":[{"href":"https:\/\/sa.ssttiming.com\/es\/wp-json\/wp\/v2\/pages"}],"about":[{"href":"https:\/\/sa.ssttiming.com\/es\/wp-json\/wp\/v2\/types\/page"}],"author":[{"embeddable":true,"href":"https:\/\/sa.ssttiming.com\/es\/wp-json\/wp\/v2\/users\/2"}],"replies":[{"embeddable":true,"href":"https:\/\/sa.ssttiming.com\/es\/wp-json\/wp\/v2\/comments?post=44"}],"version-history":[{"count":11,"href":"https:\/\/sa.ssttiming.com\/es\/wp-json\/wp\/v2\/pages\/44\/revisions"}],"predecessor-version":[{"id":835,"href":"https:\/\/sa.ssttiming.com\/es\/wp-json\/wp\/v2\/pages\/44\/revisions\/835"}],"up":[{"embeddable":true,"href":"https:\/\/sa.ssttiming.com\/es\/wp-json\/wp\/v2\/pages\/42"}],"wp:attachment":[{"href":"https:\/\/sa.ssttiming.com\/es\/wp-json\/wp\/v2\/media?parent=44"}],"curies":[{"name":"wp","href":"https:\/\/api.w.org\/{rel}","templated":true}]}}