{"id":46,"date":"2013-08-28T14:39:55","date_gmt":"2013-08-28T18:39:55","guid":{"rendered":"http:\/\/www.superiorswimtiming.com\/SwimFast\/?page_id=46"},"modified":"2021-04-21T08:08:48","modified_gmt":"2021-04-21T12:08:48","slug":"buttons-cables","status":"publish","type":"page","link":"https:\/\/sa.ssttiming.com\/es\/buttons-cables\/","title":{"rendered":"Bot\u00f5es e cabos"},"content":{"rendered":"<h2>Deck Cable<\/h2>\n<p><a href=\"\/wp-content\/uploads\/2019\/07\/20190725_135220.jpg\" rel=\"wp-prettyPhoto[46]\"><img loading=\"lazy\" class=\"alignnone wp-image-684 size-medium\" src=\"\/wp-content\/uploads\/2019\/07\/20190725_135220-300x169.jpg\" alt=\"\" width=\"300\" height=\"169\" srcset=\"https:\/\/sa.ssttiming.com\/wp-content\/uploads\/2019\/07\/20190725_135220-300x169.jpg 300w, https:\/\/sa.ssttiming.com\/wp-content\/uploads\/2019\/07\/20190725_135220-768x432.jpg 768w, https:\/\/sa.ssttiming.com\/wp-content\/uploads\/2019\/07\/20190725_135220-1024x576.jpg 1024w\" sizes=\"(max-width: 300px) 100vw, 300px\" \/><\/a><\/p>\n<p>NOVO CABO DE BAIXO PERFIL&#8211;Desenvolvemos um novo cabo de deck econ\u00f4mico que se conecta aos bot\u00f5es \u00e0 prova d&#8217;\u00e1gua do Superior Swim Timing ou, usando um adaptador \u00e0 prova d&#8217;\u00e1gua de baixo custo, conecta a qualquer dispositivo que use plugues banana, como almofadas e bot\u00f5es existentes (veja abaixo).<br \/>\nCom a solu\u00e7\u00e3o \u00e0 prova d&#8217;\u00e1gua SST, seu cabo e bot\u00f5es durar\u00e3o muito mais do que a maioria das outras ofertas. Com o chicote t\u00edpico existente, se voc\u00ea tiver um conector que estrague, ser\u00e1 necess\u00e1rio substituir o chicote inteiro. E com nosso software SST, voc\u00ea pode ter mapeamento completo de faixa, incluindo contornar faixas \u00fanicas. Portanto, n\u00e3o importa qual seja a configura\u00e7\u00e3o da sua piscina, o software pode se adaptar \u00e0s atribui\u00e7\u00f5es de arn\u00eas \/ faixa.<\/p>\n<div><\/div>\n<h2>* NOVO * Adaptador de cabo de protocolo serial<\/h2>\n<p><a href=\"\/wp-content\/uploads\/2013\/08\/3cable.jpg\" rel=\"wp-prettyPhoto[46]\"><img loading=\"lazy\" class=\"alignleft size-thumbnail wp-image-162\" src=\"https:\/\/ssttiming.com\/wp-content\/uploads\/2013\/08\/3cable-150x150.jpg\" alt=\"3 Serial Cable Adapter\" width=\"150\" height=\"150\" \/><\/a><\/p>\n<div>\n<p>Achou que estava preso com a fia\u00e7\u00e3o integrada da Colorado Time Systems o Daktronics?<\/p>\n<p>Superior Swim Timing agora anuncia nosso terceiro adaptador de cabo que funciona com cabos de protocolo serial e chicotes Colorado Time Systems y Daktronics. Voc\u00ea n\u00e3o precisa mais manter o console desatualizado e pode atualizar para o nosso poderoso software SST Timing.<\/p>\n<\/div>\n<div><\/div>\n<h2>Adaptador imperme\u00e1vel<\/h2>\n<p><a href=\"\/wp-content\/uploads\/2013\/08\/20160528_134627.jpg\" rel=\"wp-prettyPhoto[46]\"><img loading=\"lazy\" class=\"alignnone wp-image-303\" src=\"\/wp-content\/uploads\/2013\/08\/20160528_134627-1024x576.jpg\" alt=\"\" width=\"295\" height=\"166\" srcset=\"https:\/\/sa.ssttiming.com\/wp-content\/uploads\/2013\/08\/20160528_134627-1024x576.jpg 1024w, https:\/\/sa.ssttiming.com\/wp-content\/uploads\/2013\/08\/20160528_134627-300x169.jpg 300w, https:\/\/sa.ssttiming.com\/wp-content\/uploads\/2013\/08\/20160528_134627-768x432.jpg 768w\" sizes=\"(max-width: 295px) 100vw, 295px\" \/><\/a><\/p>\n<div>Se desejar usar nosso arn\u00eas com almofadas ou bot\u00f5es existentes com plugues banana, podemos fornecer um adaptador de plugue \u00e0 prova d&#8217;\u00e1gua para banana de baixo custo. Agora, quando o plugue ou conector banana estraga (e voc\u00ea sabe que vai), voc\u00ea apenas substitui o adaptador de baixo custo em vez de substituir todo o chicote de cabos.<\/div>\n<div><\/div>\n<h2>Bot\u00e3o \/ Picles<\/h2>\n<p><a href=\"\/wp-content\/uploads\/2019\/07\/20190725_140325.jpg\" rel=\"wp-prettyPhoto[46]\"><img loading=\"lazy\" class=\"alignnone wp-image-683 size-medium\" src=\"\/wp-content\/uploads\/2019\/07\/20190725_140325-300x169.jpg\" alt=\"\" width=\"300\" height=\"169\" srcset=\"https:\/\/sa.ssttiming.com\/wp-content\/uploads\/2019\/07\/20190725_140325-300x169.jpg 300w, https:\/\/sa.ssttiming.com\/wp-content\/uploads\/2019\/07\/20190725_140325-768x432.jpg 768w, https:\/\/sa.ssttiming.com\/wp-content\/uploads\/2019\/07\/20190725_140325-1024x576.jpg 1024w\" sizes=\"(max-width: 300px) 100vw, 300px\" \/><\/a><\/p>\n<div>\n<p>O SST oferece um bot\u00e3o \/ pickle com um conector \u00e0 prova d&#8217;\u00e1gua para conectar ao chicote SST. Tamb\u00e9m oferecemos o mesmo bot\u00e3o com um plugue banana se voc\u00ea quiser substituir o seu bot\u00e3o tipo plugue banana existente. Tudo a um pre\u00e7o muito competitivo.<\/p>\n<\/div>\n","protected":false},"excerpt":{"rendered":"<p>Deck Cable NOVO CABO DE BAIXO PERFIL&#8211;Desenvolvemos um novo cabo de deck econ\u00f4mico que se conecta aos bot\u00f5es \u00e0 prova d&#8217;\u00e1gua do Superior Swim Timing ou, usando um adaptador \u00e0 prova d&#8217;\u00e1gua de baixo custo, conecta a qualquer dispositivo que use plugues banana, como almofadas e bot\u00f5es<\/p>","protected":false},"author":2,"featured_media":0,"parent":0,"menu_order":0,"comment_status":"closed","ping_status":"closed","template":"","meta":[],"yoast_head":"<!-- This site is optimized with the Yoast SEO plugin v18.4.1 - https:\/\/yoast.com\/wordpress\/plugins\/seo\/ -->\n<title>Bot\u00f5es e cabos - Superior Swim Timing<\/title>\n<meta name=\"robots\" content=\"index, follow, max-snippet:-1, max-image-preview:large, max-video-preview:-1\" \/>\n<link rel=\"canonical\" href=\"https:\/\/sa.ssttiming.com\/es\/buttons-cables\/\" \/>\n<meta property=\"og:locale\" content=\"es_ES\" \/>\n<meta property=\"og:type\" content=\"article\" \/>\n<meta property=\"og:title\" content=\"Bot\u00f5es e cabos - Superior Swim Timing\" \/>\n<meta property=\"og:description\" content=\"Deck Cable NOVO CABO DE BAIXO PERFIL&#8211;Desenvolvemos um novo cabo de deck econ\u00f4mico que se conecta aos bot\u00f5es \u00e0 prova d&#8217;\u00e1gua do Superior Swim Timing ou, usando um adaptador \u00e0 prova d&#8217;\u00e1gua de baixo custo, conecta a qualquer dispositivo que use plugues banana, como almofadas e bot\u00f5es\" \/>\n<meta property=\"og:url\" content=\"https:\/\/sa.ssttiming.com\/es\/buttons-cables\/\" \/>\n<meta property=\"og:site_name\" content=\"Superior Swim Timing\" \/>\n<meta property=\"article:publisher\" content=\"https:\/\/www.facebook.com\/SSTTiming\/\" \/>\n<meta property=\"article:modified_time\" content=\"2021-04-21T12:08:48+00:00\" \/>\n<meta property=\"og:image\" content=\"https:\/\/sa.ssttiming.com\/wp-content\/uploads\/2019\/07\/20190725_135220-300x169.jpg\" \/>\n<meta name=\"twitter:card\" content=\"summary\" \/>\n<meta name=\"twitter:label1\" content=\"Tiempo de lectura\" \/>\n\t<meta name=\"twitter:data1\" content=\"3 minutos\" \/>\n<script type=\"application\/ld+json\" class=\"yoast-schema-graph\">{\"@context\":\"https:\/\/schema.org\",\"@graph\":[{\"@type\":\"Organization\",\"@id\":\"https:\/\/sa.ssttiming.com\/#organization\",\"name\":\"Superior Swim Timing\",\"url\":\"https:\/\/sa.ssttiming.com\/\",\"sameAs\":[\"https:\/\/www.facebook.com\/SSTTiming\/\"],\"logo\":{\"@type\":\"ImageObject\",\"@id\":\"https:\/\/sa.ssttiming.com\/#logo\",\"inLanguage\":\"es-AR\",\"url\":\"https:\/\/sa.ssttiming.com\/wp-content\/uploads\/2013\/08\/SSTlogo1.png\",\"contentUrl\":\"https:\/\/sa.ssttiming.com\/wp-content\/uploads\/2013\/08\/SSTlogo1.png\",\"width\":893,\"height\":150,\"caption\":\"Superior Swim Timing\"},\"image\":{\"@id\":\"https:\/\/sa.ssttiming.com\/#logo\"}},{\"@type\":\"WebSite\",\"@id\":\"https:\/\/sa.ssttiming.com\/#website\",\"url\":\"https:\/\/sa.ssttiming.com\/\",\"name\":\"Superior Swim Timing\",\"description\":\"A solu\u00e7\u00e3o de tempo acess\u00edvel e com recursos completos\",\"publisher\":{\"@id\":\"https:\/\/sa.ssttiming.com\/#organization\"},\"potentialAction\":[{\"@type\":\"SearchAction\",\"target\":{\"@type\":\"EntryPoint\",\"urlTemplate\":\"https:\/\/sa.ssttiming.com\/?s={search_term_string}\"},\"query-input\":\"required name=search_term_string\"}],\"inLanguage\":\"es-AR\"},{\"@type\":\"ImageObject\",\"@id\":\"https:\/\/sa.ssttiming.com\/buttons-cables\/#primaryimage\",\"inLanguage\":\"es-AR\",\"url\":\"\/wp-content\/uploads\/2019\/07\/20190725_135220-300x169.jpg\",\"contentUrl\":\"\/wp-content\/uploads\/2019\/07\/20190725_135220-300x169.jpg\"},{\"@type\":\"WebPage\",\"@id\":\"https:\/\/sa.ssttiming.com\/buttons-cables\/#webpage\",\"url\":\"https:\/\/sa.ssttiming.com\/buttons-cables\/\",\"name\":\"Bot\u00f5es e cabos - Superior Swim Timing\",\"isPartOf\":{\"@id\":\"https:\/\/sa.ssttiming.com\/#website\"},\"primaryImageOfPage\":{\"@id\":\"https:\/\/sa.ssttiming.com\/buttons-cables\/#primaryimage\"},\"datePublished\":\"2013-08-28T18:39:55+00:00\",\"dateModified\":\"2021-04-21T12:08:48+00:00\",\"breadcrumb\":{\"@id\":\"https:\/\/sa.ssttiming.com\/buttons-cables\/#breadcrumb\"},\"inLanguage\":\"es-AR\",\"potentialAction\":[{\"@type\":\"ReadAction\",\"target\":[\"https:\/\/sa.ssttiming.com\/buttons-cables\/\"]}]},{\"@type\":\"BreadcrumbList\",\"@id\":\"https:\/\/sa.ssttiming.com\/buttons-cables\/#breadcrumb\",\"itemListElement\":[{\"@type\":\"ListItem\",\"position\":1,\"name\":\"Home\",\"item\":\"https:\/\/sa.ssttiming.com\/\"},{\"@type\":\"ListItem\",\"position\":2,\"name\":\"Bot\u00f5es e cabos\"}]}]}<\/script>\n<!-- \/ Yoast SEO plugin. -->","yoast_head_json":{"title":"Bot\u00f5es e cabos - Superior Swim Timing","robots":{"index":"index","follow":"follow","max-snippet":"max-snippet:-1","max-image-preview":"max-image-preview:large","max-video-preview":"max-video-preview:-1"},"canonical":"https:\/\/sa.ssttiming.com\/es\/buttons-cables\/","og_locale":"es_ES","og_type":"article","og_title":"Bot\u00f5es e cabos - Superior Swim Timing","og_description":"Deck Cable NOVO CABO DE BAIXO PERFIL&#8211;Desenvolvemos um novo cabo de deck econ\u00f4mico que se conecta aos bot\u00f5es \u00e0 prova d&#8217;\u00e1gua do Superior Swim Timing ou, usando um adaptador \u00e0 prova d&#8217;\u00e1gua de baixo custo, conecta a qualquer dispositivo que use plugues banana, como almofadas e bot\u00f5es","og_url":"https:\/\/sa.ssttiming.com\/es\/buttons-cables\/","og_site_name":"Superior Swim Timing","article_publisher":"https:\/\/www.facebook.com\/SSTTiming\/","article_modified_time":"2021-04-21T12:08:48+00:00","og_image":[{"url":"https:\/\/sa.ssttiming.com\/wp-content\/uploads\/2019\/07\/20190725_135220-300x169.jpg"}],"twitter_card":"summary","twitter_misc":{"Tiempo de lectura":"3 minutos"},"schema":{"@context":"https:\/\/schema.org","@graph":[{"@type":"Organization","@id":"https:\/\/sa.ssttiming.com\/#organization","name":"Tiempo de nataci\u00f3n superior","url":"https:\/\/sa.ssttiming.com\/","sameAs":["https:\/\/www.facebook.com\/SSTTiming\/"],"logo":{"@type":"ImageObject","@id":"https:\/\/sa.ssttiming.com\/#logo","inLanguage":"es-AR","url":"https:\/\/sa.ssttiming.com\/wp-content\/uploads\/2013\/08\/SSTlogo1.png","contentUrl":"https:\/\/sa.ssttiming.com\/wp-content\/uploads\/2013\/08\/SSTlogo1.png","width":893,"height":150,"caption":"Superior Swim Timing"},"image":{"@id":"https:\/\/sa.ssttiming.com\/#logo"}},{"@type":"WebSite","@id":"https:\/\/sa.ssttiming.com\/#website","url":"https:\/\/sa.ssttiming.com\/","name":"Tiempo de nataci\u00f3n superior","description":"Una soluci\u00f3n de tempo acess\u00edvel e com recursos completos","publisher":{"@id":"https:\/\/sa.ssttiming.com\/#organization"},"potentialAction":[{"@type":"SearchAction","target":{"@type":"EntryPoint","urlTemplate":"https:\/\/sa.ssttiming.com\/?s={search_term_string}"},"query-input":"required name=search_term_string"}],"inLanguage":"es-AR"},{"@type":"ImageObject","@id":"https:\/\/sa.ssttiming.com\/buttons-cables\/#primaryimage","inLanguage":"es-AR","url":"\/wp-content\/uploads\/2019\/07\/20190725_135220-300x169.jpg","contentUrl":"\/wp-content\/uploads\/2019\/07\/20190725_135220-300x169.jpg"},{"@type":"WebPage","@id":"https:\/\/sa.ssttiming.com\/buttons-cables\/#webpage","url":"https:\/\/sa.ssttiming.com\/buttons-cables\/","name":"Bot\u00f5es e cabos - Superior Swim Timing","isPartOf":{"@id":"https:\/\/sa.ssttiming.com\/#website"},"primaryImageOfPage":{"@id":"https:\/\/sa.ssttiming.com\/buttons-cables\/#primaryimage"},"datePublished":"2013-08-28T18:39:55+00:00","dateModified":"2021-04-21T12:08:48+00:00","breadcrumb":{"@id":"https:\/\/sa.ssttiming.com\/buttons-cables\/#breadcrumb"},"inLanguage":"es-AR","potentialAction":[{"@type":"ReadAction","target":["https:\/\/sa.ssttiming.com\/buttons-cables\/"]}]},{"@type":"BreadcrumbList","@id":"https:\/\/sa.ssttiming.com\/buttons-cables\/#breadcrumb","itemListElement":[{"@type":"ListItem","position":1,"name":"Home","item":"https:\/\/sa.ssttiming.com\/"},{"@type":"ListItem","position":2,"name":"Bot\u00f5es e cabos"}]}]}},"_links":{"self":[{"href":"https:\/\/sa.ssttiming.com\/es\/wp-json\/wp\/v2\/pages\/46"}],"collection":[{"href":"https:\/\/sa.ssttiming.com\/es\/wp-json\/wp\/v2\/pages"}],"about":[{"href":"https:\/\/sa.ssttiming.com\/es\/wp-json\/wp\/v2\/types\/page"}],"author":[{"embeddable":true,"href":"https:\/\/sa.ssttiming.com\/es\/wp-json\/wp\/v2\/users\/2"}],"replies":[{"embeddable":true,"href":"https:\/\/sa.ssttiming.com\/es\/wp-json\/wp\/v2\/comments?post=46"}],"version-history":[{"count":31,"href":"https:\/\/sa.ssttiming.com\/es\/wp-json\/wp\/v2\/pages\/46\/revisions"}],"predecessor-version":[{"id":865,"href":"https:\/\/sa.ssttiming.com\/es\/wp-json\/wp\/v2\/pages\/46\/revisions\/865"}],"wp:attachment":[{"href":"https:\/\/sa.ssttiming.com\/es\/wp-json\/wp\/v2\/media?parent=46"}],"curies":[{"name":"wp","href":"https:\/\/api.w.org\/{rel}","templated":true}]}}