{"id":508,"date":"2018-04-15T10:00:22","date_gmt":"2018-04-15T14:00:22","guid":{"rendered":"https:\/\/www.superiorswimtiming.com\/SwimFast\/?page_id=508"},"modified":"2021-04-14T14:25:03","modified_gmt":"2021-04-14T18:25:03","slug":"software-version-7","status":"publish","type":"page","link":"https:\/\/sa.ssttiming.com\/es\/timing-software\/software-version-7\/","title":{"rendered":"Versi\u00f3n de software 7"},"content":{"rendered":"<h2><img loading=\"lazy\" class=\"alignnone size-large wp-image-519\" src=\"\/wp-content\/uploads\/2018\/04\/web-banner-for-version-7-page-1024x256.png\" alt=\"\" width=\"600\" height=\"150\" srcset=\"https:\/\/sa.ssttiming.com\/wp-content\/uploads\/2018\/04\/web-banner-for-version-7-page-1024x256.png 1024w, https:\/\/sa.ssttiming.com\/wp-content\/uploads\/2018\/04\/web-banner-for-version-7-page-300x75.png 300w, https:\/\/sa.ssttiming.com\/wp-content\/uploads\/2018\/04\/web-banner-for-version-7-page-768x192.png 768w, https:\/\/sa.ssttiming.com\/wp-content\/uploads\/2018\/04\/web-banner-for-version-7-page.png 1200w\" sizes=\"(max-width: 600px) 100vw, 600px\" \/><\/h2>\n<h2>Temos o prazer de anunciar o lan\u00e7amento do SST Vers\u00e3o 7<\/h2>\n<h4>Aqui est\u00e1 o que h\u00e1 de novo e aprimorado nesta nova atualiza\u00e7\u00e3o:<\/h4>\n<ul>\n<li><strong>Evento \/ Partida que pode ser alterado ap\u00f3s o in\u00edcio de uma corrida<\/strong> \u2014 O evento e \/ ou partida pode ser alterado at\u00e9 o primeiro toque ao usar almofadas. Ao usar os bot\u00f5es, as altera\u00e7\u00f5es podem ser feitas a qualquer momento at\u00e9 o primeiro toque do bot\u00e3o.<\/li>\n<\/ul>\n<p>&nbsp;<\/p>\n<ul>\n<li><strong>Ajustes de tempo aprimorados<\/strong> &#8211; uma nova op\u00e7\u00e3o de configura\u00e7\u00e3o permite que os tempos ajustados sejam enviados para o placar e seu software de gerenciamento de competi\u00e7\u00e3o, ou apenas para o placar.<\/li>\n<\/ul>\n<p><a href=\"\/wp-content\/uploads\/2018\/04\/adjust-time-configurations.png\" rel=\"wp-prettyPhoto[508]\"><img loading=\"lazy\" class=\"size-medium wp-image-527 aligncenter\" src=\"\/wp-content\/uploads\/2018\/04\/adjust-time-configurations-269x300.png\" alt=\"\" width=\"269\" height=\"300\" srcset=\"https:\/\/sa.ssttiming.com\/wp-content\/uploads\/2018\/04\/adjust-time-configurations-269x300.png 269w, https:\/\/sa.ssttiming.com\/wp-content\/uploads\/2018\/04\/adjust-time-configurations.png 485w\" sizes=\"(max-width: 269px) 100vw, 269px\" \/><\/a><\/p>\n<ul>\n<li><strong>Bot\u00e3o de backup \u201cUSE\u201d<\/strong> &#8211; SST agora inclui um bot\u00e3o em cada pista para usar o hor\u00e1rio de backup para exibi\u00e7\u00e3o ou como o hor\u00e1rio oficial, dependendo da configura\u00e7\u00e3o dos ajustes de hor\u00e1rio.<\/li>\n<\/ul>\n<p>&nbsp;<\/p>\n<ul>\n<li><strong>Atraso do bra\u00e7o que pode ser alterado durante uma corrida<\/strong> \u2014 O atraso do pad pode ser alterado a qualquer momento durante uma corrida.<\/li>\n<\/ul>\n<p>&nbsp;<\/p>\n<ul>\n<li><strong>Nova cor de pista roxa para destacar tempos de pad que faltam<\/strong> &#8211; identifique rapidamente as pistas que t\u00eam um tempo de backup, mas n\u00e3o t\u00eam um tempo de pad.<\/li>\n<\/ul>\n<p>&nbsp;<\/p>\n<ul>\n<li><strong>Ativa\u00e7\u00e3o anterior do bot\u00e3o de backup<\/strong> &#8211; os bot\u00f5es de backup agora s\u00e3o ativados ap\u00f3s o atraso inicial do pad, em vez de esperar at\u00e9 a volta final.<\/li>\n<\/ul>\n<p>&nbsp;<\/p>\n<ul>\n<li><strong>Suporte para numera\u00e7\u00e3o de pista FINA<\/strong> &#8211; O n\u00famero da pista pode ser alterado para come\u00e7ar com \u201c0\u201d de acordo com os requisitos da FINA ou qualquer n\u00famero com base na configura\u00e7\u00e3o do pool.<\/li>\n<\/ul>\n<p>&nbsp;<\/p>\n<ul>\n<li><strong>Estat\u00edsticas de Meet and Lane<\/strong> &#8211; Veja as estat\u00edsticas de toda a sess\u00e3o, das pistas individuais e do cronograma da sess\u00e3o. <a href=\"\/wp-content\/uploads\/2018\/04\/meet-statistics.png\" rel=\"wp-prettyPhoto[508]\"><img loading=\"lazy\" class=\"wp-image-529 size-full aligncenter\" src=\"\/wp-content\/uploads\/2018\/04\/meet-statistics.png\" alt=\"\" width=\"436\" height=\"220\" srcset=\"https:\/\/sa.ssttiming.com\/wp-content\/uploads\/2018\/04\/meet-statistics.png 436w, https:\/\/sa.ssttiming.com\/wp-content\/uploads\/2018\/04\/meet-statistics-300x151.png 300w\" sizes=\"(max-width: 436px) 100vw, 436px\" \/><\/a>\u00a0<a href=\"\/wp-content\/uploads\/2018\/04\/lane-statistics.png\" rel=\"wp-prettyPhoto[508]\"><img loading=\"lazy\" class=\"aligncenter wp-image-528 size-full\" src=\"\/wp-content\/uploads\/2018\/04\/lane-statistics.png\" alt=\"\" width=\"739\" height=\"295\" srcset=\"https:\/\/sa.ssttiming.com\/wp-content\/uploads\/2018\/04\/lane-statistics.png 739w, https:\/\/sa.ssttiming.com\/wp-content\/uploads\/2018\/04\/lane-statistics-300x120.png 300w\" sizes=\"(max-width: 739px) 100vw, 739px\" \/><\/a><\/li>\n<\/ul>\n<p>&nbsp;<\/p>\n<ul>\n<li><strong>Op\u00e7\u00e3o Serial Scoreboard Close<\/strong> &#8211; A porta serial do scoreboard pode agora ser fechada e reaberta sem sair do SST.<\/li>\n<\/ul>\n<p>&nbsp;<\/p>\n<ul>\n<li><strong>Layout de proje\u00e7\u00e3o do rel\u00f3gio de ritmo aprimorado<\/strong> &#8211; Os an\u00fancios agora podem ser exibidos com o rel\u00f3gio de ritmo no placar de proje\u00e7\u00e3o. Crie uma apresenta\u00e7\u00e3o de slides de an\u00fancios ou mensagens usando o layout de proje\u00e7\u00e3o do Pace Clock.<\/li>\n<\/ul>\n<p><a href=\"\/wp-content\/uploads\/2018\/04\/pace-clock-projection.png\" rel=\"wp-prettyPhoto[508]\"><img loading=\"lazy\" class=\"aligncenter wp-image-525 size-medium\" src=\"\/wp-content\/uploads\/2018\/04\/pace-clock-projection-300x167.png\" alt=\"\" width=\"300\" height=\"167\" srcset=\"https:\/\/sa.ssttiming.com\/wp-content\/uploads\/2018\/04\/pace-clock-projection-300x167.png 300w, https:\/\/sa.ssttiming.com\/wp-content\/uploads\/2018\/04\/pace-clock-projection-768x428.png 768w, https:\/\/sa.ssttiming.com\/wp-content\/uploads\/2018\/04\/pace-clock-projection.png 784w\" sizes=\"(max-width: 300px) 100vw, 300px\" \/><\/a><\/p>\n<ul>\n<li><strong>Suporte para pontua\u00e7\u00e3o da equipe<\/strong> &#8211; as pontua\u00e7\u00f5es da equipe podem agora ser inseridas e exibidas no placar de s\u00e9rie.<\/li>\n<\/ul>\n<p><a href=\"\/wp-content\/uploads\/2018\/04\/team-scores.png\" rel=\"wp-prettyPhoto[508]\"><img loading=\"lazy\" class=\"aligncenter wp-image-526 size-medium\" src=\"\/wp-content\/uploads\/2018\/04\/team-scores-300x174.png\" alt=\"\" width=\"300\" height=\"174\" srcset=\"https:\/\/sa.ssttiming.com\/wp-content\/uploads\/2018\/04\/team-scores-300x174.png 300w, https:\/\/sa.ssttiming.com\/wp-content\/uploads\/2018\/04\/team-scores-768x445.png 768w, https:\/\/sa.ssttiming.com\/wp-content\/uploads\/2018\/04\/team-scores.png 772w\" sizes=\"(max-width: 300px) 100vw, 300px\" \/><\/a><\/p>\n<ul>\n<li><strong>Op\u00e7\u00f5es de configura\u00e7\u00e3o dispon\u00edveis durante a corrida<\/strong> \u2014 A janela de configura\u00e7\u00e3o agora est\u00e1 dispon\u00edvel durante uma corrida para permitir altera\u00e7\u00f5es no mapeamento da pista, layouts do placar, etc.<\/li>\n<\/ul>\n<p>&nbsp;<\/p>\n<ul>\n<li><strong>Novo local padr\u00e3o para os arquivos de resultados da corrida<\/strong><\/li>\n<\/ul>\n<p>&nbsp;<\/p>\n<p>&nbsp;<\/p>\n<p><a href=\"\/timing-software\/demo\/\"><img loading=\"lazy\" class=\"aligncenter wp-image-520 size-medium\" src=\"\/wp-content\/uploads\/2018\/04\/Download-button-300x300.png\" alt=\"\" width=\"300\" height=\"300\" srcset=\"https:\/\/sa.ssttiming.com\/wp-content\/uploads\/2018\/04\/Download-button-300x300.png 300w, https:\/\/sa.ssttiming.com\/wp-content\/uploads\/2018\/04\/Download-button-150x150.png 150w, https:\/\/sa.ssttiming.com\/wp-content\/uploads\/2018\/04\/Download-button.png 500w\" sizes=\"(max-width: 300px) 100vw, 300px\" \/><\/a><\/p>\n","protected":false},"excerpt":{"rendered":"<p>Temos o prazer de anunciar o lan\u00e7amento do SST Vers\u00e3o 7 Aqui est\u00e1 o que h\u00e1 de novo e aprimorado nesta nova atualiza\u00e7\u00e3o: Evento \/ Partida que pode ser alterado ap\u00f3s o in\u00edcio de uma corrida \u2014 O evento e \/ ou partida pode ser alterado at\u00e9<\/p>","protected":false},"author":1,"featured_media":0,"parent":42,"menu_order":1,"comment_status":"closed","ping_status":"closed","template":"","meta":[],"yoast_head":"<!-- This site is optimized with the Yoast SEO plugin v18.4.1 - https:\/\/yoast.com\/wordpress\/plugins\/seo\/ -->\n<title>Software Version 7 - Superior Swim Timing<\/title>\n<meta name=\"robots\" content=\"index, follow, max-snippet:-1, max-image-preview:large, max-video-preview:-1\" \/>\n<link rel=\"canonical\" href=\"https:\/\/sa.ssttiming.com\/es\/timing-software\/software-version-7\/\" \/>\n<meta property=\"og:locale\" content=\"es_ES\" \/>\n<meta property=\"og:type\" content=\"article\" \/>\n<meta property=\"og:title\" content=\"Software Version 7 - Superior Swim Timing\" \/>\n<meta property=\"og:description\" content=\"Temos o prazer de anunciar o lan\u00e7amento do SST Vers\u00e3o 7 Aqui est\u00e1 o que h\u00e1 de novo e aprimorado nesta nova atualiza\u00e7\u00e3o: Evento \/ Partida que pode ser alterado ap\u00f3s o in\u00edcio de uma corrida \u2014 O evento e \/ ou partida pode ser alterado at\u00e9\" \/>\n<meta property=\"og:url\" content=\"https:\/\/sa.ssttiming.com\/es\/timing-software\/software-version-7\/\" \/>\n<meta property=\"og:site_name\" content=\"Superior Swim Timing\" \/>\n<meta property=\"article:publisher\" content=\"https:\/\/www.facebook.com\/SSTTiming\/\" \/>\n<meta property=\"article:modified_time\" content=\"2021-04-14T18:25:03+00:00\" \/>\n<meta property=\"og:image\" content=\"https:\/\/sa.ssttiming.com\/wp-content\/uploads\/2018\/04\/web-banner-for-version-7-page-1024x256.png\" \/>\n<meta name=\"twitter:card\" content=\"summary\" \/>\n<meta name=\"twitter:label1\" content=\"Tiempo de lectura\" \/>\n\t<meta name=\"twitter:data1\" content=\"4 minutos\" \/>\n<script type=\"application\/ld+json\" class=\"yoast-schema-graph\">{\"@context\":\"https:\/\/schema.org\",\"@graph\":[{\"@type\":\"Organization\",\"@id\":\"https:\/\/sa.ssttiming.com\/#organization\",\"name\":\"Superior Swim Timing\",\"url\":\"https:\/\/sa.ssttiming.com\/\",\"sameAs\":[\"https:\/\/www.facebook.com\/SSTTiming\/\"],\"logo\":{\"@type\":\"ImageObject\",\"@id\":\"https:\/\/sa.ssttiming.com\/#logo\",\"inLanguage\":\"es-AR\",\"url\":\"https:\/\/sa.ssttiming.com\/wp-content\/uploads\/2013\/08\/SSTlogo1.png\",\"contentUrl\":\"https:\/\/sa.ssttiming.com\/wp-content\/uploads\/2013\/08\/SSTlogo1.png\",\"width\":893,\"height\":150,\"caption\":\"Superior Swim Timing\"},\"image\":{\"@id\":\"https:\/\/sa.ssttiming.com\/#logo\"}},{\"@type\":\"WebSite\",\"@id\":\"https:\/\/sa.ssttiming.com\/#website\",\"url\":\"https:\/\/sa.ssttiming.com\/\",\"name\":\"Superior Swim Timing\",\"description\":\"A solu\u00e7\u00e3o de tempo acess\u00edvel e com recursos completos\",\"publisher\":{\"@id\":\"https:\/\/sa.ssttiming.com\/#organization\"},\"potentialAction\":[{\"@type\":\"SearchAction\",\"target\":{\"@type\":\"EntryPoint\",\"urlTemplate\":\"https:\/\/sa.ssttiming.com\/?s={search_term_string}\"},\"query-input\":\"required name=search_term_string\"}],\"inLanguage\":\"es-AR\"},{\"@type\":\"ImageObject\",\"@id\":\"https:\/\/sa.ssttiming.com\/es\/timing-software\/software-version-7\/#primaryimage\",\"inLanguage\":\"es-AR\",\"url\":\"\/wp-content\/uploads\/2018\/04\/web-banner-for-version-7-page-1024x256.png\",\"contentUrl\":\"\/wp-content\/uploads\/2018\/04\/web-banner-for-version-7-page-1024x256.png\"},{\"@type\":\"WebPage\",\"@id\":\"https:\/\/sa.ssttiming.com\/es\/timing-software\/software-version-7\/#webpage\",\"url\":\"https:\/\/sa.ssttiming.com\/es\/timing-software\/software-version-7\/\",\"name\":\"Software Version 7 - Superior Swim Timing\",\"isPartOf\":{\"@id\":\"https:\/\/sa.ssttiming.com\/#website\"},\"primaryImageOfPage\":{\"@id\":\"https:\/\/sa.ssttiming.com\/es\/timing-software\/software-version-7\/#primaryimage\"},\"datePublished\":\"2018-04-15T14:00:22+00:00\",\"dateModified\":\"2021-04-14T18:25:03+00:00\",\"breadcrumb\":{\"@id\":\"https:\/\/sa.ssttiming.com\/es\/timing-software\/software-version-7\/#breadcrumb\"},\"inLanguage\":\"es-AR\",\"potentialAction\":[{\"@type\":\"ReadAction\",\"target\":[\"https:\/\/sa.ssttiming.com\/es\/timing-software\/software-version-7\/\"]}]},{\"@type\":\"BreadcrumbList\",\"@id\":\"https:\/\/sa.ssttiming.com\/es\/timing-software\/software-version-7\/#breadcrumb\",\"itemListElement\":[{\"@type\":\"ListItem\",\"position\":1,\"name\":\"Home\",\"item\":\"https:\/\/sa.ssttiming.com\/\"},{\"@type\":\"ListItem\",\"position\":2,\"name\":\"Software de cronometragem\",\"item\":\"https:\/\/sa.ssttiming.com\/timing-software\/\"},{\"@type\":\"ListItem\",\"position\":3,\"name\":\"Software Version 7\"}]}]}<\/script>\n<!-- \/ Yoast SEO plugin. -->","yoast_head_json":{"title":"Software Version 7 - Superior Swim Timing","robots":{"index":"index","follow":"follow","max-snippet":"max-snippet:-1","max-image-preview":"max-image-preview:large","max-video-preview":"max-video-preview:-1"},"canonical":"https:\/\/sa.ssttiming.com\/es\/timing-software\/software-version-7\/","og_locale":"es_ES","og_type":"article","og_title":"Software Version 7 - Superior Swim Timing","og_description":"Temos o prazer de anunciar o lan\u00e7amento do SST Vers\u00e3o 7 Aqui est\u00e1 o que h\u00e1 de novo e aprimorado nesta nova atualiza\u00e7\u00e3o: Evento \/ Partida que pode ser alterado ap\u00f3s o in\u00edcio de uma corrida \u2014 O evento e \/ ou partida pode ser alterado at\u00e9","og_url":"https:\/\/sa.ssttiming.com\/es\/timing-software\/software-version-7\/","og_site_name":"Superior Swim Timing","article_publisher":"https:\/\/www.facebook.com\/SSTTiming\/","article_modified_time":"2021-04-14T18:25:03+00:00","og_image":[{"url":"https:\/\/sa.ssttiming.com\/wp-content\/uploads\/2018\/04\/web-banner-for-version-7-page-1024x256.png"}],"twitter_card":"summary","twitter_misc":{"Tiempo de lectura":"4 minutos"},"schema":{"@context":"https:\/\/schema.org","@graph":[{"@type":"Organization","@id":"https:\/\/sa.ssttiming.com\/#organization","name":"Tiempo de nataci\u00f3n superior","url":"https:\/\/sa.ssttiming.com\/","sameAs":["https:\/\/www.facebook.com\/SSTTiming\/"],"logo":{"@type":"ImageObject","@id":"https:\/\/sa.ssttiming.com\/#logo","inLanguage":"es-AR","url":"https:\/\/sa.ssttiming.com\/wp-content\/uploads\/2013\/08\/SSTlogo1.png","contentUrl":"https:\/\/sa.ssttiming.com\/wp-content\/uploads\/2013\/08\/SSTlogo1.png","width":893,"height":150,"caption":"Superior Swim Timing"},"image":{"@id":"https:\/\/sa.ssttiming.com\/#logo"}},{"@type":"WebSite","@id":"https:\/\/sa.ssttiming.com\/#website","url":"https:\/\/sa.ssttiming.com\/","name":"Tiempo de nataci\u00f3n superior","description":"Una soluci\u00f3n de tempo acess\u00edvel e com recursos completos","publisher":{"@id":"https:\/\/sa.ssttiming.com\/#organization"},"potentialAction":[{"@type":"SearchAction","target":{"@type":"EntryPoint","urlTemplate":"https:\/\/sa.ssttiming.com\/?s={search_term_string}"},"query-input":"required name=search_term_string"}],"inLanguage":"es-AR"},{"@type":"ImageObject","@id":"https:\/\/sa.ssttiming.com\/es\/timing-software\/software-version-7\/#primaryimage","inLanguage":"es-AR","url":"\/wp-content\/uploads\/2018\/04\/web-banner-for-version-7-page-1024x256.png","contentUrl":"\/wp-content\/uploads\/2018\/04\/web-banner-for-version-7-page-1024x256.png"},{"@type":"WebPage","@id":"https:\/\/sa.ssttiming.com\/es\/timing-software\/software-version-7\/#webpage","url":"https:\/\/sa.ssttiming.com\/es\/timing-software\/software-version-7\/","name":"Software Version 7 - Superior Swim Timing","isPartOf":{"@id":"https:\/\/sa.ssttiming.com\/#website"},"primaryImageOfPage":{"@id":"https:\/\/sa.ssttiming.com\/es\/timing-software\/software-version-7\/#primaryimage"},"datePublished":"2018-04-15T14:00:22+00:00","dateModified":"2021-04-14T18:25:03+00:00","breadcrumb":{"@id":"https:\/\/sa.ssttiming.com\/es\/timing-software\/software-version-7\/#breadcrumb"},"inLanguage":"es-AR","potentialAction":[{"@type":"ReadAction","target":["https:\/\/sa.ssttiming.com\/es\/timing-software\/software-version-7\/"]}]},{"@type":"BreadcrumbList","@id":"https:\/\/sa.ssttiming.com\/es\/timing-software\/software-version-7\/#breadcrumb","itemListElement":[{"@type":"ListItem","position":1,"name":"Home","item":"https:\/\/sa.ssttiming.com\/"},{"@type":"ListItem","position":2,"name":"Software de cronometragem","item":"https:\/\/sa.ssttiming.com\/timing-software\/"},{"@type":"ListItem","position":3,"name":"Software Version 7"}]}]}},"_links":{"self":[{"href":"https:\/\/sa.ssttiming.com\/es\/wp-json\/wp\/v2\/pages\/508"}],"collection":[{"href":"https:\/\/sa.ssttiming.com\/es\/wp-json\/wp\/v2\/pages"}],"about":[{"href":"https:\/\/sa.ssttiming.com\/es\/wp-json\/wp\/v2\/types\/page"}],"author":[{"embeddable":true,"href":"https:\/\/sa.ssttiming.com\/es\/wp-json\/wp\/v2\/users\/1"}],"replies":[{"embeddable":true,"href":"https:\/\/sa.ssttiming.com\/es\/wp-json\/wp\/v2\/comments?post=508"}],"version-history":[{"count":27,"href":"https:\/\/sa.ssttiming.com\/es\/wp-json\/wp\/v2\/pages\/508\/revisions"}],"predecessor-version":[{"id":836,"href":"https:\/\/sa.ssttiming.com\/es\/wp-json\/wp\/v2\/pages\/508\/revisions\/836"}],"up":[{"embeddable":true,"href":"https:\/\/sa.ssttiming.com\/es\/wp-json\/wp\/v2\/pages\/42"}],"wp:attachment":[{"href":"https:\/\/sa.ssttiming.com\/es\/wp-json\/wp\/v2\/media?parent=508"}],"curies":[{"name":"wp","href":"https:\/\/api.w.org\/{rel}","templated":true}]}}