{"id":551,"date":"2018-06-01T09:51:01","date_gmt":"2018-06-01T13:51:01","guid":{"rendered":"https:\/\/www.superiorswimtiming.com\/SwimFast\/?page_id=551"},"modified":"2021-04-16T13:37:31","modified_gmt":"2021-04-16T17:37:31","slug":"privacy-policy","status":"publish","type":"page","link":"https:\/\/sa.ssttiming.com\/es\/contact-us\/privacy-policy\/","title":{"rendered":"Pol\u00edtica de Privacidade"},"content":{"rendered":"<p>Superior Swim Timing encontrado em https:\/\/ssttiming.com\/ (\u201cSite\u201d) \u00e9 regido pela seguinte pol\u00edtica de privacidade (\u201cPol\u00edtica de Privacidade\u201d).<\/p>\n<p>Respeitamos sua privacidade e temos o compromisso de proteg\u00ea-la. O objetivo desta Pol\u00edtica de Privacidade \u00e9 inform\u00e1-lo sobre as informa\u00e7\u00f5es de identifica\u00e7\u00e3o pessoal que podemos coletar e como elas podem ser usadas. Esta declara\u00e7\u00e3o se aplica apenas a este site.<\/p>\n<p>QUE INFORMA\u00c7\u00d5ES RECOLHEMOS E COMO S\u00c3O UTILIZADAS?<\/p>\n<p>Informa\u00e7\u00f5es que voc\u00ea envia voluntariamente para o site: Podemos coletar informa\u00e7\u00f5es pessoais suas, como seu nome, endere\u00e7o de e-mail, endere\u00e7o de entrega. Por exemplo, voc\u00ea pode enviar voluntariamente informa\u00e7\u00f5es para o site, concluindo uma compra ou enviando um formul\u00e1rio de contato.<\/p>\n<p>Informa\u00e7\u00f5es coletadas automaticamente: Coletamos automaticamente certas informa\u00e7\u00f5es sobre voc\u00ea e o dispositivo com o qual voc\u00ea acessa o site. Por exemplo, quando voc\u00ea usa o site, registraremos seu endere\u00e7o IP, tipo de sistema operacional, tipo de navegador, site de refer\u00eancia, p\u00e1ginas que voc\u00ea visualizou e as datas \/ hor\u00e1rios em que acessou o site. Tamb\u00e9m podemos coletar informa\u00e7\u00f5es sobre as a\u00e7\u00f5es que voc\u00ea realiza ao usar o site, como links clicados.<\/p>\n<p>Cookies: podemos registrar informa\u00e7\u00f5es usando cookies, que s\u00e3o pequenos arquivos de dados armazenados em seu navegador pelo site. Podemos usar cookies de sess\u00e3o, que expiram quando voc\u00ea fecha o navegador, e cookies persistentes, que permanecem no navegador at\u00e9 serem exclu\u00eddos, para fornecer a voc\u00ea uma experi\u00eancia mais personalizada no site.<\/p>\n<p>COMO SUAS INFORMA\u00c7\u00d5ES PODEM SER USADAS<\/p>\n<p>Podemos usar as informa\u00e7\u00f5es coletadas das seguintes maneiras:<\/p>\n<p>Para operar e manter o site;<br \/>\nPara criar sua conta, identifique-o como um usu\u00e1rio do site e personalize o site para sua conta;<br \/>\nPara enviar informa\u00e7\u00f5es promocionais, como boletins informativos. Cada promo\u00e7\u00e3o por e-mail fornecer\u00e1 informa\u00e7\u00f5es sobre como cancelar futuras correspond\u00eancias;<br \/>\nPara enviar a voc\u00ea comunica\u00e7\u00f5es administrativas, como e-mails administrativos, e-mails de confirma\u00e7\u00e3o, avisos t\u00e9cnicos, atualiza\u00e7\u00f5es de pol\u00edticas ou alertas de seguran\u00e7a;<br \/>\nPara responder aos seus coment\u00e1rios ou perguntas;<br \/>\nPara fornecer suporte ao usu\u00e1rio;<br \/>\nPara proteger, investigar e impedir atividades n\u00e3o autorizadas ou ilegais.<\/p>\n<p>USO DE INFORMA\u00c7\u00d5ES PESSOAIS POR TERCEIROS<\/p>\n<p>Podemos compartilhar suas informa\u00e7\u00f5es com terceiros quando voc\u00ea explicitamente nos autorizar a compartilhar suas informa\u00e7\u00f5es.<\/p>\n<p>Al\u00e9m disso, o site pode usar prestadores de servi\u00e7os terceirizados para atender a v\u00e1rios aspectos do site. O uso de suas informa\u00e7\u00f5es pessoais por provedor de servi\u00e7os terceirizado \u00e9 ditado por suas respectivas pol\u00edticas de privacidade.<\/p>\n<p>O site atualmente usa os seguintes provedores de servi\u00e7os terceirizados:<\/p>\n<p>Google Analytics &#8211; este servi\u00e7o rastreia o uso do site e fornece informa\u00e7\u00f5es como sites de refer\u00eancia e a\u00e7\u00f5es do usu\u00e1rio no site. O Google Analytics pode capturar seu endere\u00e7o IP, mas nenhuma outra informa\u00e7\u00e3o pessoal \u00e9 capturada pelo Google Analytics. Temos uma exclus\u00e3o autom\u00e1tica de todos os endere\u00e7os IP por meio de sua ferramenta. Quando os dados chegam ao final do per\u00edodo de reten\u00e7\u00e3o (26 meses), eles s\u00e3o exclu\u00eddos automaticamente mensalmente.<br \/>\nContato constante &#8211; este servi\u00e7o \u00e9 usado para entrega de atualiza\u00e7\u00f5es por e-mail e newsletters. Armazenamos seu nome e endere\u00e7o de e-mail para fins de entrega de tais comunica\u00e7\u00f5es. N\u00e3o compartilhamos ou alugamos nenhuma das informa\u00e7\u00f5es de nossos assinantes. Voc\u00ea pode editar suas informa\u00e7\u00f5es ou excluir sua inscri\u00e7\u00e3o por meio dos links na parte inferior do e-mail.<\/p>\n<p>Conte\u00fado incorporado de outros sites<\/p>\n<p>Os artigos neste site podem incluir conte\u00fado incorporado (por exemplo, V\u00cdDEOS). O conte\u00fado incorporado de outros sites se comporta exatamente da mesma maneira como se o visitante tivesse visitado o outro site.<\/p>\n<p>Esses sites podem coletar dados sobre voc\u00ea, usar cookies, incorporar rastreamento adicional de terceiros e monitorar sua intera\u00e7\u00e3o com esse conte\u00fado incorporado, incluindo rastrear sua intera\u00e7\u00e3o com o conte\u00fado incorporado se voc\u00ea tiver uma conta e estiver conectado a esse site.<\/p>\n<p>DADOS AN\u00d4NIMOS<\/p>\n<p>De vez em quando, podemos usar dados an\u00f4nimos, que n\u00e3o identificam voc\u00ea sozinho ou quando combinados com dados de outras partes. Este tipo de dados an\u00f4nimos pode ser fornecido a terceiros para marketing, publicidade ou outros usos. Exemplos desses dados an\u00f4nimos podem incluir an\u00e1lises ou informa\u00e7\u00f5es coletadas de cookies.<\/p>\n<p>BISCOITOS<\/p>\n<p>O site usa cookies para armazenar informa\u00e7\u00f5es sobre quais p\u00e1ginas os usu\u00e1rios acessam ou visitam, personalizar o conte\u00fado do site com base no tipo de navegador dos visitantes ou outras informa\u00e7\u00f5es que o visitante envia. Os cookies tamb\u00e9m podem ser usados \u200b\u200bpor servi\u00e7os de terceiros, como o Google Analytics, conforme descrito neste documento.<\/p>\n<p>Os usu\u00e1rios podem, a qualquer momento, impedir a configura\u00e7\u00e3o de cookies, pelo site, usando uma configura\u00e7\u00e3o correspondente do seu navegador de internet e, portanto, podem negar permanentemente a configura\u00e7\u00e3o de cookies. Al\u00e9m disso, os cookies j\u00e1 configurados podem ser exclu\u00eddos a qualquer momento por meio de um navegador da Internet ou outros programas de software. Isso \u00e9 poss\u00edvel em todos os navegadores de Internet populares. No entanto, se os usu\u00e1rios desativarem a configura\u00e7\u00e3o de cookies no seu navegador da Internet, nem todas as fun\u00e7\u00f5es do nosso site podem ser totalmente utiliz\u00e1veis.<\/p>\n<p>PROPAGANDA<\/p>\n<p>boletins informativos<\/p>\n<p>Nas teias<\/p>","protected":false},"excerpt":{"rendered":"<p>Superior Swim Timing encontrado em https:\/\/ssttiming.com\/ (\u201cSite\u201d) \u00e9 regido pela seguinte pol\u00edtica de privacidade (\u201cPol\u00edtica de Privacidade\u201d). Respeitamos sua privacidade e temos o compromisso de proteg\u00ea-la. O objetivo desta Pol\u00edtica de Privacidade \u00e9 inform\u00e1-lo sobre as informa\u00e7\u00f5es de identifica\u00e7\u00e3o pessoal que podemos coletar e como elas podem<\/p>","protected":false},"author":2,"featured_media":0,"parent":95,"menu_order":99,"comment_status":"closed","ping_status":"closed","template":"page-FullWidth.php","meta":[],"yoast_head":"<!-- This site is optimized with the Yoast SEO plugin v18.4.1 - https:\/\/yoast.com\/wordpress\/plugins\/seo\/ -->\n<title>Pol\u00edtica de Privacidade - Superior Swim Timing<\/title>\n<meta name=\"robots\" content=\"index, follow, max-snippet:-1, max-image-preview:large, max-video-preview:-1\" \/>\n<link rel=\"canonical\" href=\"https:\/\/sa.ssttiming.com\/es\/contact-us\/privacy-policy\/\" \/>\n<meta property=\"og:locale\" content=\"es_ES\" \/>\n<meta property=\"og:type\" content=\"article\" \/>\n<meta property=\"og:title\" content=\"Pol\u00edtica de Privacidade - Superior Swim Timing\" \/>\n<meta property=\"og:description\" content=\"Superior Swim Timing encontrado em https:\/\/ssttiming.com\/ (\u201cSite\u201d) \u00e9 regido pela seguinte pol\u00edtica de privacidade (\u201cPol\u00edtica de Privacidade\u201d). Respeitamos sua privacidade e temos o compromisso de proteg\u00ea-la. O objetivo desta Pol\u00edtica de Privacidade \u00e9 inform\u00e1-lo sobre as informa\u00e7\u00f5es de identifica\u00e7\u00e3o pessoal que podemos coletar e como elas podem\" \/>\n<meta property=\"og:url\" content=\"https:\/\/sa.ssttiming.com\/es\/contact-us\/privacy-policy\/\" \/>\n<meta property=\"og:site_name\" content=\"Superior Swim Timing\" \/>\n<meta property=\"article:publisher\" content=\"https:\/\/www.facebook.com\/SSTTiming\/\" \/>\n<meta property=\"article:modified_time\" content=\"2021-04-16T17:37:31+00:00\" \/>\n<meta name=\"twitter:card\" content=\"summary\" \/>\n<meta name=\"twitter:label1\" content=\"Tiempo de lectura\" \/>\n\t<meta name=\"twitter:data1\" content=\"4 minutos\" \/>\n<script type=\"application\/ld+json\" class=\"yoast-schema-graph\">{\"@context\":\"https:\/\/schema.org\",\"@graph\":[{\"@type\":\"Organization\",\"@id\":\"https:\/\/sa.ssttiming.com\/#organization\",\"name\":\"Superior Swim Timing\",\"url\":\"https:\/\/sa.ssttiming.com\/\",\"sameAs\":[\"https:\/\/www.facebook.com\/SSTTiming\/\"],\"logo\":{\"@type\":\"ImageObject\",\"@id\":\"https:\/\/sa.ssttiming.com\/#logo\",\"inLanguage\":\"es-AR\",\"url\":\"https:\/\/sa.ssttiming.com\/wp-content\/uploads\/2013\/08\/SSTlogo1.png\",\"contentUrl\":\"https:\/\/sa.ssttiming.com\/wp-content\/uploads\/2013\/08\/SSTlogo1.png\",\"width\":893,\"height\":150,\"caption\":\"Superior Swim Timing\"},\"image\":{\"@id\":\"https:\/\/sa.ssttiming.com\/#logo\"}},{\"@type\":\"WebSite\",\"@id\":\"https:\/\/sa.ssttiming.com\/#website\",\"url\":\"https:\/\/sa.ssttiming.com\/\",\"name\":\"Superior Swim Timing\",\"description\":\"A solu\u00e7\u00e3o de tempo acess\u00edvel e com recursos completos\",\"publisher\":{\"@id\":\"https:\/\/sa.ssttiming.com\/#organization\"},\"potentialAction\":[{\"@type\":\"SearchAction\",\"target\":{\"@type\":\"EntryPoint\",\"urlTemplate\":\"https:\/\/sa.ssttiming.com\/?s={search_term_string}\"},\"query-input\":\"required name=search_term_string\"}],\"inLanguage\":\"es-AR\"},{\"@type\":\"WebPage\",\"@id\":\"https:\/\/sa.ssttiming.com\/es\/contact-us\/privacy-policy\/#webpage\",\"url\":\"https:\/\/sa.ssttiming.com\/es\/contact-us\/privacy-policy\/\",\"name\":\"Pol\u00edtica de Privacidade - Superior Swim Timing\",\"isPartOf\":{\"@id\":\"https:\/\/sa.ssttiming.com\/#website\"},\"datePublished\":\"2018-06-01T13:51:01+00:00\",\"dateModified\":\"2021-04-16T17:37:31+00:00\",\"breadcrumb\":{\"@id\":\"https:\/\/sa.ssttiming.com\/es\/contact-us\/privacy-policy\/#breadcrumb\"},\"inLanguage\":\"es-AR\",\"potentialAction\":[{\"@type\":\"ReadAction\",\"target\":[\"https:\/\/sa.ssttiming.com\/es\/contact-us\/privacy-policy\/\"]}]},{\"@type\":\"BreadcrumbList\",\"@id\":\"https:\/\/sa.ssttiming.com\/es\/contact-us\/privacy-policy\/#breadcrumb\",\"itemListElement\":[{\"@type\":\"ListItem\",\"position\":1,\"name\":\"Home\",\"item\":\"https:\/\/sa.ssttiming.com\/\"},{\"@type\":\"ListItem\",\"position\":2,\"name\":\"Sobre n\u00f3s\",\"item\":\"https:\/\/sa.ssttiming.com\/es\/contact-us\/\"},{\"@type\":\"ListItem\",\"position\":3,\"name\":\"Pol\u00edtica de Privacidade\"}]}]}<\/script>\n<!-- \/ Yoast SEO plugin. -->","yoast_head_json":{"title":"Pol\u00edtica de Privacidade - Superior Swim Timing","robots":{"index":"index","follow":"follow","max-snippet":"max-snippet:-1","max-image-preview":"max-image-preview:large","max-video-preview":"max-video-preview:-1"},"canonical":"https:\/\/sa.ssttiming.com\/es\/contact-us\/privacy-policy\/","og_locale":"es_ES","og_type":"article","og_title":"Pol\u00edtica de Privacidade - Superior Swim Timing","og_description":"Superior Swim Timing encontrado em https:\/\/ssttiming.com\/ (\u201cSite\u201d) \u00e9 regido pela seguinte pol\u00edtica de privacidade (\u201cPol\u00edtica de Privacidade\u201d). Respeitamos sua privacidade e temos o compromisso de proteg\u00ea-la. O objetivo desta Pol\u00edtica de Privacidade \u00e9 inform\u00e1-lo sobre as informa\u00e7\u00f5es de identifica\u00e7\u00e3o pessoal que podemos coletar e como elas podem","og_url":"https:\/\/sa.ssttiming.com\/es\/contact-us\/privacy-policy\/","og_site_name":"Superior Swim Timing","article_publisher":"https:\/\/www.facebook.com\/SSTTiming\/","article_modified_time":"2021-04-16T17:37:31+00:00","twitter_card":"summary","twitter_misc":{"Tiempo de lectura":"4 minutos"},"schema":{"@context":"https:\/\/schema.org","@graph":[{"@type":"Organization","@id":"https:\/\/sa.ssttiming.com\/#organization","name":"Tiempo de nataci\u00f3n superior","url":"https:\/\/sa.ssttiming.com\/","sameAs":["https:\/\/www.facebook.com\/SSTTiming\/"],"logo":{"@type":"ImageObject","@id":"https:\/\/sa.ssttiming.com\/#logo","inLanguage":"es-AR","url":"https:\/\/sa.ssttiming.com\/wp-content\/uploads\/2013\/08\/SSTlogo1.png","contentUrl":"https:\/\/sa.ssttiming.com\/wp-content\/uploads\/2013\/08\/SSTlogo1.png","width":893,"height":150,"caption":"Superior Swim Timing"},"image":{"@id":"https:\/\/sa.ssttiming.com\/#logo"}},{"@type":"WebSite","@id":"https:\/\/sa.ssttiming.com\/#website","url":"https:\/\/sa.ssttiming.com\/","name":"Tiempo de nataci\u00f3n superior","description":"Una soluci\u00f3n de tempo acess\u00edvel e com recursos completos","publisher":{"@id":"https:\/\/sa.ssttiming.com\/#organization"},"potentialAction":[{"@type":"SearchAction","target":{"@type":"EntryPoint","urlTemplate":"https:\/\/sa.ssttiming.com\/?s={search_term_string}"},"query-input":"required name=search_term_string"}],"inLanguage":"es-AR"},{"@type":"WebPage","@id":"https:\/\/sa.ssttiming.com\/es\/contact-us\/privacy-policy\/#webpage","url":"https:\/\/sa.ssttiming.com\/es\/contact-us\/privacy-policy\/","name":"Pol\u00edtica de Privacidade - Superior Swim Timing","isPartOf":{"@id":"https:\/\/sa.ssttiming.com\/#website"},"datePublished":"2018-06-01T13:51:01+00:00","dateModified":"2021-04-16T17:37:31+00:00","breadcrumb":{"@id":"https:\/\/sa.ssttiming.com\/es\/contact-us\/privacy-policy\/#breadcrumb"},"inLanguage":"es-AR","potentialAction":[{"@type":"ReadAction","target":["https:\/\/sa.ssttiming.com\/es\/contact-us\/privacy-policy\/"]}]},{"@type":"BreadcrumbList","@id":"https:\/\/sa.ssttiming.com\/es\/contact-us\/privacy-policy\/#breadcrumb","itemListElement":[{"@type":"ListItem","position":1,"name":"Home","item":"https:\/\/sa.ssttiming.com\/"},{"@type":"ListItem","position":2,"name":"Sobre n\u00f3s","item":"https:\/\/sa.ssttiming.com\/es\/contact-us\/"},{"@type":"ListItem","position":3,"name":"Pol\u00edtica de Privacidade"}]}]}},"_links":{"self":[{"href":"https:\/\/sa.ssttiming.com\/es\/wp-json\/wp\/v2\/pages\/551"}],"collection":[{"href":"https:\/\/sa.ssttiming.com\/es\/wp-json\/wp\/v2\/pages"}],"about":[{"href":"https:\/\/sa.ssttiming.com\/es\/wp-json\/wp\/v2\/types\/page"}],"author":[{"embeddable":true,"href":"https:\/\/sa.ssttiming.com\/es\/wp-json\/wp\/v2\/users\/2"}],"replies":[{"embeddable":true,"href":"https:\/\/sa.ssttiming.com\/es\/wp-json\/wp\/v2\/comments?post=551"}],"version-history":[{"count":7,"href":"https:\/\/sa.ssttiming.com\/es\/wp-json\/wp\/v2\/pages\/551\/revisions"}],"predecessor-version":[{"id":862,"href":"https:\/\/sa.ssttiming.com\/es\/wp-json\/wp\/v2\/pages\/551\/revisions\/862"}],"up":[{"embeddable":true,"href":"https:\/\/sa.ssttiming.com\/es\/wp-json\/wp\/v2\/pages\/95"}],"wp:attachment":[{"href":"https:\/\/sa.ssttiming.com\/es\/wp-json\/wp\/v2\/media?parent=551"}],"curies":[{"name":"wp","href":"https:\/\/api.w.org\/{rel}","templated":true}]}}