{"id":617,"date":"2019-04-26T14:04:56","date_gmt":"2019-04-26T18:04:56","guid":{"rendered":"https:\/\/www.superiorswimtiming.com\/SwimFast\/?page_id=617"},"modified":"2021-04-14T13:38:42","modified_gmt":"2021-04-14T17:38:42","slug":"atlantis-starter","status":"publish","type":"page","link":"https:\/\/sa.ssttiming.com\/es\/atlantis-starter\/","title":{"rendered":"Arrancador Atlantis"},"content":{"rendered":"<p><a href=\"\/wp-content\/uploads\/2019\/04\/Viridian-Castle-Co..png\" rel=\"wp-prettyPhoto[617]\"><img loading=\"lazy\" class=\"wp-image-643 size-large aligncenter\" src=\"\/wp-content\/uploads\/2019\/04\/Viridian-Castle-Co.-1024x493.png\" alt=\"\" width=\"600\" height=\"289\" srcset=\"https:\/\/sa.ssttiming.com\/wp-content\/uploads\/2019\/04\/Viridian-Castle-Co.-1024x493.png 1024w, https:\/\/sa.ssttiming.com\/wp-content\/uploads\/2019\/04\/Viridian-Castle-Co.-300x144.png 300w, https:\/\/sa.ssttiming.com\/wp-content\/uploads\/2019\/04\/Viridian-Castle-Co.-768x370.png 768w, https:\/\/sa.ssttiming.com\/wp-content\/uploads\/2019\/04\/Viridian-Castle-Co..png 1350w\" sizes=\"(max-width: 600px) 100vw, 600px\" \/><\/a><\/p>\n<h1 style=\"text-align: center;\">Apresentando o novo Atlantis Starter!<\/h1>\n<p style=\"text-align: center;\">O Atlantis Starter \u00e9 o mais novo produto da Superior Swim Timing. Este sistema de iniciante cheio de recursos traz uma sensa\u00e7\u00e3o de confian\u00e7a e facilidade ao adicion\u00e1-lo ao seu equipamento de competi\u00e7\u00e3o de nata\u00e7\u00e3o. Basta conectar seus cabos e voc\u00ea estar\u00e1 pronto para funcionar por 3-4 dias antes de precisar carregar a bateria.<\/p>\n<h4><\/h4>\n<h4><\/h4>\n<h4>Caracter\u00edsticos:<\/h4>\n<ul>\n<li>Suporta alto-falantes de pista.<\/li>\n<li>Estrobosc\u00f3pio de in\u00edcio de 360 graus incrivelmente brilhante.<\/li>\n<li>A dura\u00e7\u00e3o da bateria \u00e9 o melhor que voc\u00ea encontrar\u00e1! O monitor de bateria informar\u00e1 exatamente o estado atual das baterias. As baterias recarreg\u00e1veis s\u00e3o de baixo custo e facilmente substitu\u00edveis.<\/li>\n<li>O microfone do Atlantis vem com um cabo de 25 p\u00e9s.<\/li>\n<li>Existem 3 op\u00e7\u00f5es de montagem para Atlantis:\n<ul>\n<li>Tampo da mesa<\/li>\n<li>Montagem de trip\u00e9 (o usu\u00e1rio pode usar um trip\u00e9 de estilo fotogr\u00e1fico padr\u00e3o.)<\/li>\n<li>Montagem em poste ou parede opcional<\/li>\n<\/ul>\n<\/li>\n<li>Estrobosc\u00f3pio externo opcional.<\/li>\n<\/ul>\n<p>&nbsp;<\/p>\n\n\t\t<style type=\"text\/css\">\n\t\t\t#gallery-1 {\n\t\t\t\tmargin: auto;\n\t\t\t}\n\t\t\t#gallery-1 .gallery-item {\n\t\t\t\tfloat: left;\n\t\t\t\tmargin-top: 10px;\n\t\t\t\ttext-align: center;\n\t\t\t\twidth: 33%;\n\t\t\t}\n\t\t\t#gallery-1 img {\n\t\t\t\tborder: 2px solid #cfcfcf;\n\t\t\t}\n\t\t\t#gallery-1 .gallery-caption {\n\t\t\t\tmargin-left: 0;\n\t\t\t}\n\t\t\t\/* see gallery_shortcode() in wp-includes\/media.php *\/\n\t\t<\/style>\n\t\t<div id='gallery-1' class='gallery galleryid-617 gallery-columns-3 gallery-size-medium'><dl class='gallery-item'>\n\t\t\t<dt class='gallery-icon landscape'>\n\t\t\t\t<a rel='wp-prettyPhoto[gallery]' href='https:\/\/sa.ssttiming.com\/wp-content\/uploads\/2019\/04\/20190415_191137v2.jpg'><img width=\"300\" height=\"270\" src=\"https:\/\/sa.ssttiming.com\/wp-content\/uploads\/2019\/04\/20190415_191137v2-300x270.jpg\" class=\"attachment-medium size-medium\" alt=\"SST \u2013 Swim Timing System\" loading=\"lazy\" aria-describedby=\"gallery-1-621\" srcset=\"https:\/\/sa.ssttiming.com\/wp-content\/uploads\/2019\/04\/20190415_191137v2-300x270.jpg 300w, https:\/\/sa.ssttiming.com\/wp-content\/uploads\/2019\/04\/20190415_191137v2-768x692.jpg 768w, https:\/\/sa.ssttiming.com\/wp-content\/uploads\/2019\/04\/20190415_191137v2-1024x922.jpg 1024w\" sizes=\"(max-width: 300px) 100vw, 300px\" \/><\/a>\n\t\t\t<\/dt>\n\t\t\t\t<dd class='wp-caption-text gallery-caption' id='gallery-1-621'>\n\t\t\t\tWith our ultra-bright strobe, you will always be able to see it, even in full sun.\n\t\t\t\t<\/dd><\/dl><dl class='gallery-item'>\n\t\t\t<dt class='gallery-icon portrait'>\n\t\t\t\t<a rel='wp-prettyPhoto[gallery]' href='https:\/\/sa.ssttiming.com\/wp-content\/uploads\/2019\/04\/20190415_191019-v2.jpg'><img width=\"253\" height=\"300\" src=\"https:\/\/sa.ssttiming.com\/wp-content\/uploads\/2019\/04\/20190415_191019-v2-253x300.jpg\" class=\"attachment-medium size-medium\" alt=\"SST \u2013 Swim Timing System\" loading=\"lazy\" aria-describedby=\"gallery-1-623\" srcset=\"https:\/\/sa.ssttiming.com\/wp-content\/uploads\/2019\/04\/20190415_191019-v2-253x300.jpg 253w, https:\/\/sa.ssttiming.com\/wp-content\/uploads\/2019\/04\/20190415_191019-v2-768x910.jpg 768w, https:\/\/sa.ssttiming.com\/wp-content\/uploads\/2019\/04\/20190415_191019-v2-864x1024.jpg 864w\" sizes=\"(max-width: 253px) 100vw, 253px\" \/><\/a>\n\t\t\t<\/dt>\n\t\t\t\t<dd class='wp-caption-text gallery-caption' id='gallery-1-623'>\n\t\t\t\tOur high quality speaker will give you clear sound with plenty of volume.\n\t\t\t\t<\/dd><\/dl><dl class='gallery-item'>\n\t\t\t<dt class='gallery-icon portrait'>\n\t\t\t\t<a rel='wp-prettyPhoto[gallery]' href='https:\/\/sa.ssttiming.com\/wp-content\/uploads\/2019\/04\/20190415_191152v2.jpg'><img width=\"187\" height=\"300\" src=\"https:\/\/sa.ssttiming.com\/wp-content\/uploads\/2019\/04\/20190415_191152v2-187x300.jpg\" class=\"attachment-medium size-medium\" alt=\"SST \u2013 Swim Timing System\" loading=\"lazy\" aria-describedby=\"gallery-1-622\" srcset=\"https:\/\/sa.ssttiming.com\/wp-content\/uploads\/2019\/04\/20190415_191152v2-187x300.jpg 187w, https:\/\/sa.ssttiming.com\/wp-content\/uploads\/2019\/04\/20190415_191152v2-768x1230.jpg 768w, https:\/\/sa.ssttiming.com\/wp-content\/uploads\/2019\/04\/20190415_191152v2-640x1024.jpg 640w\" sizes=\"(max-width: 187px) 100vw, 187px\" \/><\/a>\n\t\t\t<\/dt>\n\t\t\t\t<dd class='wp-caption-text gallery-caption' id='gallery-1-622'>\n\t\t\t\tAtlantis supports a full set of lane speakers in addition to the internal speaker.\n\t\t\t\t<\/dd><\/dl><br style=\"clear: both\" \/><dl class='gallery-item'>\n\t\t\t<dt class='gallery-icon portrait'>\n\t\t\t\t<a rel='wp-prettyPhoto[gallery]' href='https:\/\/sa.ssttiming.com\/wp-content\/uploads\/2019\/04\/20190415_191106v2.jpg'><img width=\"210\" height=\"300\" src=\"https:\/\/sa.ssttiming.com\/wp-content\/uploads\/2019\/04\/20190415_191106v2-210x300.jpg\" class=\"attachment-medium size-medium\" alt=\"SST \u2013 Swim Timing System\" loading=\"lazy\" aria-describedby=\"gallery-1-620\" srcset=\"https:\/\/sa.ssttiming.com\/wp-content\/uploads\/2019\/04\/20190415_191106v2-210x300.jpg 210w, https:\/\/sa.ssttiming.com\/wp-content\/uploads\/2019\/04\/20190415_191106v2-768x1100.jpg 768w, https:\/\/sa.ssttiming.com\/wp-content\/uploads\/2019\/04\/20190415_191106v2-715x1024.jpg 715w\" sizes=\"(max-width: 210px) 100vw, 210px\" \/><\/a>\n\t\t\t<\/dt>\n\t\t\t\t<dd class='wp-caption-text gallery-caption' id='gallery-1-620'>\n\t\t\t\tAtlantis supports an optional external strobe.  Also, you don&#8217;t have to unplug a cable when you don&#8217;t want to use the strobe.  Just use the on\/off switch.\n\t\t\t\t<\/dd><\/dl><dl class='gallery-item'>\n\t\t\t<dt class='gallery-icon landscape'>\n\t\t\t\t<a rel='wp-prettyPhoto[gallery]' href='https:\/\/sa.ssttiming.com\/wp-content\/uploads\/2019\/04\/Battery-monitor.jpg'><img width=\"300\" height=\"169\" src=\"https:\/\/sa.ssttiming.com\/wp-content\/uploads\/2019\/04\/Battery-monitor-300x169.jpg\" class=\"attachment-medium size-medium\" alt=\"SST \u2013 Swim Timing System\" loading=\"lazy\" aria-describedby=\"gallery-1-628\" srcset=\"https:\/\/sa.ssttiming.com\/wp-content\/uploads\/2019\/04\/Battery-monitor-300x169.jpg 300w, https:\/\/sa.ssttiming.com\/wp-content\/uploads\/2019\/04\/Battery-monitor-768x432.jpg 768w, https:\/\/sa.ssttiming.com\/wp-content\/uploads\/2019\/04\/Battery-monitor-1024x576.jpg 1024w\" sizes=\"(max-width: 300px) 100vw, 300px\" \/><\/a>\n\t\t\t<\/dt>\n\t\t\t\t<dd class='wp-caption-text gallery-caption' id='gallery-1-628'>\n\t\t\t\tNever wonder what your battery status is again.  Also, if need be, Atlantis can be used with or without the charger plugged in.\n\t\t\t\t<\/dd><\/dl><dl class='gallery-item'>\n\t\t\t<dt class='gallery-icon portrait'>\n\t\t\t\t<a rel='wp-prettyPhoto[gallery]' href='https:\/\/sa.ssttiming.com\/wp-content\/uploads\/2019\/04\/20190415_191030v2.jpg'><img width=\"207\" height=\"300\" src=\"https:\/\/sa.ssttiming.com\/wp-content\/uploads\/2019\/04\/20190415_191030v2-207x300.jpg\" class=\"attachment-medium size-medium\" alt=\"SST \u2013 Swim Timing System\" loading=\"lazy\" aria-describedby=\"gallery-1-619\" srcset=\"https:\/\/sa.ssttiming.com\/wp-content\/uploads\/2019\/04\/20190415_191030v2-207x300.jpg 207w, https:\/\/sa.ssttiming.com\/wp-content\/uploads\/2019\/04\/20190415_191030v2-768x1113.jpg 768w, https:\/\/sa.ssttiming.com\/wp-content\/uploads\/2019\/04\/20190415_191030v2-706x1024.jpg 706w\" sizes=\"(max-width: 207px) 100vw, 207px\" \/><\/a>\n\t\t\t<\/dt>\n\t\t\t\t<dd class='wp-caption-text gallery-caption' id='gallery-1-619'>\n\t\t\t\tIn addition to the battery status indicator there is also a &#8220;charging&#8221; and &#8220;charged&#8221; light.  These lights are active with the unit turned on or off.  \n\t\t\t\t<\/dd><\/dl><br style=\"clear: both\" \/><dl class='gallery-item'>\n\t\t\t<dt class='gallery-icon portrait'>\n\t\t\t\t<a rel='wp-prettyPhoto[gallery]' href='https:\/\/sa.ssttiming.com\/wp-content\/uploads\/2019\/05\/Microphone.jpg'><img width=\"297\" height=\"300\" src=\"https:\/\/sa.ssttiming.com\/wp-content\/uploads\/2019\/05\/Microphone-297x300.jpg\" class=\"attachment-medium size-medium\" alt=\"SST \u2013 Swim Timing System\" loading=\"lazy\" aria-describedby=\"gallery-1-659\" srcset=\"https:\/\/sa.ssttiming.com\/wp-content\/uploads\/2019\/05\/Microphone-297x300.jpg 297w, https:\/\/sa.ssttiming.com\/wp-content\/uploads\/2019\/05\/Microphone-768x775.jpg 768w, https:\/\/sa.ssttiming.com\/wp-content\/uploads\/2019\/05\/Microphone-1014x1024.jpg 1014w\" sizes=\"(max-width: 297px) 100vw, 297px\" \/><\/a>\n\t\t\t<\/dt>\n\t\t\t\t<dd class='wp-caption-text gallery-caption' id='gallery-1-659'>\n\t\t\t\tSpare microphone\n\t\t\t\t<\/dd><\/dl><dl class='gallery-item'>\n\t\t\t<dt class='gallery-icon landscape'>\n\t\t\t\t<a rel='wp-prettyPhoto[gallery]' href='https:\/\/sa.ssttiming.com\/wp-content\/uploads\/2019\/08\/Starter-with-pole-mount2.jpg'><img width=\"300\" height=\"205\" src=\"https:\/\/sa.ssttiming.com\/wp-content\/uploads\/2019\/08\/Starter-with-pole-mount2-300x205.jpg\" class=\"attachment-medium size-medium\" alt=\"SST \u2013 Swim Timing System\" loading=\"lazy\" aria-describedby=\"gallery-1-694\" srcset=\"https:\/\/sa.ssttiming.com\/wp-content\/uploads\/2019\/08\/Starter-with-pole-mount2-300x205.jpg 300w, https:\/\/sa.ssttiming.com\/wp-content\/uploads\/2019\/08\/Starter-with-pole-mount2-768x525.jpg 768w, https:\/\/sa.ssttiming.com\/wp-content\/uploads\/2019\/08\/Starter-with-pole-mount2-1024x700.jpg 1024w\" sizes=\"(max-width: 300px) 100vw, 300px\" \/><\/a>\n\t\t\t<\/dt>\n\t\t\t\t<dd class='wp-caption-text gallery-caption' id='gallery-1-694'>\n\t\t\t\tThe pole mount has a quick release feature and allows for side to side and up and down adjustment.\n\t\t\t\t<\/dd><\/dl>\n\t\t\t<br style='clear: both' \/>\n\t\t<\/div>\n\n<p>&nbsp;<\/p>\n<p>Especifica\u00e7\u00f5es<\/p>\n<p>Dimens\u00f5es<\/p>\n<p style=\"padding-left: 30px;\">Altura: 13,5 &#8220;<\/p>\n<p style=\"padding-left: 30px;\">Largura: 12 &#8220;<\/p>\n<p style=\"padding-left: 30px;\">Profundidade: 8 &#8220;<\/p>\n<p>Peso: 8,2 libras<\/p>\n<p>&nbsp;<\/p>\n<h3>Contate-nos hoje para obter mais informa\u00e7\u00f5es sobre o Atlantis Starter<\/h3>\nPlease select a valid form\n","protected":false},"excerpt":{"rendered":"<p>Apresentando o novo Atlantis Starter! O Atlantis Starter \u00e9 o mais novo produto da Superior Swim Timing. Este sistema de iniciante cheio de recursos traz uma sensa\u00e7\u00e3o de confian\u00e7a e facilidade ao adicion\u00e1-lo ao seu equipamento de competi\u00e7\u00e3o de nata\u00e7\u00e3o. Basta conectar seus cabos e voc\u00ea estar\u00e1<\/p>","protected":false},"author":1,"featured_media":623,"parent":0,"menu_order":0,"comment_status":"closed","ping_status":"closed","template":"","meta":[],"yoast_head":"<!-- This site is optimized with the Yoast SEO plugin v18.4.1 - https:\/\/yoast.com\/wordpress\/plugins\/seo\/ -->\n<title>Atlantis Starter - Superior Swim Timing<\/title>\n<meta name=\"robots\" content=\"index, follow, max-snippet:-1, max-image-preview:large, max-video-preview:-1\" \/>\n<link rel=\"canonical\" href=\"https:\/\/sa.ssttiming.com\/es\/atlantis-starter\/\" \/>\n<meta property=\"og:locale\" content=\"es_ES\" \/>\n<meta property=\"og:type\" content=\"article\" \/>\n<meta property=\"og:title\" content=\"Atlantis Starter - Superior Swim Timing\" \/>\n<meta property=\"og:description\" content=\"Apresentando o novo Atlantis Starter! O Atlantis Starter \u00e9 o mais novo produto da Superior Swim Timing. Este sistema de iniciante cheio de recursos traz uma sensa\u00e7\u00e3o de confian\u00e7a e facilidade ao adicion\u00e1-lo ao seu equipamento de competi\u00e7\u00e3o de nata\u00e7\u00e3o. Basta conectar seus cabos e voc\u00ea estar\u00e1\" \/>\n<meta property=\"og:url\" content=\"https:\/\/sa.ssttiming.com\/es\/atlantis-starter\/\" \/>\n<meta property=\"og:site_name\" content=\"Superior Swim Timing\" \/>\n<meta property=\"article:publisher\" content=\"https:\/\/www.facebook.com\/SSTTiming\/\" \/>\n<meta property=\"article:modified_time\" content=\"2021-04-14T17:38:42+00:00\" \/>\n<meta property=\"og:image\" content=\"https:\/\/sa.ssttiming.com\/wp-content\/uploads\/2019\/04\/20190415_191019-v2.jpg\" \/>\n\t<meta property=\"og:image:width\" content=\"2267\" \/>\n\t<meta property=\"og:image:height\" content=\"2686\" \/>\n\t<meta property=\"og:image:type\" content=\"image\/jpeg\" \/>\n<meta name=\"twitter:card\" content=\"summary\" \/>\n<meta name=\"twitter:label1\" content=\"Tiempo de lectura\" \/>\n\t<meta name=\"twitter:data1\" content=\"1 minuto\" \/>\n<script type=\"application\/ld+json\" class=\"yoast-schema-graph\">{\"@context\":\"https:\/\/schema.org\",\"@graph\":[{\"@type\":\"Organization\",\"@id\":\"https:\/\/sa.ssttiming.com\/#organization\",\"name\":\"Superior Swim Timing\",\"url\":\"https:\/\/sa.ssttiming.com\/\",\"sameAs\":[\"https:\/\/www.facebook.com\/SSTTiming\/\"],\"logo\":{\"@type\":\"ImageObject\",\"@id\":\"https:\/\/sa.ssttiming.com\/#logo\",\"inLanguage\":\"es-AR\",\"url\":\"https:\/\/sa.ssttiming.com\/wp-content\/uploads\/2013\/08\/SSTlogo1.png\",\"contentUrl\":\"https:\/\/sa.ssttiming.com\/wp-content\/uploads\/2013\/08\/SSTlogo1.png\",\"width\":893,\"height\":150,\"caption\":\"Superior Swim Timing\"},\"image\":{\"@id\":\"https:\/\/sa.ssttiming.com\/#logo\"}},{\"@type\":\"WebSite\",\"@id\":\"https:\/\/sa.ssttiming.com\/#website\",\"url\":\"https:\/\/sa.ssttiming.com\/\",\"name\":\"Superior Swim Timing\",\"description\":\"A solu\u00e7\u00e3o de tempo acess\u00edvel e com recursos completos\",\"publisher\":{\"@id\":\"https:\/\/sa.ssttiming.com\/#organization\"},\"potentialAction\":[{\"@type\":\"SearchAction\",\"target\":{\"@type\":\"EntryPoint\",\"urlTemplate\":\"https:\/\/sa.ssttiming.com\/?s={search_term_string}\"},\"query-input\":\"required name=search_term_string\"}],\"inLanguage\":\"es-AR\"},{\"@type\":\"ImageObject\",\"@id\":\"https:\/\/sa.ssttiming.com\/atlantis-starter\/#primaryimage\",\"inLanguage\":\"es-AR\",\"url\":\"https:\/\/sa.ssttiming.com\/wp-content\/uploads\/2019\/04\/20190415_191019-v2.jpg\",\"contentUrl\":\"https:\/\/sa.ssttiming.com\/wp-content\/uploads\/2019\/04\/20190415_191019-v2.jpg\",\"width\":2267,\"height\":2686,\"caption\":\"Our high quality speaker will give you clear sound with plenty of volume.\"},{\"@type\":\"WebPage\",\"@id\":\"https:\/\/sa.ssttiming.com\/atlantis-starter\/#webpage\",\"url\":\"https:\/\/sa.ssttiming.com\/atlantis-starter\/\",\"name\":\"Atlantis Starter - Superior Swim Timing\",\"isPartOf\":{\"@id\":\"https:\/\/sa.ssttiming.com\/#website\"},\"primaryImageOfPage\":{\"@id\":\"https:\/\/sa.ssttiming.com\/atlantis-starter\/#primaryimage\"},\"datePublished\":\"2019-04-26T18:04:56+00:00\",\"dateModified\":\"2021-04-14T17:38:42+00:00\",\"breadcrumb\":{\"@id\":\"https:\/\/sa.ssttiming.com\/atlantis-starter\/#breadcrumb\"},\"inLanguage\":\"es-AR\",\"potentialAction\":[{\"@type\":\"ReadAction\",\"target\":[\"https:\/\/sa.ssttiming.com\/atlantis-starter\/\"]}]},{\"@type\":\"BreadcrumbList\",\"@id\":\"https:\/\/sa.ssttiming.com\/atlantis-starter\/#breadcrumb\",\"itemListElement\":[{\"@type\":\"ListItem\",\"position\":1,\"name\":\"Home\",\"item\":\"https:\/\/sa.ssttiming.com\/\"},{\"@type\":\"ListItem\",\"position\":2,\"name\":\"Atlantis Starter\"}]}]}<\/script>\n<!-- \/ Yoast SEO plugin. -->","yoast_head_json":{"title":"Atlantis Starter - Superior Swim Timing","robots":{"index":"index","follow":"follow","max-snippet":"max-snippet:-1","max-image-preview":"max-image-preview:large","max-video-preview":"max-video-preview:-1"},"canonical":"https:\/\/sa.ssttiming.com\/es\/atlantis-starter\/","og_locale":"es_ES","og_type":"article","og_title":"Atlantis Starter - Superior Swim Timing","og_description":"Apresentando o novo Atlantis Starter! O Atlantis Starter \u00e9 o mais novo produto da Superior Swim Timing. Este sistema de iniciante cheio de recursos traz uma sensa\u00e7\u00e3o de confian\u00e7a e facilidade ao adicion\u00e1-lo ao seu equipamento de competi\u00e7\u00e3o de nata\u00e7\u00e3o. Basta conectar seus cabos e voc\u00ea estar\u00e1","og_url":"https:\/\/sa.ssttiming.com\/es\/atlantis-starter\/","og_site_name":"Superior Swim Timing","article_publisher":"https:\/\/www.facebook.com\/SSTTiming\/","article_modified_time":"2021-04-14T17:38:42+00:00","og_image":[{"width":2267,"height":2686,"url":"https:\/\/sa.ssttiming.com\/wp-content\/uploads\/2019\/04\/20190415_191019-v2.jpg","type":"image\/jpeg"}],"twitter_card":"summary","twitter_misc":{"Tiempo de lectura":"1 minuto"},"schema":{"@context":"https:\/\/schema.org","@graph":[{"@type":"Organization","@id":"https:\/\/sa.ssttiming.com\/#organization","name":"Tiempo de nataci\u00f3n superior","url":"https:\/\/sa.ssttiming.com\/","sameAs":["https:\/\/www.facebook.com\/SSTTiming\/"],"logo":{"@type":"ImageObject","@id":"https:\/\/sa.ssttiming.com\/#logo","inLanguage":"es-AR","url":"https:\/\/sa.ssttiming.com\/wp-content\/uploads\/2013\/08\/SSTlogo1.png","contentUrl":"https:\/\/sa.ssttiming.com\/wp-content\/uploads\/2013\/08\/SSTlogo1.png","width":893,"height":150,"caption":"Superior Swim Timing"},"image":{"@id":"https:\/\/sa.ssttiming.com\/#logo"}},{"@type":"WebSite","@id":"https:\/\/sa.ssttiming.com\/#website","url":"https:\/\/sa.ssttiming.com\/","name":"Tiempo de nataci\u00f3n superior","description":"Una soluci\u00f3n de tempo acess\u00edvel e com recursos completos","publisher":{"@id":"https:\/\/sa.ssttiming.com\/#organization"},"potentialAction":[{"@type":"SearchAction","target":{"@type":"EntryPoint","urlTemplate":"https:\/\/sa.ssttiming.com\/?s={search_term_string}"},"query-input":"required name=search_term_string"}],"inLanguage":"es-AR"},{"@type":"ImageObject","@id":"https:\/\/sa.ssttiming.com\/atlantis-starter\/#primaryimage","inLanguage":"es-AR","url":"https:\/\/sa.ssttiming.com\/wp-content\/uploads\/2019\/04\/20190415_191019-v2.jpg","contentUrl":"https:\/\/sa.ssttiming.com\/wp-content\/uploads\/2019\/04\/20190415_191019-v2.jpg","width":2267,"height":2686,"caption":"Our high quality speaker will give you clear sound with plenty of volume."},{"@type":"WebPage","@id":"https:\/\/sa.ssttiming.com\/atlantis-starter\/#webpage","url":"https:\/\/sa.ssttiming.com\/atlantis-starter\/","name":"Atlantis Starter - Superior Swim Timing","isPartOf":{"@id":"https:\/\/sa.ssttiming.com\/#website"},"primaryImageOfPage":{"@id":"https:\/\/sa.ssttiming.com\/atlantis-starter\/#primaryimage"},"datePublished":"2019-04-26T18:04:56+00:00","dateModified":"2021-04-14T17:38:42+00:00","breadcrumb":{"@id":"https:\/\/sa.ssttiming.com\/atlantis-starter\/#breadcrumb"},"inLanguage":"es-AR","potentialAction":[{"@type":"ReadAction","target":["https:\/\/sa.ssttiming.com\/atlantis-starter\/"]}]},{"@type":"BreadcrumbList","@id":"https:\/\/sa.ssttiming.com\/atlantis-starter\/#breadcrumb","itemListElement":[{"@type":"ListItem","position":1,"name":"Home","item":"https:\/\/sa.ssttiming.com\/"},{"@type":"ListItem","position":2,"name":"Atlantis Starter"}]}]}},"_links":{"self":[{"href":"https:\/\/sa.ssttiming.com\/es\/wp-json\/wp\/v2\/pages\/617"}],"collection":[{"href":"https:\/\/sa.ssttiming.com\/es\/wp-json\/wp\/v2\/pages"}],"about":[{"href":"https:\/\/sa.ssttiming.com\/es\/wp-json\/wp\/v2\/types\/page"}],"author":[{"embeddable":true,"href":"https:\/\/sa.ssttiming.com\/es\/wp-json\/wp\/v2\/users\/1"}],"replies":[{"embeddable":true,"href":"https:\/\/sa.ssttiming.com\/es\/wp-json\/wp\/v2\/comments?post=617"}],"version-history":[{"count":33,"href":"https:\/\/sa.ssttiming.com\/es\/wp-json\/wp\/v2\/pages\/617\/revisions"}],"predecessor-version":[{"id":812,"href":"https:\/\/sa.ssttiming.com\/es\/wp-json\/wp\/v2\/pages\/617\/revisions\/812"}],"wp:featuredmedia":[{"embeddable":true,"href":"https:\/\/sa.ssttiming.com\/es\/wp-json\/wp\/v2\/media\/623"}],"wp:attachment":[{"href":"https:\/\/sa.ssttiming.com\/es\/wp-json\/wp\/v2\/media?parent=617"}],"curies":[{"name":"wp","href":"https:\/\/api.w.org\/{rel}","templated":true}]}}