{"id":72,"date":"2013-08-28T15:26:28","date_gmt":"2013-08-28T19:26:28","guid":{"rendered":"http:\/\/www.superiorswimtiming.com\/SwimFast\/?page_id=72"},"modified":"2021-04-14T13:51:28","modified_gmt":"2021-04-14T17:51:28","slug":"pad-interface","status":"publish","type":"page","link":"https:\/\/sa.ssttiming.com\/es\/pad-interface\/","title":{"rendered":"Interfaz de Pad"},"content":{"rendered":"<p><a href=\"\/wp-content\/uploads\/2018\/10\/20180802_085025-square-e1538846153654.jpg\" target=\"_blank\" rel=\"https:\/\/ssttiming.com\/wp-content\/uploads\/2018\/10\/20180802_085025-square-e1538846153654.jpg noopener noreferrer\" rel=\"wp-prettyPhoto[72]\"><img loading=\"lazy\" class=\"alignnone wp-image-581 size-medium\" src=\"https:\/\/ssttiming.com\/wp-content\/uploads\/2018\/10\/20180802_085025-square-300x300.jpg\" alt=\"\" width=\"300\" height=\"300\" \/><\/a><a href=\"https:\/\/sa.ssttiming.com\/wp-content\/uploads\/2018\/10\/20180802_085025-square-e1538846153654.jpg\" rel=\"wp-prettyPhoto[72]\"><img loading=\"lazy\" class=\"alignnone size-medium wp-image-581\" src=\"https:\/\/sa.ssttiming.com\/wp-content\/uploads\/2018\/10\/20180802_085025-square-300x300.jpg\" alt=\"SST \u2013 Swim Timing System\" width=\"300\" height=\"300\" \/><\/a><\/p>\n<p>A interface do bloco SST \u00e9 uma atualiza\u00e7\u00e3o muito econ\u00f4mica para o seu atual sistema de cronometragem Colorado 5 ou 6. Se voc\u00ea tem um sistema CTS 5 ou 6 antigo com problemas de bateria, pode atualizar para um cron\u00f4metro moderno e preciso pagando o custo do conserto.<\/p>\n<p>&nbsp;<\/p>\n<p>Caracter\u00edsticos:<\/p>\n<ol>\n<li>Compat\u00edvel com Active \/ Hy-Tek&#8217;s Meet Manager e TeamUnify&#8217;s TouchPad.<\/li>\n<li>Usa um laptop Windows, Mac ou Linux para a interface do usu\u00e1rio<\/li>\n<li>Inclui um ano de atualiza\u00e7\u00f5es de software<\/li>\n<li>SEM baterias ou componentes para substituir<\/li>\n<li>Todas as fun\u00e7\u00f5es cr\u00edticas de tempo executadas no microcontrolador no cron\u00f4metro, rel\u00f3gio do computador e tarefas n\u00e3o afetam o tempo.<\/li>\n<li>Software de cronometragem INCLU\u00cdDO<\/li>\n<li>O software de placar serial EST\u00c1 INCLU\u00cdDO.<\/li>\n<li>Software de painel de avalia\u00e7\u00e3o de proje\u00e7\u00e3o INCLU\u00cdDO<\/li>\n<li>Placar m\u00f3vel INCLU\u00cdDO<\/li>\n<li>Use com seu cabo Colorado existente, pads e bot\u00e3o (picles \/ \u00eambolo). Tamb\u00e9m compat\u00edvel com pads e bot\u00f5es Omega.<\/li>\n<\/ol>\n<p>Informe-se sobre adaptadores para outros formatos de cabo.<\/p>\n","protected":false},"excerpt":{"rendered":"<p>A interface do bloco SST \u00e9 uma atualiza\u00e7\u00e3o muito econ\u00f4mica para o seu atual sistema de cronometragem Colorado 5 ou 6. Se voc\u00ea tem um sistema CTS 5 ou 6 antigo com problemas de bateria, pode atualizar para um cron\u00f4metro moderno e preciso pagando o custo do<\/p>","protected":false},"author":2,"featured_media":0,"parent":0,"menu_order":0,"comment_status":"closed","ping_status":"closed","template":"","meta":[],"yoast_head":"<!-- This site is optimized with the Yoast SEO plugin v18.4.1 - https:\/\/yoast.com\/wordpress\/plugins\/seo\/ -->\n<title>Interface de Pad - Superior Swim Timing<\/title>\n<meta name=\"robots\" content=\"index, follow, max-snippet:-1, max-image-preview:large, max-video-preview:-1\" \/>\n<link rel=\"canonical\" href=\"https:\/\/sa.ssttiming.com\/es\/pad-interface\/\" \/>\n<meta property=\"og:locale\" content=\"es_ES\" \/>\n<meta property=\"og:type\" content=\"article\" \/>\n<meta property=\"og:title\" content=\"Interface de Pad - Superior Swim Timing\" \/>\n<meta property=\"og:description\" content=\"A interface do bloco SST \u00e9 uma atualiza\u00e7\u00e3o muito econ\u00f4mica para o seu atual sistema de cronometragem Colorado 5 ou 6. Se voc\u00ea tem um sistema CTS 5 ou 6 antigo com problemas de bateria, pode atualizar para um cron\u00f4metro moderno e preciso pagando o custo do\" \/>\n<meta property=\"og:url\" content=\"https:\/\/sa.ssttiming.com\/es\/pad-interface\/\" \/>\n<meta property=\"og:site_name\" content=\"Superior Swim Timing\" \/>\n<meta property=\"article:publisher\" content=\"https:\/\/www.facebook.com\/SSTTiming\/\" \/>\n<meta property=\"article:modified_time\" content=\"2021-04-14T17:51:28+00:00\" \/>\n<meta property=\"og:image\" content=\"https:\/\/ssttiming.com\/wp-content\/uploads\/2018\/10\/20180802_085025-square-300x300.jpg\" \/>\n<meta name=\"twitter:card\" content=\"summary\" \/>\n<meta name=\"twitter:label1\" content=\"Tiempo de lectura\" \/>\n\t<meta name=\"twitter:data1\" content=\"2 minutos\" \/>\n<script type=\"application\/ld+json\" class=\"yoast-schema-graph\">{\"@context\":\"https:\/\/schema.org\",\"@graph\":[{\"@type\":\"Organization\",\"@id\":\"https:\/\/sa.ssttiming.com\/#organization\",\"name\":\"Superior Swim Timing\",\"url\":\"https:\/\/sa.ssttiming.com\/\",\"sameAs\":[\"https:\/\/www.facebook.com\/SSTTiming\/\"],\"logo\":{\"@type\":\"ImageObject\",\"@id\":\"https:\/\/sa.ssttiming.com\/#logo\",\"inLanguage\":\"es-AR\",\"url\":\"https:\/\/sa.ssttiming.com\/wp-content\/uploads\/2013\/08\/SSTlogo1.png\",\"contentUrl\":\"https:\/\/sa.ssttiming.com\/wp-content\/uploads\/2013\/08\/SSTlogo1.png\",\"width\":893,\"height\":150,\"caption\":\"Superior Swim Timing\"},\"image\":{\"@id\":\"https:\/\/sa.ssttiming.com\/#logo\"}},{\"@type\":\"WebSite\",\"@id\":\"https:\/\/sa.ssttiming.com\/#website\",\"url\":\"https:\/\/sa.ssttiming.com\/\",\"name\":\"Superior Swim Timing\",\"description\":\"A solu\u00e7\u00e3o de tempo acess\u00edvel e com recursos completos\",\"publisher\":{\"@id\":\"https:\/\/sa.ssttiming.com\/#organization\"},\"potentialAction\":[{\"@type\":\"SearchAction\",\"target\":{\"@type\":\"EntryPoint\",\"urlTemplate\":\"https:\/\/sa.ssttiming.com\/?s={search_term_string}\"},\"query-input\":\"required name=search_term_string\"}],\"inLanguage\":\"es-AR\"},{\"@type\":\"ImageObject\",\"@id\":\"https:\/\/sa.ssttiming.com\/es\/pad-interface\/#primaryimage\",\"inLanguage\":\"es-AR\",\"url\":\"https:\/\/ssttiming.com\/wp-content\/uploads\/2018\/10\/20180802_085025-square-300x300.jpg\",\"contentUrl\":\"https:\/\/ssttiming.com\/wp-content\/uploads\/2018\/10\/20180802_085025-square-300x300.jpg\"},{\"@type\":\"WebPage\",\"@id\":\"https:\/\/sa.ssttiming.com\/es\/pad-interface\/#webpage\",\"url\":\"https:\/\/sa.ssttiming.com\/es\/pad-interface\/\",\"name\":\"Interface de Pad - Superior Swim Timing\",\"isPartOf\":{\"@id\":\"https:\/\/sa.ssttiming.com\/#website\"},\"primaryImageOfPage\":{\"@id\":\"https:\/\/sa.ssttiming.com\/es\/pad-interface\/#primaryimage\"},\"datePublished\":\"2013-08-28T19:26:28+00:00\",\"dateModified\":\"2021-04-14T17:51:28+00:00\",\"breadcrumb\":{\"@id\":\"https:\/\/sa.ssttiming.com\/es\/pad-interface\/#breadcrumb\"},\"inLanguage\":\"es-AR\",\"potentialAction\":[{\"@type\":\"ReadAction\",\"target\":[\"https:\/\/sa.ssttiming.com\/es\/pad-interface\/\"]}]},{\"@type\":\"BreadcrumbList\",\"@id\":\"https:\/\/sa.ssttiming.com\/es\/pad-interface\/#breadcrumb\",\"itemListElement\":[{\"@type\":\"ListItem\",\"position\":1,\"name\":\"Home\",\"item\":\"https:\/\/sa.ssttiming.com\/\"},{\"@type\":\"ListItem\",\"position\":2,\"name\":\"Interface de Pad\"}]}]}<\/script>\n<!-- \/ Yoast SEO plugin. -->","yoast_head_json":{"title":"Interface de Pad - Superior Swim Timing","robots":{"index":"index","follow":"follow","max-snippet":"max-snippet:-1","max-image-preview":"max-image-preview:large","max-video-preview":"max-video-preview:-1"},"canonical":"https:\/\/sa.ssttiming.com\/es\/pad-interface\/","og_locale":"es_ES","og_type":"article","og_title":"Interface de Pad - Superior Swim Timing","og_description":"A interface do bloco SST \u00e9 uma atualiza\u00e7\u00e3o muito econ\u00f4mica para o seu atual sistema de cronometragem Colorado 5 ou 6. Se voc\u00ea tem um sistema CTS 5 ou 6 antigo com problemas de bateria, pode atualizar para um cron\u00f4metro moderno e preciso pagando o custo do","og_url":"https:\/\/sa.ssttiming.com\/es\/pad-interface\/","og_site_name":"Superior Swim Timing","article_publisher":"https:\/\/www.facebook.com\/SSTTiming\/","article_modified_time":"2021-04-14T17:51:28+00:00","og_image":[{"url":"https:\/\/ssttiming.com\/wp-content\/uploads\/2018\/10\/20180802_085025-square-300x300.jpg"}],"twitter_card":"summary","twitter_misc":{"Tiempo de lectura":"2 minutos"},"schema":{"@context":"https:\/\/schema.org","@graph":[{"@type":"Organization","@id":"https:\/\/sa.ssttiming.com\/#organization","name":"Tiempo de nataci\u00f3n superior","url":"https:\/\/sa.ssttiming.com\/","sameAs":["https:\/\/www.facebook.com\/SSTTiming\/"],"logo":{"@type":"ImageObject","@id":"https:\/\/sa.ssttiming.com\/#logo","inLanguage":"es-AR","url":"https:\/\/sa.ssttiming.com\/wp-content\/uploads\/2013\/08\/SSTlogo1.png","contentUrl":"https:\/\/sa.ssttiming.com\/wp-content\/uploads\/2013\/08\/SSTlogo1.png","width":893,"height":150,"caption":"Superior Swim Timing"},"image":{"@id":"https:\/\/sa.ssttiming.com\/#logo"}},{"@type":"WebSite","@id":"https:\/\/sa.ssttiming.com\/#website","url":"https:\/\/sa.ssttiming.com\/","name":"Tiempo de nataci\u00f3n superior","description":"Una soluci\u00f3n de tempo acess\u00edvel e com recursos completos","publisher":{"@id":"https:\/\/sa.ssttiming.com\/#organization"},"potentialAction":[{"@type":"SearchAction","target":{"@type":"EntryPoint","urlTemplate":"https:\/\/sa.ssttiming.com\/?s={search_term_string}"},"query-input":"required name=search_term_string"}],"inLanguage":"es-AR"},{"@type":"ImageObject","@id":"https:\/\/sa.ssttiming.com\/es\/pad-interface\/#primaryimage","inLanguage":"es-AR","url":"https:\/\/ssttiming.com\/wp-content\/uploads\/2018\/10\/20180802_085025-square-300x300.jpg","contentUrl":"https:\/\/ssttiming.com\/wp-content\/uploads\/2018\/10\/20180802_085025-square-300x300.jpg"},{"@type":"WebPage","@id":"https:\/\/sa.ssttiming.com\/es\/pad-interface\/#webpage","url":"https:\/\/sa.ssttiming.com\/es\/pad-interface\/","name":"Interface de Pad - Superior Swim Timing","isPartOf":{"@id":"https:\/\/sa.ssttiming.com\/#website"},"primaryImageOfPage":{"@id":"https:\/\/sa.ssttiming.com\/es\/pad-interface\/#primaryimage"},"datePublished":"2013-08-28T19:26:28+00:00","dateModified":"2021-04-14T17:51:28+00:00","breadcrumb":{"@id":"https:\/\/sa.ssttiming.com\/es\/pad-interface\/#breadcrumb"},"inLanguage":"es-AR","potentialAction":[{"@type":"ReadAction","target":["https:\/\/sa.ssttiming.com\/es\/pad-interface\/"]}]},{"@type":"BreadcrumbList","@id":"https:\/\/sa.ssttiming.com\/es\/pad-interface\/#breadcrumb","itemListElement":[{"@type":"ListItem","position":1,"name":"Home","item":"https:\/\/sa.ssttiming.com\/"},{"@type":"ListItem","position":2,"name":"Interface de Pad"}]}]}},"_links":{"self":[{"href":"https:\/\/sa.ssttiming.com\/es\/wp-json\/wp\/v2\/pages\/72"}],"collection":[{"href":"https:\/\/sa.ssttiming.com\/es\/wp-json\/wp\/v2\/pages"}],"about":[{"href":"https:\/\/sa.ssttiming.com\/es\/wp-json\/wp\/v2\/types\/page"}],"author":[{"embeddable":true,"href":"https:\/\/sa.ssttiming.com\/es\/wp-json\/wp\/v2\/users\/2"}],"replies":[{"embeddable":true,"href":"https:\/\/sa.ssttiming.com\/es\/wp-json\/wp\/v2\/comments?post=72"}],"version-history":[{"count":16,"href":"https:\/\/sa.ssttiming.com\/es\/wp-json\/wp\/v2\/pages\/72\/revisions"}],"predecessor-version":[{"id":820,"href":"https:\/\/sa.ssttiming.com\/es\/wp-json\/wp\/v2\/pages\/72\/revisions\/820"}],"wp:attachment":[{"href":"https:\/\/sa.ssttiming.com\/es\/wp-json\/wp\/v2\/media?parent=72"}],"curies":[{"name":"wp","href":"https:\/\/api.w.org\/{rel}","templated":true}]}}