{"id":75,"date":"2013-08-28T15:36:38","date_gmt":"2013-08-28T19:36:38","guid":{"rendered":"http:\/\/www.superiorswimtiming.com\/SwimFast\/?page_id=75"},"modified":"2021-04-14T14:01:47","modified_gmt":"2021-04-14T18:01:47","slug":"client-list","status":"publish","type":"page","link":"https:\/\/sa.ssttiming.com\/es\/contact-us\/client-list\/","title":{"rendered":"Nossos usu\u00e1rios"},"content":{"rendered":"<p>Esta \u00e9 apenas uma lista parcial de clientes.<\/p>\n<p><strong>FLORIDA<\/strong><\/p>\n<ul>\n<li>The Bolles School &#8211; Jacksonville, FL<\/li>\n<li>Nata\u00e7\u00e3o em Daytona Beach &#8211; Daytona Beach, FL<\/li>\n<li>Gatos da piscina do San Jose Country Club &#8211; Jacksonville, FL<\/li>\n<li>St Augustine Swim Team &#8211; Saint Augustine, FL<\/li>\n<li>Bartram Trail High School &#8211; Saint Johns, FL<\/li>\n<li>Julington Creek Plantation Piranhas &#8211; Saint Johns, FL<\/li>\n<li>Nease High School &#8211; Ponte Vedra Beach, FL<\/li>\n<li>Escola Preparat\u00f3ria Gulliver<\/li>\n<\/ul>\n<p><strong>KENTUCKY<\/strong><\/p>\n<ul>\n<li>MBCST\/OCHS Swim Team<\/li>\n<\/ul>\n<p><strong>ILLINOIS<\/strong><\/p>\n<ul>\n<li>Lane Tech College Prep &#8211; Chicago, IL<\/li>\n<li>Northside College Prep High School<\/li>\n<li>Wildkit Swimming Organization &#8211; Chicago, IL<\/li>\n<\/ul>\n<p><strong>MICHIGAN<\/strong><\/p>\n<ul>\n<li>Rams Aquatic Club<\/li>\n<li>Riley High School<\/li>\n<li>South Haven High School &#8211; South Haven, MI<\/li>\n<\/ul>\n<p><strong>MINNESOTA<\/strong><\/p>\n<ul>\n<li>Aquajets Swim Team<\/li>\n<\/ul>\n<p><strong>NEW YORK<\/strong><\/p>\n<ul>\n<li>Patriot Swim Team<\/li>\n<li>Yonkers Montessori Academy<\/li>\n<\/ul>\n<p><strong>OHIO<\/strong><\/p>\n<ul>\n<li>Dayton Raiders Swim Team<\/li>\n<\/ul>\n<p><strong>WISCONSIN<\/strong><\/p>\n<ul>\n<li>Hudson Area Swim Association<\/li>\n<\/ul>\n<p><strong>INTERNATIONAL<\/strong><\/p>\n<ul>\n<li>Seals Swimming Club &#8211; Pietermaritzburg, South Africa<\/li>\n<li>Barracudas Swim Team &#8211; Saudi Arabia<\/li>\n<li>International School of Choueifat &#8211; Dubai<\/li>\n<li><span style=\"color: #000000; font-family: Times New Roman;\">TSV Quakenbr\u00fcck<\/span>\u00a0&#8211; Germany<\/li>\n<li>The Anglo American School of Moscow &#8211; Russia<\/li>\n<li>CADDA, Argentina<\/li>\n<li>FUN, Uruguay<\/li>\n<li>FEPADA, Paraguay<\/li>\n<li>FEBONA, Colivia<\/li>\n<li>FECHIDA, Chile<\/li>\n<li>Aquabel, Mexico<\/li>\n<li>ABMN, Brazil<\/li>\n<li>FAP, Brazil<\/li>\n<li>FEDAMS, Brazil<\/li>\n<li>FA Pernambucana, Brazil<\/li>\n<\/ul>","protected":false},"excerpt":{"rendered":"<p>Esta \u00e9 apenas uma lista parcial de clientes. FLORIDA The Bolles School &#8211; Jacksonville, FL Nata\u00e7\u00e3o em Daytona Beach &#8211; Daytona Beach, FL Gatos da piscina do San Jose Country Club &#8211; Jacksonville, FL St Augustine Swim Team &#8211; Saint Augustine, FL Bartram Trail High School &#8211;<\/p>","protected":false},"author":2,"featured_media":0,"parent":95,"menu_order":0,"comment_status":"closed","ping_status":"closed","template":"","meta":[],"yoast_head":"<!-- This site is optimized with the Yoast SEO plugin v18.4.1 - https:\/\/yoast.com\/wordpress\/plugins\/seo\/ -->\n<title>Nossos usu\u00e1rios - Superior Swim Timing<\/title>\n<meta name=\"robots\" content=\"index, follow, max-snippet:-1, max-image-preview:large, max-video-preview:-1\" \/>\n<link rel=\"canonical\" href=\"https:\/\/sa.ssttiming.com\/es\/contact-us\/client-list\/\" \/>\n<meta property=\"og:locale\" content=\"es_ES\" \/>\n<meta property=\"og:type\" content=\"article\" \/>\n<meta property=\"og:title\" content=\"Nossos usu\u00e1rios - Superior Swim Timing\" \/>\n<meta property=\"og:description\" content=\"Esta \u00e9 apenas uma lista parcial de clientes. FLORIDA The Bolles School &#8211; Jacksonville, FL Nata\u00e7\u00e3o em Daytona Beach &#8211; Daytona Beach, FL Gatos da piscina do San Jose Country Club &#8211; Jacksonville, FL St Augustine Swim Team &#8211; Saint Augustine, FL Bartram Trail High School &#8211;\" \/>\n<meta property=\"og:url\" content=\"https:\/\/sa.ssttiming.com\/es\/contact-us\/client-list\/\" \/>\n<meta property=\"og:site_name\" content=\"Superior Swim Timing\" \/>\n<meta property=\"article:publisher\" content=\"https:\/\/www.facebook.com\/SSTTiming\/\" \/>\n<meta property=\"article:modified_time\" content=\"2021-04-14T18:01:47+00:00\" \/>\n<meta name=\"twitter:card\" content=\"summary\" \/>\n<meta name=\"twitter:label1\" content=\"Tiempo de lectura\" \/>\n\t<meta name=\"twitter:data1\" content=\"1 minuto\" \/>\n<script type=\"application\/ld+json\" class=\"yoast-schema-graph\">{\"@context\":\"https:\/\/schema.org\",\"@graph\":[{\"@type\":\"Organization\",\"@id\":\"https:\/\/sa.ssttiming.com\/#organization\",\"name\":\"Superior Swim Timing\",\"url\":\"https:\/\/sa.ssttiming.com\/\",\"sameAs\":[\"https:\/\/www.facebook.com\/SSTTiming\/\"],\"logo\":{\"@type\":\"ImageObject\",\"@id\":\"https:\/\/sa.ssttiming.com\/#logo\",\"inLanguage\":\"es-AR\",\"url\":\"https:\/\/sa.ssttiming.com\/wp-content\/uploads\/2013\/08\/SSTlogo1.png\",\"contentUrl\":\"https:\/\/sa.ssttiming.com\/wp-content\/uploads\/2013\/08\/SSTlogo1.png\",\"width\":893,\"height\":150,\"caption\":\"Superior Swim Timing\"},\"image\":{\"@id\":\"https:\/\/sa.ssttiming.com\/#logo\"}},{\"@type\":\"WebSite\",\"@id\":\"https:\/\/sa.ssttiming.com\/#website\",\"url\":\"https:\/\/sa.ssttiming.com\/\",\"name\":\"Superior Swim Timing\",\"description\":\"A solu\u00e7\u00e3o de tempo acess\u00edvel e com recursos completos\",\"publisher\":{\"@id\":\"https:\/\/sa.ssttiming.com\/#organization\"},\"potentialAction\":[{\"@type\":\"SearchAction\",\"target\":{\"@type\":\"EntryPoint\",\"urlTemplate\":\"https:\/\/sa.ssttiming.com\/?s={search_term_string}\"},\"query-input\":\"required name=search_term_string\"}],\"inLanguage\":\"es-AR\"},{\"@type\":\"WebPage\",\"@id\":\"https:\/\/sa.ssttiming.com\/es\/contact-us\/client-list\/#webpage\",\"url\":\"https:\/\/sa.ssttiming.com\/es\/contact-us\/client-list\/\",\"name\":\"Nossos usu\u00e1rios - Superior Swim Timing\",\"isPartOf\":{\"@id\":\"https:\/\/sa.ssttiming.com\/#website\"},\"datePublished\":\"2013-08-28T19:36:38+00:00\",\"dateModified\":\"2021-04-14T18:01:47+00:00\",\"breadcrumb\":{\"@id\":\"https:\/\/sa.ssttiming.com\/es\/contact-us\/client-list\/#breadcrumb\"},\"inLanguage\":\"es-AR\",\"potentialAction\":[{\"@type\":\"ReadAction\",\"target\":[\"https:\/\/sa.ssttiming.com\/es\/contact-us\/client-list\/\"]}]},{\"@type\":\"BreadcrumbList\",\"@id\":\"https:\/\/sa.ssttiming.com\/es\/contact-us\/client-list\/#breadcrumb\",\"itemListElement\":[{\"@type\":\"ListItem\",\"position\":1,\"name\":\"Home\",\"item\":\"https:\/\/sa.ssttiming.com\/\"},{\"@type\":\"ListItem\",\"position\":2,\"name\":\"Sobre n\u00f3s\",\"item\":\"https:\/\/sa.ssttiming.com\/es\/contact-us\/\"},{\"@type\":\"ListItem\",\"position\":3,\"name\":\"Nossos usu\u00e1rios\"}]}]}<\/script>\n<!-- \/ Yoast SEO plugin. -->","yoast_head_json":{"title":"Nossos usu\u00e1rios - Superior Swim Timing","robots":{"index":"index","follow":"follow","max-snippet":"max-snippet:-1","max-image-preview":"max-image-preview:large","max-video-preview":"max-video-preview:-1"},"canonical":"https:\/\/sa.ssttiming.com\/es\/contact-us\/client-list\/","og_locale":"es_ES","og_type":"article","og_title":"Nossos usu\u00e1rios - Superior Swim Timing","og_description":"Esta \u00e9 apenas uma lista parcial de clientes. FLORIDA The Bolles School &#8211; Jacksonville, FL Nata\u00e7\u00e3o em Daytona Beach &#8211; Daytona Beach, FL Gatos da piscina do San Jose Country Club &#8211; Jacksonville, FL St Augustine Swim Team &#8211; Saint Augustine, FL Bartram Trail High School &#8211;","og_url":"https:\/\/sa.ssttiming.com\/es\/contact-us\/client-list\/","og_site_name":"Superior Swim Timing","article_publisher":"https:\/\/www.facebook.com\/SSTTiming\/","article_modified_time":"2021-04-14T18:01:47+00:00","twitter_card":"summary","twitter_misc":{"Tiempo de lectura":"1 minuto"},"schema":{"@context":"https:\/\/schema.org","@graph":[{"@type":"Organization","@id":"https:\/\/sa.ssttiming.com\/#organization","name":"Tiempo de nataci\u00f3n superior","url":"https:\/\/sa.ssttiming.com\/","sameAs":["https:\/\/www.facebook.com\/SSTTiming\/"],"logo":{"@type":"ImageObject","@id":"https:\/\/sa.ssttiming.com\/#logo","inLanguage":"es-AR","url":"https:\/\/sa.ssttiming.com\/wp-content\/uploads\/2013\/08\/SSTlogo1.png","contentUrl":"https:\/\/sa.ssttiming.com\/wp-content\/uploads\/2013\/08\/SSTlogo1.png","width":893,"height":150,"caption":"Superior Swim Timing"},"image":{"@id":"https:\/\/sa.ssttiming.com\/#logo"}},{"@type":"WebSite","@id":"https:\/\/sa.ssttiming.com\/#website","url":"https:\/\/sa.ssttiming.com\/","name":"Tiempo de nataci\u00f3n superior","description":"Una soluci\u00f3n de tempo acess\u00edvel e com recursos completos","publisher":{"@id":"https:\/\/sa.ssttiming.com\/#organization"},"potentialAction":[{"@type":"SearchAction","target":{"@type":"EntryPoint","urlTemplate":"https:\/\/sa.ssttiming.com\/?s={search_term_string}"},"query-input":"required name=search_term_string"}],"inLanguage":"es-AR"},{"@type":"WebPage","@id":"https:\/\/sa.ssttiming.com\/es\/contact-us\/client-list\/#webpage","url":"https:\/\/sa.ssttiming.com\/es\/contact-us\/client-list\/","name":"Nossos usu\u00e1rios - Superior Swim Timing","isPartOf":{"@id":"https:\/\/sa.ssttiming.com\/#website"},"datePublished":"2013-08-28T19:36:38+00:00","dateModified":"2021-04-14T18:01:47+00:00","breadcrumb":{"@id":"https:\/\/sa.ssttiming.com\/es\/contact-us\/client-list\/#breadcrumb"},"inLanguage":"es-AR","potentialAction":[{"@type":"ReadAction","target":["https:\/\/sa.ssttiming.com\/es\/contact-us\/client-list\/"]}]},{"@type":"BreadcrumbList","@id":"https:\/\/sa.ssttiming.com\/es\/contact-us\/client-list\/#breadcrumb","itemListElement":[{"@type":"ListItem","position":1,"name":"Home","item":"https:\/\/sa.ssttiming.com\/"},{"@type":"ListItem","position":2,"name":"Sobre n\u00f3s","item":"https:\/\/sa.ssttiming.com\/es\/contact-us\/"},{"@type":"ListItem","position":3,"name":"Nossos usu\u00e1rios"}]}]}},"_links":{"self":[{"href":"https:\/\/sa.ssttiming.com\/es\/wp-json\/wp\/v2\/pages\/75"}],"collection":[{"href":"https:\/\/sa.ssttiming.com\/es\/wp-json\/wp\/v2\/pages"}],"about":[{"href":"https:\/\/sa.ssttiming.com\/es\/wp-json\/wp\/v2\/types\/page"}],"author":[{"embeddable":true,"href":"https:\/\/sa.ssttiming.com\/es\/wp-json\/wp\/v2\/users\/2"}],"replies":[{"embeddable":true,"href":"https:\/\/sa.ssttiming.com\/es\/wp-json\/wp\/v2\/comments?post=75"}],"version-history":[{"count":18,"href":"https:\/\/sa.ssttiming.com\/es\/wp-json\/wp\/v2\/pages\/75\/revisions"}],"predecessor-version":[{"id":828,"href":"https:\/\/sa.ssttiming.com\/es\/wp-json\/wp\/v2\/pages\/75\/revisions\/828"}],"up":[{"embeddable":true,"href":"https:\/\/sa.ssttiming.com\/es\/wp-json\/wp\/v2\/pages\/95"}],"wp:attachment":[{"href":"https:\/\/sa.ssttiming.com\/es\/wp-json\/wp\/v2\/media?parent=75"}],"curies":[{"name":"wp","href":"https:\/\/api.w.org\/{rel}","templated":true}]}}