{"id":78,"date":"2013-08-28T16:05:18","date_gmt":"2013-08-28T20:05:18","guid":{"rendered":"http:\/\/www.superiorswimtiming.com\/SwimFast\/?page_id=78"},"modified":"2021-04-16T19:11:56","modified_gmt":"2021-04-16T23:11:56","slug":"pricing","status":"publish","type":"page","link":"https:\/\/sa.ssttiming.com\/es\/pricing\/","title":{"rendered":"Pre\u00e7os"},"content":{"rendered":"<p>Superior Swim Timing s\u00f3 vender\u00e1 produtos que n\u00f3s constru\u00edmos e permite que voc\u00ea compre produtos b\u00e1sicos sem qualquer marca\u00e7\u00e3o adicional. Programas de nata\u00e7\u00e3o, sejam eles col\u00e9gios, ligas de ver\u00e3o, times de clubes de nata\u00e7\u00e3o ou faculdades, sempre t\u00eam um or\u00e7amento apertado e queremos oferecer a voc\u00ea o melhor valor dispon\u00edvel. Somos muito flex\u00edveis e podemos criar cabos e interfaces de cabos para combinar com o que voc\u00ea tem atualmente.<\/p>\n<p>&nbsp;<\/p>\n<table>\n<tbody>\n<tr>\n<td width=\"319\">Pacote de console de cronometragem SST<\/p>\n<p>Estojo temporizador \u00e0 prova d&#8217;\u00e1gua<\/td>\n<td width=\"96\">u$s2.500.00<\/p>\n<p style=\"text-align: center;\">u$s100.00<\/p>\n<\/td>\n<\/tr>\n<tr>\n<td width=\"319\">Arrancador Atlantis<\/td>\n<td width=\"96\">\u00a0 \u00a0 \u00a0u$s1549.00<\/td>\n<\/tr>\n<tr>\n<td width=\"319\">\u00a0 \u00a0 \u00a0 Microfone Adicional<\/td>\n<td width=\"96\">\u00a0 \u00a0 \u00a0 \u00a0u$s169.00<\/td>\n<\/tr>\n<tr>\n<td width=\"319\">\u00a0 \u00a0 \u00a0 Suporte para poste \/ parede com\u00a0 \u00a0 \u00a0 \u00a0desconex\u00e3o r\u00e1pida<\/td>\n<td width=\"96\">\u00a0u$s349.00<\/td>\n<\/tr>\n<tr>\n<td width=\"319\">\u00a0 \u00a0 \u00a0 Estrobosc\u00f3pio Externo<\/td>\n<td width=\"96\">\u00a0u$s299.00<\/td>\n<\/tr>\n<tr>\n<td width=\"319\">Arn\u00eas de faixa imperme\u00e1vel de 6 pistas<\/td>\n<td width=\"96\">\u00a0 \u00a0 \u00a0u$s1000.00<\/td>\n<\/tr>\n<tr>\n<td width=\"319\">Arn\u00eas de faixa imperme\u00e1vel de 8 pistas<\/td>\n<td width=\"96\">\u00a0 \u00a0 \u00a0u$s1100.00<\/td>\n<\/tr>\n<tr>\n<td width=\"319\">Arn\u00eas de faixa imperme\u00e1vel de 10 pistas<\/td>\n<td width=\"96\">\u00a0 \u00a0 \u00a0u$s1200.00<\/td>\n<\/tr>\n<tr>\n<td width=\"319\">Adaptador de plugue \u00e0 prova d&#8217;\u00e1gua para banana<\/td>\n<td width=\"96\">\u00a0u$s30.00<\/td>\n<\/tr>\n<tr>\n<td width=\"319\">Bot\u00f5es imperme\u00e1veis<\/td>\n<td width=\"96\">\u00a0u$s80.00<\/td>\n<\/tr>\n<tr>\n<td width=\"319\">Bot\u00e3o com conector de plugue banana<\/td>\n<td width=\"96\">\u00a0u$s80.00<\/td>\n<\/tr>\n<tr>\n<td width=\"319\">Cabo de partida \u00e0 prova d&#8217;\u00e1gua com plugue de \u00bc &#8220;(40 p\u00e9s)<\/td>\n<td width=\"96\">\u00a0 \u00a0 \u00a0 \u00a0u$s100.00<\/td>\n<\/tr>\n<tr>\n<td width=\"319\">Inicie o cabo com plugue banana (40 p\u00e9s)<\/td>\n<td width=\"96\">\u00a0 \u00a0 \u00a0 \u00a0u$s100.00<\/td>\n<\/tr>\n<tr>\n<td width=\"319\">Adaptador de placar (para uso com cron\u00f4metros mais antigos)<\/td>\n<td width=\"96\">\u00a0u$s250.00<\/td>\n<\/tr>\n<tr>\n<td width=\"319\">Arn\u00eas de alto-falantes de 6 pistas<\/td>\n<td width=\"96\">\u00a0 \u00a0 \u00a0u$s500.00<\/td>\n<\/tr>\n<tr>\n<td width=\"319\">Arn\u00eas de alto-falantes de 8 pistas<\/td>\n<td width=\"96\">\u00a0 \u00a0 \u00a0u$s600.00<\/td>\n<\/tr>\n<tr>\n<td width=\"319\">Arn\u00eas de alto-falantes de 10 pistas<\/td>\n<td width=\"96\">\u00a0u$s750.00<\/td>\n<\/tr>\n<tr>\n<td width=\"319\">Alto-falante individual<\/td>\n<td width=\"96\">\u00a0 \u00a0 \u00a0 \u00a0u$s140.00<\/td>\n<\/tr>\n<\/tbody>\n<\/table>\n<p>&nbsp;<\/p>","protected":false},"excerpt":{"rendered":"<p>Superior Swim Timing s\u00f3 vender\u00e1 produtos que n\u00f3s constru\u00edmos e permite que voc\u00ea compre produtos b\u00e1sicos sem qualquer marca\u00e7\u00e3o adicional. Programas de nata\u00e7\u00e3o, sejam eles col\u00e9gios, ligas de ver\u00e3o, times de clubes de nata\u00e7\u00e3o ou faculdades, sempre t\u00eam um or\u00e7amento apertado e queremos oferecer a voc\u00ea o<\/p>","protected":false},"author":2,"featured_media":0,"parent":0,"menu_order":0,"comment_status":"closed","ping_status":"closed","template":"","meta":[],"yoast_head":"<!-- This site is optimized with the Yoast SEO plugin v18.4.1 - https:\/\/yoast.com\/wordpress\/plugins\/seo\/ -->\n<title>Pre\u00e7os - Superior Swim Timing<\/title>\n<meta name=\"robots\" content=\"index, follow, max-snippet:-1, max-image-preview:large, max-video-preview:-1\" \/>\n<link rel=\"canonical\" href=\"https:\/\/sa.ssttiming.com\/es\/pricing\/\" \/>\n<meta property=\"og:locale\" content=\"es_ES\" \/>\n<meta property=\"og:type\" content=\"article\" \/>\n<meta property=\"og:title\" content=\"Pre\u00e7os - Superior Swim Timing\" \/>\n<meta property=\"og:description\" content=\"Superior Swim Timing s\u00f3 vender\u00e1 produtos que n\u00f3s constru\u00edmos e permite que voc\u00ea compre produtos b\u00e1sicos sem qualquer marca\u00e7\u00e3o adicional. Programas de nata\u00e7\u00e3o, sejam eles col\u00e9gios, ligas de ver\u00e3o, times de clubes de nata\u00e7\u00e3o ou faculdades, sempre t\u00eam um or\u00e7amento apertado e queremos oferecer a voc\u00ea o\" \/>\n<meta property=\"og:url\" content=\"https:\/\/sa.ssttiming.com\/es\/pricing\/\" \/>\n<meta property=\"og:site_name\" content=\"Superior Swim Timing\" \/>\n<meta property=\"article:publisher\" content=\"https:\/\/www.facebook.com\/SSTTiming\/\" \/>\n<meta property=\"article:modified_time\" content=\"2021-04-16T23:11:56+00:00\" \/>\n<meta name=\"twitter:card\" content=\"summary\" \/>\n<meta name=\"twitter:label1\" content=\"Tiempo de lectura\" \/>\n\t<meta name=\"twitter:data1\" content=\"1 minuto\" \/>\n<script type=\"application\/ld+json\" class=\"yoast-schema-graph\">{\"@context\":\"https:\/\/schema.org\",\"@graph\":[{\"@type\":\"Organization\",\"@id\":\"https:\/\/sa.ssttiming.com\/#organization\",\"name\":\"Superior Swim Timing\",\"url\":\"https:\/\/sa.ssttiming.com\/\",\"sameAs\":[\"https:\/\/www.facebook.com\/SSTTiming\/\"],\"logo\":{\"@type\":\"ImageObject\",\"@id\":\"https:\/\/sa.ssttiming.com\/#logo\",\"inLanguage\":\"es-AR\",\"url\":\"https:\/\/sa.ssttiming.com\/wp-content\/uploads\/2013\/08\/SSTlogo1.png\",\"contentUrl\":\"https:\/\/sa.ssttiming.com\/wp-content\/uploads\/2013\/08\/SSTlogo1.png\",\"width\":893,\"height\":150,\"caption\":\"Superior Swim Timing\"},\"image\":{\"@id\":\"https:\/\/sa.ssttiming.com\/#logo\"}},{\"@type\":\"WebSite\",\"@id\":\"https:\/\/sa.ssttiming.com\/#website\",\"url\":\"https:\/\/sa.ssttiming.com\/\",\"name\":\"Superior Swim Timing\",\"description\":\"A solu\u00e7\u00e3o de tempo acess\u00edvel e com recursos completos\",\"publisher\":{\"@id\":\"https:\/\/sa.ssttiming.com\/#organization\"},\"potentialAction\":[{\"@type\":\"SearchAction\",\"target\":{\"@type\":\"EntryPoint\",\"urlTemplate\":\"https:\/\/sa.ssttiming.com\/?s={search_term_string}\"},\"query-input\":\"required name=search_term_string\"}],\"inLanguage\":\"es-AR\"},{\"@type\":\"WebPage\",\"@id\":\"https:\/\/sa.ssttiming.com\/pricing\/#webpage\",\"url\":\"https:\/\/sa.ssttiming.com\/pricing\/\",\"name\":\"Pre\u00e7os - Superior Swim Timing\",\"isPartOf\":{\"@id\":\"https:\/\/sa.ssttiming.com\/#website\"},\"datePublished\":\"2013-08-28T20:05:18+00:00\",\"dateModified\":\"2021-04-16T23:11:56+00:00\",\"breadcrumb\":{\"@id\":\"https:\/\/sa.ssttiming.com\/pricing\/#breadcrumb\"},\"inLanguage\":\"es-AR\",\"potentialAction\":[{\"@type\":\"ReadAction\",\"target\":[\"https:\/\/sa.ssttiming.com\/pricing\/\"]}]},{\"@type\":\"BreadcrumbList\",\"@id\":\"https:\/\/sa.ssttiming.com\/pricing\/#breadcrumb\",\"itemListElement\":[{\"@type\":\"ListItem\",\"position\":1,\"name\":\"Home\",\"item\":\"https:\/\/sa.ssttiming.com\/\"},{\"@type\":\"ListItem\",\"position\":2,\"name\":\"Pre\u00e7os\"}]}]}<\/script>\n<!-- \/ Yoast SEO plugin. -->","yoast_head_json":{"title":"Pre\u00e7os - Superior Swim Timing","robots":{"index":"index","follow":"follow","max-snippet":"max-snippet:-1","max-image-preview":"max-image-preview:large","max-video-preview":"max-video-preview:-1"},"canonical":"https:\/\/sa.ssttiming.com\/es\/pricing\/","og_locale":"es_ES","og_type":"article","og_title":"Pre\u00e7os - Superior Swim Timing","og_description":"Superior Swim Timing s\u00f3 vender\u00e1 produtos que n\u00f3s constru\u00edmos e permite que voc\u00ea compre produtos b\u00e1sicos sem qualquer marca\u00e7\u00e3o adicional. Programas de nata\u00e7\u00e3o, sejam eles col\u00e9gios, ligas de ver\u00e3o, times de clubes de nata\u00e7\u00e3o ou faculdades, sempre t\u00eam um or\u00e7amento apertado e queremos oferecer a voc\u00ea o","og_url":"https:\/\/sa.ssttiming.com\/es\/pricing\/","og_site_name":"Superior Swim Timing","article_publisher":"https:\/\/www.facebook.com\/SSTTiming\/","article_modified_time":"2021-04-16T23:11:56+00:00","twitter_card":"summary","twitter_misc":{"Tiempo de lectura":"1 minuto"},"schema":{"@context":"https:\/\/schema.org","@graph":[{"@type":"Organization","@id":"https:\/\/sa.ssttiming.com\/#organization","name":"Tiempo de nataci\u00f3n superior","url":"https:\/\/sa.ssttiming.com\/","sameAs":["https:\/\/www.facebook.com\/SSTTiming\/"],"logo":{"@type":"ImageObject","@id":"https:\/\/sa.ssttiming.com\/#logo","inLanguage":"es-AR","url":"https:\/\/sa.ssttiming.com\/wp-content\/uploads\/2013\/08\/SSTlogo1.png","contentUrl":"https:\/\/sa.ssttiming.com\/wp-content\/uploads\/2013\/08\/SSTlogo1.png","width":893,"height":150,"caption":"Superior Swim Timing"},"image":{"@id":"https:\/\/sa.ssttiming.com\/#logo"}},{"@type":"WebSite","@id":"https:\/\/sa.ssttiming.com\/#website","url":"https:\/\/sa.ssttiming.com\/","name":"Tiempo de nataci\u00f3n superior","description":"Una soluci\u00f3n de tempo acess\u00edvel e com recursos completos","publisher":{"@id":"https:\/\/sa.ssttiming.com\/#organization"},"potentialAction":[{"@type":"SearchAction","target":{"@type":"EntryPoint","urlTemplate":"https:\/\/sa.ssttiming.com\/?s={search_term_string}"},"query-input":"required name=search_term_string"}],"inLanguage":"es-AR"},{"@type":"WebPage","@id":"https:\/\/sa.ssttiming.com\/pricing\/#webpage","url":"https:\/\/sa.ssttiming.com\/pricing\/","name":"Pre\u00e7os - Superior Swim Timing","isPartOf":{"@id":"https:\/\/sa.ssttiming.com\/#website"},"datePublished":"2013-08-28T20:05:18+00:00","dateModified":"2021-04-16T23:11:56+00:00","breadcrumb":{"@id":"https:\/\/sa.ssttiming.com\/pricing\/#breadcrumb"},"inLanguage":"es-AR","potentialAction":[{"@type":"ReadAction","target":["https:\/\/sa.ssttiming.com\/pricing\/"]}]},{"@type":"BreadcrumbList","@id":"https:\/\/sa.ssttiming.com\/pricing\/#breadcrumb","itemListElement":[{"@type":"ListItem","position":1,"name":"Home","item":"https:\/\/sa.ssttiming.com\/"},{"@type":"ListItem","position":2,"name":"Pre\u00e7os"}]}]}},"_links":{"self":[{"href":"https:\/\/sa.ssttiming.com\/es\/wp-json\/wp\/v2\/pages\/78"}],"collection":[{"href":"https:\/\/sa.ssttiming.com\/es\/wp-json\/wp\/v2\/pages"}],"about":[{"href":"https:\/\/sa.ssttiming.com\/es\/wp-json\/wp\/v2\/types\/page"}],"author":[{"embeddable":true,"href":"https:\/\/sa.ssttiming.com\/es\/wp-json\/wp\/v2\/users\/2"}],"replies":[{"embeddable":true,"href":"https:\/\/sa.ssttiming.com\/es\/wp-json\/wp\/v2\/comments?post=78"}],"version-history":[{"count":43,"href":"https:\/\/sa.ssttiming.com\/es\/wp-json\/wp\/v2\/pages\/78\/revisions"}],"predecessor-version":[{"id":863,"href":"https:\/\/sa.ssttiming.com\/es\/wp-json\/wp\/v2\/pages\/78\/revisions\/863"}],"wp:attachment":[{"href":"https:\/\/sa.ssttiming.com\/es\/wp-json\/wp\/v2\/media?parent=78"}],"curies":[{"name":"wp","href":"https:\/\/api.w.org\/{rel}","templated":true}]}}