{"id":95,"date":"2013-08-29T13:01:03","date_gmt":"2013-08-29T17:01:03","guid":{"rendered":"http:\/\/www.superiorswimtiming.com\/SwimFast\/?page_id=95"},"modified":"2021-04-14T13:15:00","modified_gmt":"2021-04-14T17:15:00","slug":"contact-us","status":"publish","type":"page","link":"https:\/\/sa.ssttiming.com\/es\/contact-us\/","title":{"rendered":"Sobre n\u00f3s"},"content":{"rendered":"<p>O Superior Swim Timing foi criado a partir da necessidade de um sistema de cronometragem de nata\u00e7\u00e3o eficiente e f\u00e1cil de usar, que n\u00e3o compromete a funcionalidade. Estamos empenhados em fornecer solu\u00e7\u00f5es de cronometragem precisas para eventos de nata\u00e7\u00e3o em todo o mundo.<\/p>\n<p>Contate-Nos!<\/p>\n<div class=\"frm_forms  with_frm_style frm_style_formidable-style\" id=\"frm_form_7_container\" >\n<form enctype=\"multipart\/form-data\" method=\"post\" class=\"frm-show-form  frm_js_validate  frm_pro_form \" id=\"form_contact3\"  >\n<div class=\"frm_form_fields \">\n<fieldset>\n\r\n<div class=\"frm_fields_container\">\n<input type=\"hidden\" name=\"frm_action\" value=\"create\" \/>\n<input type=\"hidden\" name=\"form_id\" value=\"7\" \/>\n<input type=\"hidden\" name=\"frm_hide_fields_7\" id=\"frm_hide_fields_7\" value=\"\" \/>\n<input type=\"hidden\" name=\"form_key\" value=\"contact3\" \/>\n<input type=\"hidden\" name=\"item_meta[0]\" value=\"\" \/>\n<input type=\"hidden\" id=\"frm_submit_entry_7\" name=\"frm_submit_entry_7\" value=\"97eb1a3506\" \/><input type=\"hidden\" name=\"_wp_http_referer\" value=\"\/es\/wp-json\/wp\/v2\/pages\/95\" \/><div id=\"frm_field_90_container\" class=\"frm_form_field form-field  frm_required_field frm_top_container frm_first_half\">\r\n    <label class=\"frm_primary_label\">Nome\r\n        <span class=\"frm_required\">*<\/span>\r\n    <\/label>\r\n    <input type=\"text\" id=\"field_9s0hlb3\" name=\"item_meta[90]\" value=\"\"  data-reqmsg=\"This field cannot be blank.\" aria-required=\"true\" data-invmsg=\"Name is invalid\" aria-invalid=\"false\"   aria-describedby=\"frm_desc_field_9s0hlb3\"\/>\r\n    <div id=\"frm_desc_field_9s0hlb3\" class=\"frm_description\">First<\/div>\r\n    \r\n<\/div>\n<div id=\"frm_field_91_container\" class=\"frm_form_field form-field  frm_required_field frm_hidden_container frm_last_half\">\r\n    <label class=\"frm_primary_label\">Sobrenome\r\n        <span class=\"frm_required\">*<\/span>\r\n    <\/label>\r\n    <input type=\"text\" id=\"field_2nae6j3\" name=\"item_meta[91]\" value=\"\"  data-reqmsg=\"This field cannot be blank.\" aria-required=\"true\" data-invmsg=\"Last is invalid\" aria-invalid=\"false\"   aria-describedby=\"frm_desc_field_2nae6j3\"\/>\r\n    <div id=\"frm_desc_field_2nae6j3\" class=\"frm_description\">Last<\/div>\r\n    \r\n<\/div>\n<div id=\"frm_field_92_container\" class=\"frm_form_field form-field  frm_required_field frm_top_container frm_first_two_thirds frm_first_half\">\r\n    <label class=\"frm_primary_label\">Email\r\n        <span class=\"frm_required\">*<\/span>\r\n    <\/label>\r\n    <input type=\"email\" id=\"field_jrlsct3\" name=\"item_meta[92]\" value=\"\"  data-reqmsg=\"This field cannot be blank.\" aria-required=\"true\" data-invmsg=\"Please enter a valid email address\" aria-invalid=\"false\"  \/>\r\n    \r\n    \r\n<\/div>\n<div id=\"frm_field_106_container\" class=\"frm_form_field form-field  frm_required_field frm_top_container\">\r\n    <label for=\"field_q0k5j0\" class=\"frm_primary_label\">Equipo\r\n        <span class=\"frm_required\">*<\/span>\r\n    <\/label>\r\n    <input type=\"text\" id=\"field_q0k5j0\" name=\"item_meta[106]\" value=\"\"  data-reqmsg=\"This field cannot be blank.\" aria-required=\"true\" data-invmsg=\"Team is invalid\" aria-invalid=\"false\"  \/>\r\n    \r\n    \r\n<\/div>\n<div id=\"frm_field_270_container\" class=\"frm_form_field form-field  frm_top_container\">\r\n    <label for=\"field_ou5ee8\" class=\"frm_primary_label\">Como voc\u00ea ficou sabendo sobre n\u00f3s?\r\n        <span class=\"frm_required\"><\/span>\r\n    <\/label>\r\n    <input type=\"text\" id=\"field_ou5ee8\" name=\"item_meta[270]\" value=\"\"  data-invmsg=\"How did you hear about us? is invalid\" aria-invalid=\"false\"  \/>\r\n    \r\n    \r\n<\/div>\n<div id=\"frm_field_94_container\" class=\"frm_form_field form-field  frm_required_field frm_top_container frm_first_two_thirds\">\r\n    <label class=\"frm_primary_label\">Asunto\r\n        <span class=\"frm_required\">*<\/span>\r\n    <\/label>\r\n    <input type=\"text\" id=\"field_wguaux3\" name=\"item_meta[94]\" value=\"\"  data-reqmsg=\"This field cannot be blank.\" aria-required=\"true\" data-invmsg=\"Subject is invalid\" aria-invalid=\"false\"  \/>\r\n    \r\n    \r\n<\/div>\n<div id=\"frm_field_95_container\" class=\"frm_form_field form-field  frm_required_field frm_top_container frm_full frm_first_half\">\r\n    <label class=\"frm_primary_label\">Mensagem\r\n        <span class=\"frm_required\">*<\/span>\r\n    <\/label>\r\n    <textarea name=\"item_meta[95]\" id=\"field_a8hbet3\" rows=\"5\"  data-reqmsg=\"This field cannot be blank.\" aria-required=\"true\" data-invmsg=\"Mensagem is invalid\" aria-invalid=\"false\"  ><\/textarea>\r\n    \r\n    \r\n<\/div>\n<div id=\"frm_field_278_container\" class=\"frm_form_field form-field  frm_top_container\">\r\n    <label for=\"g-recaptcha-response\" class=\"frm_primary_label\">reCAPTCHA\r\n        <span class=\"frm_required\"><\/span>\r\n    <\/label>\r\n    <div id=\"field_hd7o8\" class=\"g-recaptcha\" data-sitekey=\"6LclNAkUAAAAAHUSXVb3L3Ji5kDMZtftfWP_qsR8\" data-size=\"normal\" data-theme=\"light\"><\/div>\r\n    \r\n    \r\n<\/div>\n<input type=\"hidden\" name=\"item_key\" value=\"\" \/>\n\t<div class=\"frm_verify\" >\n\t<label for=\"frm_email_7\">\n\t\tIf you are human, leave this field blank.\t<\/label>\n\t<input type=\"email\" class=\"frm_verify\" id=\"frm_email_7\" name=\"frm_verify\" value=\"\"  \/>\n<\/div>\n\t\t<div class=\"frm_submit\">\r\n\r\n<input type=\"submit\" value=\"Submit\"  class=\"frm_final_submit\" formnovalidate=\"formnovalidate\" \/>\r\n<img class=\"frm_ajax_loading\" src=\"https:\/\/ssttiming.com\/wp-content\/plugins\/formidable\/images\/ajax_loader.gif\" alt=\"Sending\"\/>\r\n\r\n<\/div><\/div>\n<\/fieldset>\n<\/div>\n<\/form>\n<\/div>\n\n","protected":false},"excerpt":{"rendered":"<p>O Superior Swim Timing foi criado a partir da necessidade de um sistema de cronometragem de nata\u00e7\u00e3o eficiente e f\u00e1cil de usar, que n\u00e3o compromete a funcionalidade. Estamos empenhados em fornecer solu\u00e7\u00f5es de cronometragem precisas para eventos de nata\u00e7\u00e3o em todo o mundo. Contate-Nos!<\/p>","protected":false},"author":2,"featured_media":0,"parent":0,"menu_order":0,"comment_status":"closed","ping_status":"closed","template":"","meta":[],"yoast_head":"<!-- This site is optimized with the Yoast SEO plugin v18.4.1 - https:\/\/yoast.com\/wordpress\/plugins\/seo\/ -->\n<title>Sobre n\u00f3s - Superior Swim Timing<\/title>\n<meta name=\"robots\" content=\"index, follow, max-snippet:-1, max-image-preview:large, max-video-preview:-1\" \/>\n<link rel=\"canonical\" href=\"https:\/\/sa.ssttiming.com\/es\/contact-us\/\" \/>\n<meta property=\"og:locale\" content=\"es_ES\" \/>\n<meta property=\"og:type\" content=\"article\" \/>\n<meta property=\"og:title\" content=\"Sobre n\u00f3s - Superior Swim Timing\" \/>\n<meta property=\"og:description\" content=\"O Superior Swim Timing foi criado a partir da necessidade de um sistema de cronometragem de nata\u00e7\u00e3o eficiente e f\u00e1cil de usar, que n\u00e3o compromete a funcionalidade. Estamos empenhados em fornecer solu\u00e7\u00f5es de cronometragem precisas para eventos de nata\u00e7\u00e3o em todo o mundo. Contate-Nos!\" \/>\n<meta property=\"og:url\" content=\"https:\/\/sa.ssttiming.com\/es\/contact-us\/\" \/>\n<meta property=\"og:site_name\" content=\"Superior Swim Timing\" \/>\n<meta property=\"article:publisher\" content=\"https:\/\/www.facebook.com\/SSTTiming\/\" \/>\n<meta property=\"article:modified_time\" content=\"2021-04-14T17:15:00+00:00\" \/>\n<meta name=\"twitter:card\" content=\"summary\" \/>\n<meta name=\"twitter:label1\" content=\"Tiempo de lectura\" \/>\n\t<meta name=\"twitter:data1\" content=\"1 minuto\" \/>\n<script type=\"application\/ld+json\" class=\"yoast-schema-graph\">{\"@context\":\"https:\/\/schema.org\",\"@graph\":[{\"@type\":\"Organization\",\"@id\":\"https:\/\/sa.ssttiming.com\/#organization\",\"name\":\"Superior Swim Timing\",\"url\":\"https:\/\/sa.ssttiming.com\/\",\"sameAs\":[\"https:\/\/www.facebook.com\/SSTTiming\/\"],\"logo\":{\"@type\":\"ImageObject\",\"@id\":\"https:\/\/sa.ssttiming.com\/#logo\",\"inLanguage\":\"es-AR\",\"url\":\"https:\/\/sa.ssttiming.com\/wp-content\/uploads\/2013\/08\/SSTlogo1.png\",\"contentUrl\":\"https:\/\/sa.ssttiming.com\/wp-content\/uploads\/2013\/08\/SSTlogo1.png\",\"width\":893,\"height\":150,\"caption\":\"Superior Swim Timing\"},\"image\":{\"@id\":\"https:\/\/sa.ssttiming.com\/#logo\"}},{\"@type\":\"WebSite\",\"@id\":\"https:\/\/sa.ssttiming.com\/#website\",\"url\":\"https:\/\/sa.ssttiming.com\/\",\"name\":\"Superior Swim Timing\",\"description\":\"A solu\u00e7\u00e3o de tempo acess\u00edvel e com recursos completos\",\"publisher\":{\"@id\":\"https:\/\/sa.ssttiming.com\/#organization\"},\"potentialAction\":[{\"@type\":\"SearchAction\",\"target\":{\"@type\":\"EntryPoint\",\"urlTemplate\":\"https:\/\/sa.ssttiming.com\/?s={search_term_string}\"},\"query-input\":\"required name=search_term_string\"}],\"inLanguage\":\"es-AR\"},{\"@type\":\"WebPage\",\"@id\":\"https:\/\/sa.ssttiming.com\/es\/contact-us\/#webpage\",\"url\":\"https:\/\/sa.ssttiming.com\/es\/contact-us\/\",\"name\":\"Sobre n\u00f3s - Superior Swim Timing\",\"isPartOf\":{\"@id\":\"https:\/\/sa.ssttiming.com\/#website\"},\"datePublished\":\"2013-08-29T17:01:03+00:00\",\"dateModified\":\"2021-04-14T17:15:00+00:00\",\"breadcrumb\":{\"@id\":\"https:\/\/sa.ssttiming.com\/es\/contact-us\/#breadcrumb\"},\"inLanguage\":\"es-AR\",\"potentialAction\":[{\"@type\":\"ReadAction\",\"target\":[\"https:\/\/sa.ssttiming.com\/es\/contact-us\/\"]}]},{\"@type\":\"BreadcrumbList\",\"@id\":\"https:\/\/sa.ssttiming.com\/es\/contact-us\/#breadcrumb\",\"itemListElement\":[{\"@type\":\"ListItem\",\"position\":1,\"name\":\"Home\",\"item\":\"https:\/\/sa.ssttiming.com\/\"},{\"@type\":\"ListItem\",\"position\":2,\"name\":\"Sobre n\u00f3s\"}]}]}<\/script>\n<!-- \/ Yoast SEO plugin. -->","yoast_head_json":{"title":"Sobre n\u00f3s - Superior Swim Timing","robots":{"index":"index","follow":"follow","max-snippet":"max-snippet:-1","max-image-preview":"max-image-preview:large","max-video-preview":"max-video-preview:-1"},"canonical":"https:\/\/sa.ssttiming.com\/es\/contact-us\/","og_locale":"es_ES","og_type":"article","og_title":"Sobre n\u00f3s - Superior Swim Timing","og_description":"O Superior Swim Timing foi criado a partir da necessidade de um sistema de cronometragem de nata\u00e7\u00e3o eficiente e f\u00e1cil de usar, que n\u00e3o compromete a funcionalidade. Estamos empenhados em fornecer solu\u00e7\u00f5es de cronometragem precisas para eventos de nata\u00e7\u00e3o em todo o mundo. Contate-Nos!","og_url":"https:\/\/sa.ssttiming.com\/es\/contact-us\/","og_site_name":"Superior Swim Timing","article_publisher":"https:\/\/www.facebook.com\/SSTTiming\/","article_modified_time":"2021-04-14T17:15:00+00:00","twitter_card":"summary","twitter_misc":{"Tiempo de lectura":"1 minuto"},"schema":{"@context":"https:\/\/schema.org","@graph":[{"@type":"Organization","@id":"https:\/\/sa.ssttiming.com\/#organization","name":"Tiempo de nataci\u00f3n superior","url":"https:\/\/sa.ssttiming.com\/","sameAs":["https:\/\/www.facebook.com\/SSTTiming\/"],"logo":{"@type":"ImageObject","@id":"https:\/\/sa.ssttiming.com\/#logo","inLanguage":"es-AR","url":"https:\/\/sa.ssttiming.com\/wp-content\/uploads\/2013\/08\/SSTlogo1.png","contentUrl":"https:\/\/sa.ssttiming.com\/wp-content\/uploads\/2013\/08\/SSTlogo1.png","width":893,"height":150,"caption":"Superior Swim Timing"},"image":{"@id":"https:\/\/sa.ssttiming.com\/#logo"}},{"@type":"WebSite","@id":"https:\/\/sa.ssttiming.com\/#website","url":"https:\/\/sa.ssttiming.com\/","name":"Tiempo de nataci\u00f3n superior","description":"Una soluci\u00f3n de tempo acess\u00edvel e com recursos completos","publisher":{"@id":"https:\/\/sa.ssttiming.com\/#organization"},"potentialAction":[{"@type":"SearchAction","target":{"@type":"EntryPoint","urlTemplate":"https:\/\/sa.ssttiming.com\/?s={search_term_string}"},"query-input":"required name=search_term_string"}],"inLanguage":"es-AR"},{"@type":"WebPage","@id":"https:\/\/sa.ssttiming.com\/es\/contact-us\/#webpage","url":"https:\/\/sa.ssttiming.com\/es\/contact-us\/","name":"Sobre n\u00f3s - Superior Swim Timing","isPartOf":{"@id":"https:\/\/sa.ssttiming.com\/#website"},"datePublished":"2013-08-29T17:01:03+00:00","dateModified":"2021-04-14T17:15:00+00:00","breadcrumb":{"@id":"https:\/\/sa.ssttiming.com\/es\/contact-us\/#breadcrumb"},"inLanguage":"es-AR","potentialAction":[{"@type":"ReadAction","target":["https:\/\/sa.ssttiming.com\/es\/contact-us\/"]}]},{"@type":"BreadcrumbList","@id":"https:\/\/sa.ssttiming.com\/es\/contact-us\/#breadcrumb","itemListElement":[{"@type":"ListItem","position":1,"name":"Home","item":"https:\/\/sa.ssttiming.com\/"},{"@type":"ListItem","position":2,"name":"Sobre n\u00f3s"}]}]}},"_links":{"self":[{"href":"https:\/\/sa.ssttiming.com\/es\/wp-json\/wp\/v2\/pages\/95"}],"collection":[{"href":"https:\/\/sa.ssttiming.com\/es\/wp-json\/wp\/v2\/pages"}],"about":[{"href":"https:\/\/sa.ssttiming.com\/es\/wp-json\/wp\/v2\/types\/page"}],"author":[{"embeddable":true,"href":"https:\/\/sa.ssttiming.com\/es\/wp-json\/wp\/v2\/users\/2"}],"replies":[{"embeddable":true,"href":"https:\/\/sa.ssttiming.com\/es\/wp-json\/wp\/v2\/comments?post=95"}],"version-history":[{"count":8,"href":"https:\/\/sa.ssttiming.com\/es\/wp-json\/wp\/v2\/pages\/95\/revisions"}],"predecessor-version":[{"id":801,"href":"https:\/\/sa.ssttiming.com\/es\/wp-json\/wp\/v2\/pages\/95\/revisions\/801"}],"wp:attachment":[{"href":"https:\/\/sa.ssttiming.com\/es\/wp-json\/wp\/v2\/media?parent=95"}],"curies":[{"name":"wp","href":"https:\/\/api.w.org\/{rel}","templated":true}]}}